{"id":1439,"date":"2022-11-14T13:26:21","date_gmt":"2022-11-14T12:26:21","guid":{"rendered":"https:\/\/fentissimoliving.ba\/?post_type=product&#038;p=1439"},"modified":"2024-11-11T08:36:58","modified_gmt":"2024-11-11T07:36:58","slug":"sophie","status":"publish","type":"product","link":"https:\/\/fentissimoliving.ba\/en\/proizvod\/sophie\/","title":{"rendered":"Sophie"},"content":{"rendered":"<h3 class=\"accordion_title\"> <\/h3><div class=\"accordion\">\n<div id=\"accordion-2859953108\" class=\"accordion-item\"><a id=\"accordion-2859953108-label\" href=\"#\" class=\"accordion-title plain\" aria-expanded=\"false\" aria-controls=\"accordion-2859953108-content\"><button class=\"toggle\" aria-label=\"Toggle\"><i class=\"icon-angle-down\"><\/i><\/button><span>Opis<\/span><\/a><div id=\"accordion-2859953108-content\" class=\"accordion-inner\" aria-labelledby=\"accordion-2859953108-label\">\n<p><span style=\"color: #333333;\">Sophie ima elegantan izgled zahvaljuju\u0107i fiksnim sjedalima i \u0161irokim naslonima za ruke. Robusni oblik ovog modela u kombinaciji s visokim nogarima daje \u010dvrst i stabilan osje\u0107aj.<\/span><\/p>\n<p><span style=\"color: #333333;\">Model Sophie dostupan je u razli\u010ditim vrstama tkanina, gdje mo\u017eete birati izme\u0111u raznih boja. Sophie se mo\u017ee izraditi kao <span style=\"color: #282828;\">fotelja, dvosjed, trosjed, ugaona sofa sa mogu\u0107nosti kombinovanja dijelova i dimenzija. Uvijek postoji verzija koja odgovara va\u0161em enterijeru!<\/span><\/span><\/p>\n<\/div><\/div>\n<div id=\"accordion-2921764865\" class=\"accordion-item\"><a id=\"accordion-2921764865-label\" href=\"#\" class=\"accordion-title plain\" aria-expanded=\"false\" aria-controls=\"accordion-2921764865-content\"><button class=\"toggle\" aria-label=\"Toggle\"><i class=\"icon-angle-down\"><\/i><\/button><span>Tehni\u010dke informacije<\/span><\/a><div id=\"accordion-2921764865-content\" class=\"accordion-inner\" aria-labelledby=\"accordion-2921764865-label\">\n<p><span style=\"color: #333333;\"><strong>Standardne dimenzije:<\/strong><\/span><\/p>\n<p><span style=\"color: #333333;\">Visina: 83 cm<\/span><br \/>\n<span style=\"color: #333333;\">Visina sjedi\u0161ta: 40 cm<\/span><br \/>\n<span style=\"color: #333333;\">Dubina sjedi\u0161ta: 61 cm<\/span><\/p>\n<\/div><\/div>\n<\/div>\n","protected":false},"excerpt":{"rendered":"<p style=\"text-align: left;\"><span style=\"color: #333333;\">U nastavku imate mogu\u0107nost da sami sebi konfiguri\u0161ete sofu po svojim \u017eeljama i potrebama.<\/span><\/p>\n<p><img loading=\"lazy\" decoding=\"async\" class=\"alignnone size-full wp-image-3804 alignright\" src=\"https:\/\/fentissimoliving.ba\/wp-content\/uploads\/2022\/11\/made_in_bih.jpg\" alt=\"\" width=\"150\" height=\"83\"><\/p>\n","protected":false},"featured_media":5343,"template":"","meta":{"ngg_post_thumbnail":0},"product_cat":[119],"product_tag":[],"class_list":["post-1439","product","type-product","status-publish","has-post-thumbnail","hentry","product_cat-sofe"],"composite_virtual":false,"composite_layout":"progressive","composite_add_to_cart_form_location":"after_summary","composite_editable_in_cart":true,"composite_sold_individually_context":"product","composite_shop_price_calc":"hidden","composite_components":[{"id":"1668433757","title":"Sjedalo bez stranica","description":"","query_type":"product_ids","query_ids":[1445],"default_option_id":1445,"thumbnail_id":"","thumbnail_src":"","quantity_min":0,"quantity_max":10,"priced_individually":true,"shipped_individually":false,"optional":false,"discount":"","options_style":"dropdowns","pagination_style":"classic","display_prices":"absolute","show_sorting_options":false,"show_filtering_options":false,"attribute_filter_ids":[],"product_title_visible":false,"product_descr_visible":true,"product_price_visible":true,"product_thumb_visible":true,"subtotal_visible_product":true,"subtotal_visible_cart":true,"subtotal_visible_orders":true},{"id":"1668434448","title":"Duplo sjedi\u0161te bez stranica","description":"","query_type":"product_ids","query_ids":[1456],"default_option_id":1456,"thumbnail_id":"","thumbnail_src":"","quantity_min":0,"quantity_max":10,"priced_individually":true,"shipped_individually":false,"optional":false,"discount":"","options_style":"dropdowns","pagination_style":"classic","display_prices":"absolute","show_sorting_options":false,"show_filtering_options":false,"attribute_filter_ids":[],"product_title_visible":false,"product_descr_visible":true,"product_price_visible":true,"product_thumb_visible":true,"subtotal_visible_product":true,"subtotal_visible_cart":true,"subtotal_visible_orders":true},{"id":"1668434951","title":"Sjedi\u0161te sa lijevom stranicom","description":"","query_type":"product_ids","query_ids":[1466],"default_option_id":1466,"thumbnail_id":"","thumbnail_src":"","quantity_min":0,"quantity_max":10,"priced_individually":true,"shipped_individually":false,"optional":false,"discount":"","options_style":"dropdowns","pagination_style":"classic","display_prices":"absolute","show_sorting_options":false,"show_filtering_options":false,"attribute_filter_ids":[],"product_title_visible":false,"product_descr_visible":true,"product_price_visible":true,"product_thumb_visible":true,"subtotal_visible_product":true,"subtotal_visible_cart":true,"subtotal_visible_orders":true},{"id":"1668435213","title":"Sjedi\u0161te sa desnom stranicom","description":"","query_type":"product_ids","query_ids":[1476],"default_option_id":1476,"thumbnail_id":"","thumbnail_src":"","quantity_min":0,"quantity_max":10,"priced_individually":true,"shipped_individually":false,"optional":false,"discount":"","options_style":"dropdowns","pagination_style":"classic","display_prices":"absolute","show_sorting_options":false,"show_filtering_options":false,"attribute_filter_ids":[],"product_title_visible":false,"product_descr_visible":true,"product_price_visible":true,"product_thumb_visible":true,"subtotal_visible_product":true,"subtotal_visible_cart":true,"subtotal_visible_orders":true},{"id":"1668435749","title":"Duplo sjedi\u0161te sa lijevom stranicom","description":"","query_type":"product_ids","query_ids":[1486],"default_option_id":1486,"thumbnail_id":"","thumbnail_src":"","quantity_min":0,"quantity_max":10,"priced_individually":true,"shipped_individually":false,"optional":false,"discount":"","options_style":"dropdowns","pagination_style":"classic","display_prices":"absolute","show_sorting_options":false,"show_filtering_options":false,"attribute_filter_ids":[],"product_title_visible":false,"product_descr_visible":true,"product_price_visible":true,"product_thumb_visible":true,"subtotal_visible_product":true,"subtotal_visible_cart":true,"subtotal_visible_orders":true},{"id":"1668435821","title":"Duplo sjedi\u0161te sa desnom stranicom","description":"","query_type":"product_ids","query_ids":[1496],"default_option_id":1496,"thumbnail_id":"","thumbnail_src":"","quantity_min":0,"quantity_max":10,"priced_individually":true,"shipped_individually":false,"optional":false,"discount":"","options_style":"dropdowns","pagination_style":"classic","display_prices":"absolute","show_sorting_options":false,"show_filtering_options":false,"attribute_filter_ids":[],"product_title_visible":false,"product_descr_visible":true,"product_price_visible":true,"product_thumb_visible":true,"subtotal_visible_product":true,"subtotal_visible_cart":true,"subtotal_visible_orders":true},{"id":"1668437423","title":"Dvosjed","description":"","query_type":"product_ids","query_ids":[1516],"default_option_id":1516,"thumbnail_id":"","thumbnail_src":"","quantity_min":0,"quantity_max":10,"priced_individually":true,"shipped_individually":false,"optional":false,"discount":"","options_style":"dropdowns","pagination_style":"classic","display_prices":"absolute","show_sorting_options":false,"show_filtering_options":false,"attribute_filter_ids":[],"product_title_visible":false,"product_descr_visible":true,"product_price_visible":true,"product_thumb_visible":true,"subtotal_visible_product":true,"subtotal_visible_cart":true,"subtotal_visible_orders":true},{"id":"1668438903","title":"Divan - lijevi","description":"","query_type":"product_ids","query_ids":[1527],"default_option_id":1527,"thumbnail_id":"","thumbnail_src":"","quantity_min":0,"quantity_max":10,"priced_individually":true,"shipped_individually":false,"optional":false,"discount":"","options_style":"dropdowns","pagination_style":"classic","display_prices":"absolute","show_sorting_options":false,"show_filtering_options":false,"attribute_filter_ids":[],"product_title_visible":false,"product_descr_visible":true,"product_price_visible":true,"product_thumb_visible":true,"subtotal_visible_product":true,"subtotal_visible_cart":true,"subtotal_visible_orders":true},{"id":"1668438904","title":"Divan - desni","description":"","query_type":"product_ids","query_ids":[1535],"default_option_id":1535,"thumbnail_id":"","thumbnail_src":"","quantity_min":0,"quantity_max":10,"priced_individually":true,"shipped_individually":false,"optional":false,"discount":"","options_style":"dropdowns","pagination_style":"classic","display_prices":"absolute","show_sorting_options":false,"show_filtering_options":false,"attribute_filter_ids":[],"product_title_visible":false,"product_descr_visible":true,"product_price_visible":true,"product_thumb_visible":true,"subtotal_visible_product":true,"subtotal_visible_cart":true,"subtotal_visible_orders":true},{"id":"1669677644","title":"Otoman - lijevi ","description":"","query_type":"product_ids","query_ids":[3867],"default_option_id":3867,"thumbnail_id":"","thumbnail_src":"","quantity_min":0,"quantity_max":10,"priced_individually":true,"shipped_individually":false,"optional":false,"discount":"","options_style":"dropdowns","pagination_style":"classic","display_prices":"absolute","show_sorting_options":false,"show_filtering_options":false,"attribute_filter_ids":[],"product_title_visible":false,"product_descr_visible":true,"product_price_visible":true,"product_thumb_visible":true,"subtotal_visible_product":true,"subtotal_visible_cart":true,"subtotal_visible_orders":true},{"id":"1668439911","title":"Otoman - desni","description":"","query_type":"product_ids","query_ids":[1543],"default_option_id":1543,"thumbnail_id":"","thumbnail_src":"","quantity_min":0,"quantity_max":10,"priced_individually":true,"shipped_individually":false,"optional":false,"discount":"","options_style":"dropdowns","pagination_style":"classic","display_prices":"absolute","show_sorting_options":false,"show_filtering_options":false,"attribute_filter_ids":[],"product_title_visible":false,"product_descr_visible":true,"product_price_visible":true,"product_thumb_visible":true,"subtotal_visible_product":true,"subtotal_visible_cart":true,"subtotal_visible_orders":true},{"id":"1669677785","title":"Otoman terminal - lijevi","description":"","query_type":"product_ids","query_ids":[3903],"default_option_id":3903,"thumbnail_id":"","thumbnail_src":"","quantity_min":0,"quantity_max":10,"priced_individually":true,"shipped_individually":false,"optional":false,"discount":"","options_style":"dropdowns","pagination_style":"classic","display_prices":"absolute","show_sorting_options":false,"show_filtering_options":false,"attribute_filter_ids":[],"product_title_visible":false,"product_descr_visible":true,"product_price_visible":true,"product_thumb_visible":true,"subtotal_visible_product":true,"subtotal_visible_cart":true,"subtotal_visible_orders":true},{"id":"1668440196","title":"Otoman terminal - desni","description":"","query_type":"product_ids","query_ids":[1550],"default_option_id":1550,"thumbnail_id":"","thumbnail_src":"","quantity_min":0,"quantity_max":10,"priced_individually":true,"shipped_individually":false,"optional":false,"discount":"","options_style":"dropdowns","pagination_style":"classic","display_prices":"absolute","show_sorting_options":false,"show_filtering_options":false,"attribute_filter_ids":[],"product_title_visible":false,"product_descr_visible":true,"product_price_visible":true,"product_thumb_visible":true,"subtotal_visible_product":true,"subtotal_visible_cart":true,"subtotal_visible_orders":true},{"id":"1668437322","title":"Fotelja","description":"","query_type":"product_ids","query_ids":[1506],"default_option_id":1506,"thumbnail_id":"","thumbnail_src":"","quantity_min":0,"quantity_max":10,"priced_individually":true,"shipped_individually":false,"optional":false,"discount":"","options_style":"dropdowns","pagination_style":"classic","display_prices":"absolute","show_sorting_options":false,"show_filtering_options":false,"attribute_filter_ids":[],"product_title_visible":false,"product_descr_visible":true,"product_price_visible":true,"product_thumb_visible":true,"subtotal_visible_product":true,"subtotal_visible_cart":true,"subtotal_visible_orders":true},{"id":"1668440505","title":"Ugao","description":"","query_type":"product_ids","query_ids":[1558],"default_option_id":1558,"thumbnail_id":"","thumbnail_src":"","quantity_min":0,"quantity_max":10,"priced_individually":true,"shipped_individually":false,"optional":false,"discount":"","options_style":"dropdowns","pagination_style":"classic","display_prices":"absolute","show_sorting_options":false,"show_filtering_options":false,"attribute_filter_ids":[],"product_title_visible":false,"product_descr_visible":true,"product_price_visible":true,"product_thumb_visible":true,"subtotal_visible_product":true,"subtotal_visible_cart":true,"subtotal_visible_orders":true},{"id":"1668440758","title":"Tabure","description":"","query_type":"product_ids","query_ids":[1562],"default_option_id":1562,"thumbnail_id":"","thumbnail_src":"","quantity_min":0,"quantity_max":10,"priced_individually":true,"shipped_individually":false,"optional":false,"discount":"","options_style":"dropdowns","pagination_style":"classic","display_prices":"absolute","show_sorting_options":false,"show_filtering_options":false,"attribute_filter_ids":[],"product_title_visible":false,"product_descr_visible":true,"product_price_visible":true,"product_thumb_visible":true,"subtotal_visible_product":true,"subtotal_visible_cart":true,"subtotal_visible_orders":true},{"id":"1668434496","title":"\u0160ifra \u0161tofa","description":"","query_type":"product_ids","query_ids":[1257],"default_option_id":1257,"thumbnail_id":"","thumbnail_src":"","quantity_min":1,"quantity_max":1,"priced_individually":false,"shipped_individually":false,"optional":false,"discount":"","options_style":"dropdowns","pagination_style":"classic","display_prices":"absolute","show_sorting_options":false,"show_filtering_options":false,"attribute_filter_ids":[],"product_title_visible":false,"product_descr_visible":true,"product_price_visible":true,"product_thumb_visible":false,"subtotal_visible_product":true,"subtotal_visible_cart":true,"subtotal_visible_orders":true}],"composite_scenarios":[],"yoast_head":"<!-- This site is optimized with the Yoast SEO plugin v20.9 - https:\/\/yoast.com\/wordpress\/plugins\/seo\/ -->\n<title>Sophie - Fentissimo Living<\/title>\n<meta name=\"robots\" content=\"index, follow, max-snippet:-1, max-image-preview:large, max-video-preview:-1\" \/>\n<link rel=\"canonical\" href=\"https:\/\/fentissimoliving.ba\/proizvod\/sophie\/\" \/>\n<meta property=\"og:locale\" content=\"en_US\" \/>\n<meta property=\"og:type\" content=\"article\" \/>\n<meta property=\"og:title\" content=\"Sophie - Fentissimo Living\" \/>\n<meta property=\"og:description\" content=\"U nastavku imate mogu\u0107nost da sami sebi konfiguri\u0161ete sofu po svojim \u017eeljama i potrebama.\" \/>\n<meta property=\"og:url\" content=\"https:\/\/fentissimoliving.ba\/proizvod\/sophie\/\" \/>\n<meta property=\"og:site_name\" content=\"Fentissimo Living\" \/>\n<meta property=\"article:modified_time\" content=\"2024-11-11T07:36:58+00:00\" \/>\n<meta property=\"og:image\" content=\"https:\/\/fentissimoliving.ba\/wp-content\/uploads\/2022\/11\/Sofie1.jpg\" \/>\n\t<meta property=\"og:image:width\" content=\"1200\" \/>\n\t<meta property=\"og:image:height\" content=\"800\" \/>\n\t<meta property=\"og:image:type\" content=\"image\/jpeg\" \/>\n<meta name=\"twitter:card\" content=\"summary_large_image\" \/>\n<meta name=\"twitter:label1\" content=\"Est. reading time\" \/>\n\t<meta name=\"twitter:data1\" content=\"1 minute\" \/>\n<script type=\"application\/ld+json\" class=\"yoast-schema-graph\">{\"@context\":\"https:\/\/schema.org\",\"@graph\":[{\"@type\":\"WebPage\",\"@id\":\"https:\/\/fentissimoliving.ba\/proizvod\/sophie\/\",\"url\":\"https:\/\/fentissimoliving.ba\/proizvod\/sophie\/\",\"name\":\"Sophie - Fentissimo Living\",\"isPartOf\":{\"@id\":\"https:\/\/fentissimoliving.ba\/#website\"},\"datePublished\":\"2022-11-14T12:26:21+00:00\",\"dateModified\":\"2024-11-11T07:36:58+00:00\",\"breadcrumb\":{\"@id\":\"https:\/\/fentissimoliving.ba\/proizvod\/sophie\/#breadcrumb\"},\"inLanguage\":\"en-US\",\"potentialAction\":[{\"@type\":\"ReadAction\",\"target\":[\"https:\/\/fentissimoliving.ba\/proizvod\/sophie\/\"]}]},{\"@type\":\"BreadcrumbList\",\"@id\":\"https:\/\/fentissimoliving.ba\/proizvod\/sophie\/#breadcrumb\",\"itemListElement\":[{\"@type\":\"ListItem\",\"position\":1,\"name\":\"Home\",\"item\":\"https:\/\/fentissimoliving.ba\/\"},{\"@type\":\"ListItem\",\"position\":2,\"name\":\"Proizvodi\",\"item\":\"https:\/\/fentissimoliving.ba\/shop\/\"},{\"@type\":\"ListItem\",\"position\":3,\"name\":\"Sophie\"}]},{\"@type\":\"WebSite\",\"@id\":\"https:\/\/fentissimoliving.ba\/#website\",\"url\":\"https:\/\/fentissimoliving.ba\/\",\"name\":\"Fentissimo Living\",\"description\":\"Online trgovina\",\"potentialAction\":[{\"@type\":\"SearchAction\",\"target\":{\"@type\":\"EntryPoint\",\"urlTemplate\":\"https:\/\/fentissimoliving.ba\/?s={search_term_string}\"},\"query-input\":\"required name=search_term_string\"}],\"inLanguage\":\"en-US\"}]}<\/script>\n<!-- \/ Yoast SEO plugin. -->","yoast_head_json":{"title":"Sophie - Fentissimo Living","robots":{"index":"index","follow":"follow","max-snippet":"max-snippet:-1","max-image-preview":"max-image-preview:large","max-video-preview":"max-video-preview:-1"},"canonical":"https:\/\/fentissimoliving.ba\/proizvod\/sophie\/","og_locale":"en_US","og_type":"article","og_title":"Sophie - Fentissimo Living","og_description":"U nastavku imate mogu\u0107nost da sami sebi konfiguri\u0161ete sofu po svojim \u017eeljama i potrebama.","og_url":"https:\/\/fentissimoliving.ba\/proizvod\/sophie\/","og_site_name":"Fentissimo Living","article_modified_time":"2024-11-11T07:36:58+00:00","og_image":[{"width":1200,"height":800,"url":"https:\/\/fentissimoliving.ba\/wp-content\/uploads\/2022\/11\/Sofie1.jpg","type":"image\/jpeg"}],"twitter_card":"summary_large_image","twitter_misc":{"Est. reading time":"1 minute"},"schema":{"@context":"https:\/\/schema.org","@graph":[{"@type":"WebPage","@id":"https:\/\/fentissimoliving.ba\/proizvod\/sophie\/","url":"https:\/\/fentissimoliving.ba\/proizvod\/sophie\/","name":"Sophie - Fentissimo Living","isPartOf":{"@id":"https:\/\/fentissimoliving.ba\/#website"},"datePublished":"2022-11-14T12:26:21+00:00","dateModified":"2024-11-11T07:36:58+00:00","breadcrumb":{"@id":"https:\/\/fentissimoliving.ba\/proizvod\/sophie\/#breadcrumb"},"inLanguage":"en-US","potentialAction":[{"@type":"ReadAction","target":["https:\/\/fentissimoliving.ba\/proizvod\/sophie\/"]}]},{"@type":"BreadcrumbList","@id":"https:\/\/fentissimoliving.ba\/proizvod\/sophie\/#breadcrumb","itemListElement":[{"@type":"ListItem","position":1,"name":"Home","item":"https:\/\/fentissimoliving.ba\/"},{"@type":"ListItem","position":2,"name":"Proizvodi","item":"https:\/\/fentissimoliving.ba\/shop\/"},{"@type":"ListItem","position":3,"name":"Sophie"}]},{"@type":"WebSite","@id":"https:\/\/fentissimoliving.ba\/#website","url":"https:\/\/fentissimoliving.ba\/","name":"Fentissimo Living","description":"Online trgovina","potentialAction":[{"@type":"SearchAction","target":{"@type":"EntryPoint","urlTemplate":"https:\/\/fentissimoliving.ba\/?s={search_term_string}"},"query-input":"required name=search_term_string"}],"inLanguage":"en-US"}]}},"_links":{"self":[{"href":"https:\/\/fentissimoliving.ba\/en\/wp-json\/wp\/v2\/product\/1439","targetHints":{"allow":["GET"]}}],"collection":[{"href":"https:\/\/fentissimoliving.ba\/en\/wp-json\/wp\/v2\/product"}],"about":[{"href":"https:\/\/fentissimoliving.ba\/en\/wp-json\/wp\/v2\/types\/product"}],"wp:featuredmedia":[{"embeddable":true,"href":"https:\/\/fentissimoliving.ba\/en\/wp-json\/wp\/v2\/media\/5343"}],"wp:attachment":[{"href":"https:\/\/fentissimoliving.ba\/en\/wp-json\/wp\/v2\/media?parent=1439"}],"wp:term":[{"taxonomy":"product_cat","embeddable":true,"href":"https:\/\/fentissimoliving.ba\/en\/wp-json\/wp\/v2\/product_cat?post=1439"},{"taxonomy":"product_tag","embeddable":true,"href":"https:\/\/fentissimoliving.ba\/en\/wp-json\/wp\/v2\/product_tag?post=1439"}],"curies":[{"name":"wp","href":"https:\/\/api.w.org\/{rel}","templated":true}]}}