{"id":1701,"date":"2022-11-14T17:25:05","date_gmt":"2022-11-14T16:25:05","guid":{"rendered":"https:\/\/fentissimoliving.ba\/?post_type=product&#038;p=1701"},"modified":"2025-01-28T09:57:16","modified_gmt":"2025-01-28T08:57:16","slug":"krevet-classico","status":"publish","type":"product","link":"https:\/\/fentissimoliving.ba\/en\/proizvod\/krevet-classico\/","title":{"rendered":"Classico"},"content":{"rendered":"<div class=\"accordion\">\n<div id=\"accordion-3077357841\" class=\"accordion-item\"><a id=\"accordion-3077357841-label\" href=\"#\" class=\"accordion-title plain\" aria-expanded=\"false\" aria-controls=\"accordion-3077357841-content\"><button class=\"toggle\" aria-label=\"Toggle\"><i class=\"icon-angle-down\"><\/i><\/button><span>Opis<\/span><\/a><div id=\"accordion-3077357841-content\" class=\"accordion-inner\" aria-labelledby=\"accordion-3077357841-label\">\n<p><span style=\"color: #333333;\">Tapacirani krevet Classico pored svog modernog izgleda, pru\u017ea i prakti\u010dnost. Dvije latice\/sanduka omogu\u0107avaju dodatni prostor u spava\u0107oj sobi za odlaganje jastuka i jorgana. Odaberite vrstu\/tvrdo\u0107u madraca, latoflex le\u017eaj tako \u0161to \u0107ete ih prilagoditi svojim \u017eeljama za spavanje. Odredite materijal i boju po svom ukusu, odabirom \u0161tofa iz ponu\u0111ene kolekcije tkanina.<\/span><\/p>\n<\/div><\/div>\n<div id=\"accordion-2655937276\" class=\"accordion-item\"><a id=\"accordion-2655937276-label\" href=\"#\" class=\"accordion-title plain\" aria-expanded=\"false\" aria-controls=\"accordion-2655937276-content\"><button class=\"toggle\" aria-label=\"Toggle\"><i class=\"icon-angle-down\"><\/i><\/button><span>Tehni\u010dke informacije<\/span><\/a><div id=\"accordion-2655937276-content\" class=\"accordion-inner\" aria-labelledby=\"accordion-2655937276-label\">\n<p><span style=\"color: #333333;\">U nastavku slijede tehni\u010dke informacije za tapacirani krevet Classico dimenzije 180-200<\/span><\/p>\n<p><span style=\"color: #333333;\"><strong>Ukupna du\u017eina kreveta sa uzglavljem:<\/strong>&nbsp;218 cm<\/span><\/p>\n<p><span style=\"color: #333333;\"><strong>Ukupna visina kreveta (sa nogar, baza, madrac, nadmadrac):<\/strong>&nbsp;62 cm<\/span><\/p>\n<h3><span style=\"color: #333333;\"><strong><u>Baza (box)<\/u><\/strong><\/span><\/h3>\n<p><span style=\"color: #333333;\">Boxspring box je baza kreveta tj. postolje. Postolje se pravi od drvenih dijelova i od spu\u017eve. Njihova uskla\u0111enost pove\u0107ava udobnost spavanja.<\/span><\/p>\n<h3><span style=\"color: #333333;\"><strong><u>Madrac:<\/u><\/strong><\/span><\/h3>\n<p><span style=\"color: #333333;\">Madrac potone 7 cm u okvir kreveta.<\/span><\/p>\n<p><span style=\"color: #333333;\"><strong>Tvrdo\u0107e:<\/strong><\/span><\/p>\n<p><span style=\"color: #333333;\">&nbsp;Tvrdo\u0107e:<\/span><\/p>\n<p><span style=\"color: #333333;\">H2\/H3 do 110 kg<\/span><\/p>\n<p><span style=\"color: #333333;\">H4 do 130 kg<\/span><\/p>\n<p><span style=\"color: #333333;\">H5 preko 130 kg<\/span><\/p>\n<p><span style=\"color: #333333;\"><strong>Savjet:<\/strong>&nbsp;Radi o\u010duvanja kvaliteta, madrac je potrebno okretati svakih 60 dana.<\/span><\/p>\n<h3><span style=\"color: #333333;\"><strong><u>Nadmadrac<\/u><\/strong><\/span><\/h3>\n<p><span style=\"color: #333333;\"><u>Nadmadrac Basic Line HR Pjena<\/u><\/span><\/p>\n<ul>\n<li><span style=\"color: #333333;\">Visokokvalitetna i prozra\u010dna HR hladna pjena<\/span><\/li>\n<li><span style=\"color: #333333;\">Visina jezgra 4 cm, ukupna visina 6 cm<\/span><\/li>\n<li><span style=\"color: #333333;\">Platno antialergijsko i antibakterijsko (navlaka periva na 60 C)<\/span><\/li>\n<li><span style=\"color: #333333;\">Ozra\u010dna traka<\/span><\/li>\n<\/ul>\n<h3><span style=\"color: #333333;\"><strong><u>Uzglavlje:<\/u><\/strong><\/span><\/h3>\n<p><span style=\"color: #333333;\">Dimenzije:<\/span><\/p>\n<ul>\n<li><span style=\"color: #333333;\">Visina 128cm (umanjiti se mo\u017ee za 9cm)<\/span><\/li>\n<li><span style=\"color: #333333;\">\u0160irina 200cm (ne mo\u017ee se suziti na \u0161irinu kreveta)<\/span><\/li>\n<li><span style=\"color: #333333;\">Debljina 14cm (ona je fiksna)<\/span><\/li>\n<\/ul>\n<h3><span style=\"color: #333333;\"><strong><u>Nogari:<\/u><\/strong><\/span><\/h3>\n<p><span style=\"color: #333333;\">Alupoliert 12 cm 4 komada<\/span><\/p>\n<p><span style=\"color: #333333;\">Drveni nogari 6x6x12 4 komada<\/span><\/p>\n<h3><span style=\"color: #333333;\"><strong><u>Latoflexi<\/u><\/strong><\/span><\/h3>\n<p><span style=\"color: #333333;\">Latoflexi 28 i Natur<\/span><\/p>\n<\/div><\/div>\n<div id=\"accordion-2843169127\" class=\"accordion-item\"><a id=\"accordion-2843169127-label\" href=\"#\" class=\"accordion-title plain\" aria-expanded=\"false\" aria-controls=\"accordion-2843169127-content\"><button class=\"toggle\" aria-label=\"Toggle\"><i class=\"icon-angle-down\"><\/i><\/button><span>Napomena<\/span><\/a><div id=\"accordion-2843169127-content\" class=\"accordion-inner\" aria-labelledby=\"accordion-2843169127-label\">\n<p><span style=\"color: #333333;\"><strong>U cijenu proizvoda je uklju\u010deno:<\/strong><\/span><\/p>\n<ul>\n<li><span style=\"color: #333333;\">Uzglavlje<\/span><\/li>\n<li><span style=\"color: #333333;\">Baza<\/span><\/li>\n<li><span style=\"color: #333333;\">Nogari<\/span><\/li>\n<\/ul>\n<p><span style=\"color: #333333;\"><strong>U cijenu proizvoda nije uklju\u010deno:<\/strong><\/span><\/p>\n<ul>\n<li><span style=\"color: #333333;\">Madraci<\/span><\/li>\n<li><span style=\"color: #333333;\">Latoflexi<\/span><\/li>\n<li><span style=\"color: #333333;\"><span style=\"color: #333333;\">Tvrdo\u0107a madraca H5 za koju slijedi doplata od:<\/span><\/span>&nbsp;<span style=\"color: #333333;\">&#8211; 30 KM (na dimenzije 80\/90\/100-200\/210\/220)<\/span><br \/>\n<span style=\"color: #333333;\">&#8211; 60 KM (na dimenzije 120\/140\/160\/180\/200-200\/210\/220)<\/span><\/li>\n<\/ul>\n<p><span style=\"color: #333333;\"><\/div><\/div><\/span><\/p>\n<\/div>\n","protected":false},"excerpt":{"rendered":"<p style=\"text-align: left;\"><span style=\"color: #333333;\">U nastavku imate mogu\u0107nost da sami sebi konfiguri\u0161ete krevet po svojim \u017eeljama i potrebama.<\/span><\/p>\n<p><img loading=\"lazy\" decoding=\"async\" class=\"alignnone size-full wp-image-3978 alignright\" src=\"https:\/\/fentissimoliving.ba\/wp-content\/uploads\/2022\/11\/made-in-bih.png\" alt=\"\" width=\"150\" height=\"94\"><\/p>\n","protected":false},"featured_media":1703,"template":"","meta":{"ngg_post_thumbnail":0},"product_cat":[15],"product_tag":[],"class_list":["post-1701","product","type-product","status-publish","has-post-thumbnail","hentry","product_cat-kreveti"],"composite_virtual":false,"composite_layout":"progressive","composite_add_to_cart_form_location":"after_summary","composite_editable_in_cart":true,"composite_sold_individually_context":"product","composite_shop_price_calc":"hidden","composite_components":[{"id":"1668449457","title":"Classico","description":"","query_type":"product_ids","query_ids":[1706],"default_option_id":1706,"thumbnail_id":"","thumbnail_src":"","quantity_min":0,"quantity_max":10,"priced_individually":true,"shipped_individually":false,"optional":false,"discount":"","options_style":"dropdowns","pagination_style":"classic","display_prices":"absolute","show_sorting_options":false,"show_filtering_options":false,"attribute_filter_ids":[],"product_title_visible":false,"product_descr_visible":true,"product_price_visible":true,"product_thumb_visible":false,"subtotal_visible_product":true,"subtotal_visible_cart":true,"subtotal_visible_orders":true},{"id":"1668449521","title":"\u0160tof","description":"","query_type":"product_ids","query_ids":[1257],"default_option_id":1257,"thumbnail_id":"","thumbnail_src":"","quantity_min":0,"quantity_max":1,"priced_individually":false,"shipped_individually":false,"optional":false,"discount":"","options_style":"dropdowns","pagination_style":"classic","display_prices":"absolute","show_sorting_options":false,"show_filtering_options":false,"attribute_filter_ids":[],"product_title_visible":false,"product_descr_visible":true,"product_price_visible":true,"product_thumb_visible":false,"subtotal_visible_product":true,"subtotal_visible_cart":true,"subtotal_visible_orders":true}],"composite_scenarios":[],"yoast_head":"<!-- This site is optimized with the Yoast SEO plugin v20.9 - https:\/\/yoast.com\/wordpress\/plugins\/seo\/ -->\n<title>Classico - Fentissimo Living<\/title>\n<meta name=\"robots\" content=\"index, follow, max-snippet:-1, max-image-preview:large, max-video-preview:-1\" \/>\n<link rel=\"canonical\" href=\"https:\/\/fentissimoliving.ba\/proizvod\/krevet-classico\/\" \/>\n<meta property=\"og:locale\" content=\"en_US\" \/>\n<meta property=\"og:type\" content=\"article\" \/>\n<meta property=\"og:title\" content=\"Classico - Fentissimo Living\" \/>\n<meta property=\"og:description\" content=\"U nastavku imate mogu\u0107nost da sami sebi konfiguri\u0161ete krevet po svojim \u017eeljama i potrebama.\" \/>\n<meta property=\"og:url\" content=\"https:\/\/fentissimoliving.ba\/proizvod\/krevet-classico\/\" \/>\n<meta property=\"og:site_name\" content=\"Fentissimo Living\" \/>\n<meta property=\"article:modified_time\" content=\"2025-01-28T08:57:16+00:00\" \/>\n<meta property=\"og:image\" content=\"https:\/\/fentissimoliving.ba\/wp-content\/uploads\/2022\/11\/1666358620657.jpg\" \/>\n\t<meta property=\"og:image:width\" content=\"1200\" \/>\n\t<meta property=\"og:image:height\" content=\"800\" \/>\n\t<meta property=\"og:image:type\" content=\"image\/jpeg\" \/>\n<meta name=\"twitter:card\" content=\"summary_large_image\" \/>\n<meta name=\"twitter:label1\" content=\"Est. reading time\" \/>\n\t<meta name=\"twitter:data1\" content=\"2 minutes\" \/>\n<script type=\"application\/ld+json\" class=\"yoast-schema-graph\">{\"@context\":\"https:\/\/schema.org\",\"@graph\":[{\"@type\":\"WebPage\",\"@id\":\"https:\/\/fentissimoliving.ba\/proizvod\/krevet-classico\/\",\"url\":\"https:\/\/fentissimoliving.ba\/proizvod\/krevet-classico\/\",\"name\":\"Classico - Fentissimo Living\",\"isPartOf\":{\"@id\":\"https:\/\/fentissimoliving.ba\/#website\"},\"datePublished\":\"2022-11-14T16:25:05+00:00\",\"dateModified\":\"2025-01-28T08:57:16+00:00\",\"breadcrumb\":{\"@id\":\"https:\/\/fentissimoliving.ba\/proizvod\/krevet-classico\/#breadcrumb\"},\"inLanguage\":\"en-US\",\"potentialAction\":[{\"@type\":\"ReadAction\",\"target\":[\"https:\/\/fentissimoliving.ba\/proizvod\/krevet-classico\/\"]}]},{\"@type\":\"BreadcrumbList\",\"@id\":\"https:\/\/fentissimoliving.ba\/proizvod\/krevet-classico\/#breadcrumb\",\"itemListElement\":[{\"@type\":\"ListItem\",\"position\":1,\"name\":\"Home\",\"item\":\"https:\/\/fentissimoliving.ba\/\"},{\"@type\":\"ListItem\",\"position\":2,\"name\":\"Proizvodi\",\"item\":\"https:\/\/fentissimoliving.ba\/shop\/\"},{\"@type\":\"ListItem\",\"position\":3,\"name\":\"Classico\"}]},{\"@type\":\"WebSite\",\"@id\":\"https:\/\/fentissimoliving.ba\/#website\",\"url\":\"https:\/\/fentissimoliving.ba\/\",\"name\":\"Fentissimo Living\",\"description\":\"Online trgovina\",\"potentialAction\":[{\"@type\":\"SearchAction\",\"target\":{\"@type\":\"EntryPoint\",\"urlTemplate\":\"https:\/\/fentissimoliving.ba\/?s={search_term_string}\"},\"query-input\":\"required name=search_term_string\"}],\"inLanguage\":\"en-US\"}]}<\/script>\n<!-- \/ Yoast SEO plugin. -->","yoast_head_json":{"title":"Classico - Fentissimo Living","robots":{"index":"index","follow":"follow","max-snippet":"max-snippet:-1","max-image-preview":"max-image-preview:large","max-video-preview":"max-video-preview:-1"},"canonical":"https:\/\/fentissimoliving.ba\/proizvod\/krevet-classico\/","og_locale":"en_US","og_type":"article","og_title":"Classico - Fentissimo Living","og_description":"U nastavku imate mogu\u0107nost da sami sebi konfiguri\u0161ete krevet po svojim \u017eeljama i potrebama.","og_url":"https:\/\/fentissimoliving.ba\/proizvod\/krevet-classico\/","og_site_name":"Fentissimo Living","article_modified_time":"2025-01-28T08:57:16+00:00","og_image":[{"width":1200,"height":800,"url":"https:\/\/fentissimoliving.ba\/wp-content\/uploads\/2022\/11\/1666358620657.jpg","type":"image\/jpeg"}],"twitter_card":"summary_large_image","twitter_misc":{"Est. reading time":"2 minutes"},"schema":{"@context":"https:\/\/schema.org","@graph":[{"@type":"WebPage","@id":"https:\/\/fentissimoliving.ba\/proizvod\/krevet-classico\/","url":"https:\/\/fentissimoliving.ba\/proizvod\/krevet-classico\/","name":"Classico - Fentissimo Living","isPartOf":{"@id":"https:\/\/fentissimoliving.ba\/#website"},"datePublished":"2022-11-14T16:25:05+00:00","dateModified":"2025-01-28T08:57:16+00:00","breadcrumb":{"@id":"https:\/\/fentissimoliving.ba\/proizvod\/krevet-classico\/#breadcrumb"},"inLanguage":"en-US","potentialAction":[{"@type":"ReadAction","target":["https:\/\/fentissimoliving.ba\/proizvod\/krevet-classico\/"]}]},{"@type":"BreadcrumbList","@id":"https:\/\/fentissimoliving.ba\/proizvod\/krevet-classico\/#breadcrumb","itemListElement":[{"@type":"ListItem","position":1,"name":"Home","item":"https:\/\/fentissimoliving.ba\/"},{"@type":"ListItem","position":2,"name":"Proizvodi","item":"https:\/\/fentissimoliving.ba\/shop\/"},{"@type":"ListItem","position":3,"name":"Classico"}]},{"@type":"WebSite","@id":"https:\/\/fentissimoliving.ba\/#website","url":"https:\/\/fentissimoliving.ba\/","name":"Fentissimo Living","description":"Online trgovina","potentialAction":[{"@type":"SearchAction","target":{"@type":"EntryPoint","urlTemplate":"https:\/\/fentissimoliving.ba\/?s={search_term_string}"},"query-input":"required name=search_term_string"}],"inLanguage":"en-US"}]}},"_links":{"self":[{"href":"https:\/\/fentissimoliving.ba\/en\/wp-json\/wp\/v2\/product\/1701","targetHints":{"allow":["GET"]}}],"collection":[{"href":"https:\/\/fentissimoliving.ba\/en\/wp-json\/wp\/v2\/product"}],"about":[{"href":"https:\/\/fentissimoliving.ba\/en\/wp-json\/wp\/v2\/types\/product"}],"wp:featuredmedia":[{"embeddable":true,"href":"https:\/\/fentissimoliving.ba\/en\/wp-json\/wp\/v2\/media\/1703"}],"wp:attachment":[{"href":"https:\/\/fentissimoliving.ba\/en\/wp-json\/wp\/v2\/media?parent=1701"}],"wp:term":[{"taxonomy":"product_cat","embeddable":true,"href":"https:\/\/fentissimoliving.ba\/en\/wp-json\/wp\/v2\/product_cat?post=1701"},{"taxonomy":"product_tag","embeddable":true,"href":"https:\/\/fentissimoliving.ba\/en\/wp-json\/wp\/v2\/product_tag?post=1701"}],"curies":[{"name":"wp","href":"https:\/\/api.w.org\/{rel}","templated":true}]}}