{"id":1820,"date":"2022-11-14T18:58:54","date_gmt":"2022-11-14T17:58:54","guid":{"rendered":"https:\/\/fentissimoliving.ba\/?post_type=product&#038;p=1820"},"modified":"2024-11-11T08:52:38","modified_gmt":"2024-11-11T07:52:38","slug":"aymee","status":"publish","type":"product","link":"https:\/\/fentissimoliving.ba\/en\/proizvod\/aymee\/","title":{"rendered":"Aymee"},"content":{"rendered":"<p><span style=\"color: #333333;\"><div class=\"accordion\"><\/span><\/p>\n<p><span style=\"color: #333333;\"><div id=\"accordion-2799558226\" class=\"accordion-item\"><a id=\"accordion-2799558226-label\" href=\"#\" class=\"accordion-title plain\" aria-expanded=\"false\" aria-controls=\"accordion-2799558226-content\"><button class=\"toggle\" aria-label=\"Toggle\"><i class=\"icon-angle-down\"><\/i><\/button><span>Opis<\/span><\/a><div id=\"accordion-2799558226-content\" class=\"accordion-inner\" aria-labelledby=\"accordion-2799558226-label\"><\/span><\/p>\n<p><span style=\"color: #333333;\">Boxspring Aymee ima luksuzan izgled i stvara romanti\u010dnu atmosferu u va\u0161oj spava\u0107oj sobi. Dekorativno uzglavlje i uzno\u017eje daju Aymee krevetu graciozan zavr\u0161ni dodir. Mo\u017eete odabrati bazu sa ili bez motora. Odaberite tvrdo\u0107u madraca tako \u0161to \u0107ete je prilagoditi svojim \u017eeljama za spavanje. Madrac je iste boje kao i baza, tako da je krevet jedna prelijepa cjelina. Odredite materijal i boju po svom ukusu, odabirom \u0161tofa iz ponu\u0111ene kolekcije tkanina. Tako\u0111er mo\u017eete dodatno uljep\u0161ati sam izgled boxspring kreveta sa prakti\u010dnim detaljima kao \u0161to su Ayme klupica ili Ayme sehara.<\/span><\/p>\n<p><span style=\"color: #333333;\"><\/div><\/div><\/span><\/p>\n<p><span style=\"color: #333333;\"><div id=\"accordion-2078158925\" class=\"accordion-item\"><a id=\"accordion-2078158925-label\" href=\"#\" class=\"accordion-title plain\" aria-expanded=\"false\" aria-controls=\"accordion-2078158925-content\"><button class=\"toggle\" aria-label=\"Toggle\"><i class=\"icon-angle-down\"><\/i><\/button><span>Tehni\u010dke informacije<\/span><\/a><div id=\"accordion-2078158925-content\" class=\"accordion-inner\" aria-labelledby=\"accordion-2078158925-label\"><\/span><\/p>\n<p><span style=\"color: #333333;\">U nastavku slijede tehni\u010dke informacije za boxspring Aymee dimenzije 180-200<\/span><\/p>\n<p><span style=\"color: #333333;\"><strong>Ukupna du\u017eina kreveta sa uzglavljem:<\/strong>&nbsp;230 cm<\/span><\/p>\n<p><span style=\"color: #333333;\"><strong>Ukupna visina (sa nogar, baza, madrac, nadmadrac):<\/strong>&nbsp;66 cm<\/span><\/p>\n<p>&nbsp;<\/p>\n<h3><span style=\"color: #333333;\"><strong><u>Baza (boxspring box)<\/u><\/strong><\/span><\/h3>\n<p><span style=\"color: #333333;\">Boxspring box je baza kreveta tj. postolje. Postolje se pravi od drvenih dijelova i od spu\u017eve. Njihova uskla\u0111enost pove\u0107ava udobnost spavanja.<\/span><\/p>\n<h3><span style=\"color: #333333;\"><strong><u>Madrac<\/u><\/strong><\/span><\/h3>\n<p><span style=\"color: #333333;\">Tvrdo\u0107e:<\/span><\/p>\n<ul>\n<li><span style=\"color: #333333;\">H2\/H3 do 110 kg<\/span><\/li>\n<li><span style=\"color: #333333;\">H4 do 130 kg<\/span><\/li>\n<li><span style=\"color: #333333;\">H5 preko 130 kg<\/span><\/li>\n<\/ul>\n<p><span style=\"color: #333333;\"><strong>Savjet:<\/strong>&nbsp;Radi o\u010duvanja kvaliteta, madrac je potrebno okretati svakih 60 dana.<\/span><\/p>\n<h3><span style=\"color: #333333;\"><strong><u>Nadmadrac<\/u><\/strong><\/span><\/h3>\n<p><span style=\"color: #333333;\"><u>Nadmadrac Basic Line HR Pjena<\/u><\/span><\/p>\n<ul>\n<li><span style=\"color: #333333;\">Visokokvalitetna i prozra\u010dna HR hladna pjena<\/span><\/li>\n<li><span style=\"color: #333333;\">Visina jezgra 4 cm, ukupna visina 6 cm<\/span><\/li>\n<li><span style=\"color: #333333;\">Platno antialergijsko i antibakterijsko (navlaka periva na 60 C)<\/span><\/li>\n<li><span style=\"color: #333333;\">Ozra\u010dna traka<\/span><\/li>\n<\/ul>\n<p><span style=\"color: #333333;\"><strong><u>Uzglavlje<\/u><\/strong><\/span><\/p>\n<p><span style=\"color: #333333;\">Dimenzije:<\/span><\/p>\n<ul>\n<li><span style=\"color: #333333;\">Visina 129 cm (najmanja mogu\u0107a visina 116 cm a najviso\u010dija je 150 cm)<\/span><\/li>\n<li><span style=\"color: #333333;\">\u0160irina 200 m (mo\u017ee se suziti na \u0161irinu kreveta)<\/span><\/li>\n<li><span style=\"color: #333333;\">Debljina 15 cm (je fiksna)<\/span><\/li>\n<\/ul>\n<p><span style=\"color: #333333;\"><strong><u>Uzno\u017eje<\/u><\/strong><\/span><\/p>\n<p><span style=\"color: #333333;\">Dimenzije:<\/span><\/p>\n<ul>\n<li><span style=\"color: #333333;\">Visina 70 cm<\/span><\/li>\n<li><span style=\"color: #333333;\">\u0160irina 200 m<\/span><\/li>\n<li><span style=\"color: #333333;\">Debljina 15 cm (je fiksna)<\/span><\/li>\n<\/ul>\n<p><span style=\"color: #333333;\"><strong><u>Nogari<\/u><\/strong><\/span><\/p>\n<p><span style=\"color: #333333;\">8 x drveni kockasti nogari 6x6x10<\/span><\/p>\n<p><span style=\"color: #333333;\"><strong><u>Sehara<\/u><\/strong><\/span><\/p>\n<p><span style=\"color: #333333;\">Dimenzije:<\/span><\/p>\n<ul>\n<li><span style=\"color: #333333;\">Visina 55 cm<\/span><\/li>\n<li><span style=\"color: #333333;\">\u0160irina 50 m<\/span><\/li>\n<li><span style=\"color: #333333;\">Du\u017eina 140 cm<\/span><\/li>\n<li><span style=\"color: #333333;\">Dubina 43 cm<\/span><\/li>\n<li><span style=\"color: #333333;\">\u0160irina otvora 39\/40 cm<\/span><\/li>\n<\/ul>\n<p><span style=\"color: #333333;\"><\/div><\/div><\/span><\/p>\n<p><span style=\"color: #333333;\"><div id=\"accordion-630716388\" class=\"accordion-item\"><a id=\"accordion-630716388-label\" href=\"#\" class=\"accordion-title plain\" aria-expanded=\"false\" aria-controls=\"accordion-630716388-content\"><button class=\"toggle\" aria-label=\"Toggle\"><i class=\"icon-angle-down\"><\/i><\/button><span>Napomena<\/span><\/a><div id=\"accordion-630716388-content\" class=\"accordion-inner\" aria-labelledby=\"accordion-630716388-label\"><\/span><\/p>\n<p><strong><span style=\"color: #333333;\">U cijenu proizvoda je uklju\u010deno:<\/span><\/strong><\/p>\n<ul>\n<li><span style=\"color: #333333;\">Uzglavlje<\/span><\/li>\n<li><span style=\"color: #333333;\">Baza (boxspring box)<\/span><\/li>\n<li><span style=\"color: #333333;\">Madraci (madrac Basic tvrdo\u0107e H2, H3 ili H4)<\/span><\/li>\n<li><span style=\"color: #333333;\">Nadmadrac (nadmadrac Basic Line HR pjena)<\/span><\/li>\n<li><span style=\"color: #333333;\">Nogari<\/span><\/li>\n<\/ul>\n<p><strong><span style=\"color: #333333;\">U cijenu proizvoda nije uklju\u010deno:<\/span><\/strong><\/p>\n<ul>\n<li><span style=\"color: #333333;\">Uzno\u017eje<\/span><\/li>\n<li>Tvrdo\u0107a madraca H5 za koju slijedi doplata od:<span style=\"color: #333333;\">\u2013 30 KM (na dimenzije 80\/90\/100-200\/210\/220)<\/span><br \/>\n<span style=\"color: #333333;\">\u2013 60 KM (na dimenzije 120\/140\/160\/180\/200-200\/210\/220)<\/span><\/li>\n<\/ul>\n<p><span style=\"color: #333333;\"><\/div><\/div><\/span><\/p>\n<p><span style=\"color: #333333;\"><\/div><\/span><\/p>\n","protected":false},"excerpt":{"rendered":"<p style=\"text-align: left;\"><span style=\"color: #333333;\">U nastavku imate mogu\u0107nost da sami sebi konfiguri\u0161ete krevet po svojim \u017eeljama i potrebama.<\/span><\/p>\n<p><img loading=\"lazy\" decoding=\"async\" class=\"alignnone size-full wp-image-3978 alignright\" src=\"https:\/\/fentissimoliving.ba\/wp-content\/uploads\/2022\/11\/made-in-bih.png\" alt=\"\" width=\"150\" height=\"94\"><\/p>\n","protected":false},"featured_media":1821,"template":"","meta":{"ngg_post_thumbnail":0},"product_cat":[15],"product_tag":[],"class_list":["post-1820","product","type-product","status-publish","has-post-thumbnail","hentry","product_cat-kreveti"],"composite_virtual":false,"composite_layout":"progressive","composite_add_to_cart_form_location":"after_summary","composite_editable_in_cart":true,"composite_sold_individually_context":"product","composite_shop_price_calc":"hidden","composite_components":[{"id":"1668453632","title":"Aymee","description":"","query_type":"product_ids","query_ids":[1829],"default_option_id":1829,"thumbnail_id":"","thumbnail_src":"","quantity_min":0,"quantity_max":10,"priced_individually":true,"shipped_individually":false,"optional":false,"discount":"","options_style":"dropdowns","pagination_style":"classic","display_prices":"absolute","show_sorting_options":false,"show_filtering_options":false,"attribute_filter_ids":[],"product_title_visible":false,"product_descr_visible":true,"product_price_visible":true,"product_thumb_visible":false,"subtotal_visible_product":true,"subtotal_visible_cart":true,"subtotal_visible_orders":true},{"id":"1668452862","title":"Uzno\u017eje","description":"","query_type":"product_ids","query_ids":[1827],"default_option_id":1827,"thumbnail_id":"","thumbnail_src":"","quantity_min":0,"quantity_max":1,"priced_individually":true,"shipped_individually":false,"optional":false,"discount":"","options_style":"dropdowns","pagination_style":"classic","display_prices":"absolute","show_sorting_options":false,"show_filtering_options":false,"attribute_filter_ids":[],"product_title_visible":false,"product_descr_visible":true,"product_price_visible":true,"product_thumb_visible":false,"subtotal_visible_product":true,"subtotal_visible_cart":true,"subtotal_visible_orders":true},{"id":"1668452863","title":"\u0160tof","description":"","query_type":"product_ids","query_ids":[1257],"default_option_id":1257,"thumbnail_id":"","thumbnail_src":"","quantity_min":1,"quantity_max":1,"priced_individually":false,"shipped_individually":false,"optional":false,"discount":"","options_style":"dropdowns","pagination_style":"classic","display_prices":"absolute","show_sorting_options":false,"show_filtering_options":false,"attribute_filter_ids":[],"product_title_visible":false,"product_descr_visible":true,"product_price_visible":true,"product_thumb_visible":false,"subtotal_visible_product":true,"subtotal_visible_cart":true,"subtotal_visible_orders":true}],"composite_scenarios":[],"yoast_head":"<!-- This site is optimized with the Yoast SEO plugin v20.9 - https:\/\/yoast.com\/wordpress\/plugins\/seo\/ -->\n<title>Aymee - Fentissimo Living<\/title>\n<meta name=\"robots\" content=\"index, follow, max-snippet:-1, max-image-preview:large, max-video-preview:-1\" \/>\n<link rel=\"canonical\" href=\"https:\/\/fentissimoliving.ba\/proizvod\/aymee\/\" \/>\n<meta property=\"og:locale\" content=\"en_US\" \/>\n<meta property=\"og:type\" content=\"article\" \/>\n<meta property=\"og:title\" content=\"Aymee - Fentissimo Living\" \/>\n<meta property=\"og:description\" content=\"U nastavku imate mogu\u0107nost da sami sebi konfiguri\u0161ete krevet po svojim \u017eeljama i potrebama.\" \/>\n<meta property=\"og:url\" content=\"https:\/\/fentissimoliving.ba\/proizvod\/aymee\/\" \/>\n<meta property=\"og:site_name\" content=\"Fentissimo Living\" \/>\n<meta property=\"article:modified_time\" content=\"2024-11-11T07:52:38+00:00\" \/>\n<meta property=\"og:image\" content=\"https:\/\/fentissimoliving.ba\/wp-content\/uploads\/2022\/11\/Aymee-1.jpg\" \/>\n\t<meta property=\"og:image:width\" content=\"1200\" \/>\n\t<meta property=\"og:image:height\" content=\"800\" \/>\n\t<meta property=\"og:image:type\" content=\"image\/jpeg\" \/>\n<meta name=\"twitter:card\" content=\"summary_large_image\" \/>\n<meta name=\"twitter:label1\" content=\"Est. reading time\" \/>\n\t<meta name=\"twitter:data1\" content=\"2 minutes\" \/>\n<script type=\"application\/ld+json\" class=\"yoast-schema-graph\">{\"@context\":\"https:\/\/schema.org\",\"@graph\":[{\"@type\":\"WebPage\",\"@id\":\"https:\/\/fentissimoliving.ba\/proizvod\/aymee\/\",\"url\":\"https:\/\/fentissimoliving.ba\/proizvod\/aymee\/\",\"name\":\"Aymee - Fentissimo Living\",\"isPartOf\":{\"@id\":\"https:\/\/fentissimoliving.ba\/#website\"},\"datePublished\":\"2022-11-14T17:58:54+00:00\",\"dateModified\":\"2024-11-11T07:52:38+00:00\",\"breadcrumb\":{\"@id\":\"https:\/\/fentissimoliving.ba\/proizvod\/aymee\/#breadcrumb\"},\"inLanguage\":\"en-US\",\"potentialAction\":[{\"@type\":\"ReadAction\",\"target\":[\"https:\/\/fentissimoliving.ba\/proizvod\/aymee\/\"]}]},{\"@type\":\"BreadcrumbList\",\"@id\":\"https:\/\/fentissimoliving.ba\/proizvod\/aymee\/#breadcrumb\",\"itemListElement\":[{\"@type\":\"ListItem\",\"position\":1,\"name\":\"Home\",\"item\":\"https:\/\/fentissimoliving.ba\/\"},{\"@type\":\"ListItem\",\"position\":2,\"name\":\"Proizvodi\",\"item\":\"https:\/\/fentissimoliving.ba\/shop\/\"},{\"@type\":\"ListItem\",\"position\":3,\"name\":\"Aymee\"}]},{\"@type\":\"WebSite\",\"@id\":\"https:\/\/fentissimoliving.ba\/#website\",\"url\":\"https:\/\/fentissimoliving.ba\/\",\"name\":\"Fentissimo Living\",\"description\":\"Online trgovina\",\"potentialAction\":[{\"@type\":\"SearchAction\",\"target\":{\"@type\":\"EntryPoint\",\"urlTemplate\":\"https:\/\/fentissimoliving.ba\/?s={search_term_string}\"},\"query-input\":\"required name=search_term_string\"}],\"inLanguage\":\"en-US\"}]}<\/script>\n<!-- \/ Yoast SEO plugin. -->","yoast_head_json":{"title":"Aymee - Fentissimo Living","robots":{"index":"index","follow":"follow","max-snippet":"max-snippet:-1","max-image-preview":"max-image-preview:large","max-video-preview":"max-video-preview:-1"},"canonical":"https:\/\/fentissimoliving.ba\/proizvod\/aymee\/","og_locale":"en_US","og_type":"article","og_title":"Aymee - Fentissimo Living","og_description":"U nastavku imate mogu\u0107nost da sami sebi konfiguri\u0161ete krevet po svojim \u017eeljama i potrebama.","og_url":"https:\/\/fentissimoliving.ba\/proizvod\/aymee\/","og_site_name":"Fentissimo Living","article_modified_time":"2024-11-11T07:52:38+00:00","og_image":[{"width":1200,"height":800,"url":"https:\/\/fentissimoliving.ba\/wp-content\/uploads\/2022\/11\/Aymee-1.jpg","type":"image\/jpeg"}],"twitter_card":"summary_large_image","twitter_misc":{"Est. reading time":"2 minutes"},"schema":{"@context":"https:\/\/schema.org","@graph":[{"@type":"WebPage","@id":"https:\/\/fentissimoliving.ba\/proizvod\/aymee\/","url":"https:\/\/fentissimoliving.ba\/proizvod\/aymee\/","name":"Aymee - Fentissimo Living","isPartOf":{"@id":"https:\/\/fentissimoliving.ba\/#website"},"datePublished":"2022-11-14T17:58:54+00:00","dateModified":"2024-11-11T07:52:38+00:00","breadcrumb":{"@id":"https:\/\/fentissimoliving.ba\/proizvod\/aymee\/#breadcrumb"},"inLanguage":"en-US","potentialAction":[{"@type":"ReadAction","target":["https:\/\/fentissimoliving.ba\/proizvod\/aymee\/"]}]},{"@type":"BreadcrumbList","@id":"https:\/\/fentissimoliving.ba\/proizvod\/aymee\/#breadcrumb","itemListElement":[{"@type":"ListItem","position":1,"name":"Home","item":"https:\/\/fentissimoliving.ba\/"},{"@type":"ListItem","position":2,"name":"Proizvodi","item":"https:\/\/fentissimoliving.ba\/shop\/"},{"@type":"ListItem","position":3,"name":"Aymee"}]},{"@type":"WebSite","@id":"https:\/\/fentissimoliving.ba\/#website","url":"https:\/\/fentissimoliving.ba\/","name":"Fentissimo Living","description":"Online trgovina","potentialAction":[{"@type":"SearchAction","target":{"@type":"EntryPoint","urlTemplate":"https:\/\/fentissimoliving.ba\/?s={search_term_string}"},"query-input":"required name=search_term_string"}],"inLanguage":"en-US"}]}},"_links":{"self":[{"href":"https:\/\/fentissimoliving.ba\/en\/wp-json\/wp\/v2\/product\/1820","targetHints":{"allow":["GET"]}}],"collection":[{"href":"https:\/\/fentissimoliving.ba\/en\/wp-json\/wp\/v2\/product"}],"about":[{"href":"https:\/\/fentissimoliving.ba\/en\/wp-json\/wp\/v2\/types\/product"}],"wp:featuredmedia":[{"embeddable":true,"href":"https:\/\/fentissimoliving.ba\/en\/wp-json\/wp\/v2\/media\/1821"}],"wp:attachment":[{"href":"https:\/\/fentissimoliving.ba\/en\/wp-json\/wp\/v2\/media?parent=1820"}],"wp:term":[{"taxonomy":"product_cat","embeddable":true,"href":"https:\/\/fentissimoliving.ba\/en\/wp-json\/wp\/v2\/product_cat?post=1820"},{"taxonomy":"product_tag","embeddable":true,"href":"https:\/\/fentissimoliving.ba\/en\/wp-json\/wp\/v2\/product_tag?post=1820"}],"curies":[{"name":"wp","href":"https:\/\/api.w.org\/{rel}","templated":true}]}}