{"id":1885,"date":"2022-11-14T19:43:22","date_gmt":"2022-11-14T18:43:22","guid":{"rendered":"https:\/\/fentissimoliving.ba\/?post_type=product&#038;p=1885"},"modified":"2024-11-08T15:18:32","modified_gmt":"2024-11-08T14:18:32","slug":"vito-orion-28-i-kf","status":"publish","type":"product","link":"https:\/\/fentissimoliving.ba\/en\/proizvod\/vito-orion-28-i-kf\/","title":{"rendered":"Vito Orion 28 i (ru\u010dni)"},"content":{"rendered":"<ul>\n<li><span style=\"color: #333333;\">Vi\u0161ezonski latoflex le\u017eaj sa 28 lamelirane 5-slojne letvice u visokoelasti\u010dnim duo kapama koje idu do ruba<\/span><\/li>\n<li><span style=\"color: #333333;\">Uzdu\u017eni okvir od uslojenog drveta, popre\u010dni masivna bukva, sve oblo\u017eeno folijom<\/span><\/li>\n<li><span style=\"color: #333333;\">Regulatori tvrdo\u0107e pod lumbalnim dijelom, zona za rame<\/span><\/li>\n<li><span style=\"color: #333333;\">Ru\u010dno podizanje uzglavlja i uzno\u017eja<\/span><\/li>\n<li><span style=\"color: #333333;\">Idealna za sve modele madraca<\/span><\/li>\n<li><span style=\"color: #333333;\">Standardna dimenzija latoflexa 4 cm manje u du\u017einu i 1 cm u \u0161irinu od nazivnih mjera<\/span><\/li>\n<li><span style=\"color: #333333;\">Proizvodi se u dimenzijama 70\/80\/90\/100\/120\/140 x 190\/200<\/span><\/li>\n<li><span style=\"color: #333333;\">Ukupna visina latoflexa je 6 cm<\/span><\/li>\n<li><span style=\"color: #333333;\">Mogu\u0107nost izrade po mjeri<\/span><\/li>\n<li><span style=\"color: #333333;\">Nosivost do 100 kg<\/span><\/li>\n<\/ul>\n","protected":false},"excerpt":{"rendered":"<p><span style=\"color: #333333;\">Za sva pitanja i komentare, budite slobodni da nas kontaktirate.<\/span><\/p>\n<p><img loading=\"lazy\" decoding=\"async\" class=\"alignnone size-full wp-image-3978 alignright\" src=\"https:\/\/fentissimoliving.ba\/wp-content\/uploads\/2022\/11\/made-in-bih.png\" alt=\"\" width=\"150\" height=\"94\"><\/p>\n","protected":false},"featured_media":1930,"template":"","meta":{"ngg_post_thumbnail":0},"product_cat":[290],"product_tag":[],"class_list":["post-1885","product","type-product","status-publish","has-post-thumbnail","hentry","product_cat-latoflex"],"composite_virtual":false,"composite_layout":"","composite_add_to_cart_form_location":"","composite_editable_in_cart":false,"composite_sold_individually_context":"","composite_shop_price_calc":"","composite_components":[],"composite_scenarios":[],"yoast_head":"<!-- This site is optimized with the Yoast SEO plugin v20.9 - https:\/\/yoast.com\/wordpress\/plugins\/seo\/ -->\n<title>Vito Orion 28 i (ru\u010dni) - Fentissimo Living<\/title>\n<meta name=\"robots\" content=\"index, follow, max-snippet:-1, max-image-preview:large, max-video-preview:-1\" \/>\n<link rel=\"canonical\" href=\"https:\/\/fentissimoliving.ba\/proizvod\/vito-orion-28-i-kf\/\" \/>\n<meta property=\"og:locale\" content=\"en_US\" \/>\n<meta property=\"og:type\" content=\"article\" \/>\n<meta property=\"og:title\" content=\"Vito Orion 28 i (ru\u010dni) - Fentissimo Living\" \/>\n<meta property=\"og:description\" content=\"Za sva pitanja i komentare, budite slobodni da nas kontaktirate.\" \/>\n<meta property=\"og:url\" content=\"https:\/\/fentissimoliving.ba\/proizvod\/vito-orion-28-i-kf\/\" \/>\n<meta property=\"og:site_name\" content=\"Fentissimo Living\" \/>\n<meta property=\"article:modified_time\" content=\"2024-11-08T14:18:32+00:00\" \/>\n<meta property=\"og:image\" content=\"https:\/\/fentissimoliving.ba\/wp-content\/uploads\/2022\/11\/Vito-Orion-28-i-KF.jpg\" \/>\n\t<meta property=\"og:image:width\" content=\"799\" \/>\n\t<meta property=\"og:image:height\" content=\"531\" \/>\n\t<meta property=\"og:image:type\" content=\"image\/jpeg\" \/>\n<meta name=\"twitter:card\" content=\"summary_large_image\" \/>\n<meta name=\"twitter:label1\" content=\"Est. reading time\" \/>\n\t<meta name=\"twitter:data1\" content=\"1 minute\" \/>\n<script type=\"application\/ld+json\" class=\"yoast-schema-graph\">{\"@context\":\"https:\/\/schema.org\",\"@graph\":[{\"@type\":\"WebPage\",\"@id\":\"https:\/\/fentissimoliving.ba\/proizvod\/vito-orion-28-i-kf\/\",\"url\":\"https:\/\/fentissimoliving.ba\/proizvod\/vito-orion-28-i-kf\/\",\"name\":\"Vito Orion 28 i (ru\u010dni) - Fentissimo Living\",\"isPartOf\":{\"@id\":\"https:\/\/fentissimoliving.ba\/#website\"},\"datePublished\":\"2022-11-14T18:43:22+00:00\",\"dateModified\":\"2024-11-08T14:18:32+00:00\",\"breadcrumb\":{\"@id\":\"https:\/\/fentissimoliving.ba\/proizvod\/vito-orion-28-i-kf\/#breadcrumb\"},\"inLanguage\":\"en-US\",\"potentialAction\":[{\"@type\":\"ReadAction\",\"target\":[\"https:\/\/fentissimoliving.ba\/proizvod\/vito-orion-28-i-kf\/\"]}]},{\"@type\":\"BreadcrumbList\",\"@id\":\"https:\/\/fentissimoliving.ba\/proizvod\/vito-orion-28-i-kf\/#breadcrumb\",\"itemListElement\":[{\"@type\":\"ListItem\",\"position\":1,\"name\":\"Home\",\"item\":\"https:\/\/fentissimoliving.ba\/\"},{\"@type\":\"ListItem\",\"position\":2,\"name\":\"Proizvodi\",\"item\":\"https:\/\/fentissimoliving.ba\/shop\/\"},{\"@type\":\"ListItem\",\"position\":3,\"name\":\"Vito Orion 28 i (ru\u010dni)\"}]},{\"@type\":\"WebSite\",\"@id\":\"https:\/\/fentissimoliving.ba\/#website\",\"url\":\"https:\/\/fentissimoliving.ba\/\",\"name\":\"Fentissimo Living\",\"description\":\"Online trgovina\",\"potentialAction\":[{\"@type\":\"SearchAction\",\"target\":{\"@type\":\"EntryPoint\",\"urlTemplate\":\"https:\/\/fentissimoliving.ba\/?s={search_term_string}\"},\"query-input\":\"required name=search_term_string\"}],\"inLanguage\":\"en-US\"}]}<\/script>\n<!-- \/ Yoast SEO plugin. -->","yoast_head_json":{"title":"Vito Orion 28 i (ru\u010dni) - Fentissimo Living","robots":{"index":"index","follow":"follow","max-snippet":"max-snippet:-1","max-image-preview":"max-image-preview:large","max-video-preview":"max-video-preview:-1"},"canonical":"https:\/\/fentissimoliving.ba\/proizvod\/vito-orion-28-i-kf\/","og_locale":"en_US","og_type":"article","og_title":"Vito Orion 28 i (ru\u010dni) - Fentissimo Living","og_description":"Za sva pitanja i komentare, budite slobodni da nas kontaktirate.","og_url":"https:\/\/fentissimoliving.ba\/proizvod\/vito-orion-28-i-kf\/","og_site_name":"Fentissimo Living","article_modified_time":"2024-11-08T14:18:32+00:00","og_image":[{"width":799,"height":531,"url":"https:\/\/fentissimoliving.ba\/wp-content\/uploads\/2022\/11\/Vito-Orion-28-i-KF.jpg","type":"image\/jpeg"}],"twitter_card":"summary_large_image","twitter_misc":{"Est. reading time":"1 minute"},"schema":{"@context":"https:\/\/schema.org","@graph":[{"@type":"WebPage","@id":"https:\/\/fentissimoliving.ba\/proizvod\/vito-orion-28-i-kf\/","url":"https:\/\/fentissimoliving.ba\/proizvod\/vito-orion-28-i-kf\/","name":"Vito Orion 28 i (ru\u010dni) - Fentissimo Living","isPartOf":{"@id":"https:\/\/fentissimoliving.ba\/#website"},"datePublished":"2022-11-14T18:43:22+00:00","dateModified":"2024-11-08T14:18:32+00:00","breadcrumb":{"@id":"https:\/\/fentissimoliving.ba\/proizvod\/vito-orion-28-i-kf\/#breadcrumb"},"inLanguage":"en-US","potentialAction":[{"@type":"ReadAction","target":["https:\/\/fentissimoliving.ba\/proizvod\/vito-orion-28-i-kf\/"]}]},{"@type":"BreadcrumbList","@id":"https:\/\/fentissimoliving.ba\/proizvod\/vito-orion-28-i-kf\/#breadcrumb","itemListElement":[{"@type":"ListItem","position":1,"name":"Home","item":"https:\/\/fentissimoliving.ba\/"},{"@type":"ListItem","position":2,"name":"Proizvodi","item":"https:\/\/fentissimoliving.ba\/shop\/"},{"@type":"ListItem","position":3,"name":"Vito Orion 28 i (ru\u010dni)"}]},{"@type":"WebSite","@id":"https:\/\/fentissimoliving.ba\/#website","url":"https:\/\/fentissimoliving.ba\/","name":"Fentissimo Living","description":"Online trgovina","potentialAction":[{"@type":"SearchAction","target":{"@type":"EntryPoint","urlTemplate":"https:\/\/fentissimoliving.ba\/?s={search_term_string}"},"query-input":"required name=search_term_string"}],"inLanguage":"en-US"}]}},"_links":{"self":[{"href":"https:\/\/fentissimoliving.ba\/en\/wp-json\/wp\/v2\/product\/1885","targetHints":{"allow":["GET"]}}],"collection":[{"href":"https:\/\/fentissimoliving.ba\/en\/wp-json\/wp\/v2\/product"}],"about":[{"href":"https:\/\/fentissimoliving.ba\/en\/wp-json\/wp\/v2\/types\/product"}],"wp:featuredmedia":[{"embeddable":true,"href":"https:\/\/fentissimoliving.ba\/en\/wp-json\/wp\/v2\/media\/1930"}],"wp:attachment":[{"href":"https:\/\/fentissimoliving.ba\/en\/wp-json\/wp\/v2\/media?parent=1885"}],"wp:term":[{"taxonomy":"product_cat","embeddable":true,"href":"https:\/\/fentissimoliving.ba\/en\/wp-json\/wp\/v2\/product_cat?post=1885"},{"taxonomy":"product_tag","embeddable":true,"href":"https:\/\/fentissimoliving.ba\/en\/wp-json\/wp\/v2\/product_tag?post=1885"}],"curies":[{"name":"wp","href":"https:\/\/api.w.org\/{rel}","templated":true}]}}