{"id":3367,"date":"2022-11-22T15:45:21","date_gmt":"2022-11-22T14:45:21","guid":{"rendered":"https:\/\/fentissimoliving.ba\/?post_type=product&#038;p=3367"},"modified":"2024-11-11T08:54:14","modified_gmt":"2024-11-11T07:54:14","slug":"space","status":"publish","type":"product","link":"https:\/\/fentissimoliving.ba\/en\/proizvod\/space\/","title":{"rendered":"Space"},"content":{"rendered":"<p><span style=\"color: #333333;\"><h3 class=\"accordion_title\"> <\/h3><div class=\"accordion\"><\/span><\/p>\n<p><span style=\"color: #333333;\"><div id=\"accordion-1527039279\" class=\"accordion-item\"><a id=\"accordion-1527039279-label\" href=\"#\" class=\"accordion-title plain\" aria-expanded=\"false\" aria-controls=\"accordion-1527039279-content\"><button class=\"toggle\" aria-label=\"Toggle\"><i class=\"icon-angle-down\"><\/i><\/button><span>Opis<\/span><\/a><div id=\"accordion-1527039279-content\" class=\"accordion-inner\" aria-labelledby=\"accordion-1527039279-label\"><\/span><\/p>\n<p><span style=\"color: #333333;\">Boxspring Space osim \u0161to ima predivan izgled, pru\u017ea i prakti\u010dnost. Dvije latice\/sanduka omogu\u0107avaju dodatni prostor u spava\u0107oj sobi za odlaganje jastuka i jorgana. Odaberite tvrdo\u0107u madraca tako \u0161to \u0107ete je prilagoditi svojim \u017eeljama za spavanje. Madrac je iste boje kao i baza, tako da je krevet jedna prelijepa cjelina. Odredite materijal i boju po svom ukusu, odabirom \u0161tofa iz ponu\u0111ene kolekcije tkanina. Tako\u0111er mo\u017eete dodatno uljep\u0161ati sam izgled boxspring kreveta sa prakti\u010dnim detaljima kao \u0161to su no\u0107ni ormari\u0107i Square.<\/span><\/p>\n<p><span style=\"color: #333333;\"><\/div><\/div><\/span><\/p>\n<p><span style=\"color: #333333;\"><div id=\"accordion-4189968263\" class=\"accordion-item\"><a id=\"accordion-4189968263-label\" href=\"#\" class=\"accordion-title plain\" aria-expanded=\"false\" aria-controls=\"accordion-4189968263-content\"><button class=\"toggle\" aria-label=\"Toggle\"><i class=\"icon-angle-down\"><\/i><\/button><span>Tehni\u010dki detalji<\/span><\/a><div id=\"accordion-4189968263-content\" class=\"accordion-inner\" aria-labelledby=\"accordion-4189968263-label\"><\/span><\/p>\n<p><span style=\"color: #333333;\">Ukupna du\u017eina kreveta sa uzglavljem: 222 cm<\/span><\/p>\n<p><span style=\"color: #333333;\">Ukupna visina (sa nogar, baza, madrac, nadmadrac): 68 cm<\/span><\/p>\n<h3><span style=\"color: #333333;\"><u>Baza (boxspring box)<\/u><\/span><\/h3>\n<p><span style=\"color: #333333;\">Boxspring box je baza kreveta tj. postolje. Postolje se pravi od drvenih dijelova i od spu\u017eve. Njihova uskla\u0111enost pove\u0107ava udobnost spavanja.<\/span><\/p>\n<p><span style=\"color: #333333;\">Baza se sastoji iz dva dijela:<\/span><\/p>\n<ol>\n<li><span style=\"color: #333333;\">Sanduk (visina 23 cm)<\/span><\/li>\n<\/ol>\n<p><span style=\"color: #333333;\">Unutra\u0161nje dimenzije sanduka za krevet 90-200 su:<\/span><\/p>\n<ul>\n<li><span style=\"color: #333333;\">Visina\/dubina 21 cm<\/span><\/li>\n<li><span style=\"color: #333333;\">\u0160irina 86 cm<\/span><\/li>\n<li><span style=\"color: #333333;\">Du\u017eina 196 cm<\/span><\/li>\n<\/ul>\n<ol start=\"2\">\n<li><span style=\"color: #333333;\">Box<\/span><\/li>\n<\/ol>\n<p><span style=\"color: #333333;\">Box je visine 21 cm<\/span><\/p>\n<h3><span style=\"color: #333333;\"><u>Madrac<\/u><\/span><\/h3>\n<p><span style=\"color: #333333;\">Tvrdo\u0107e:<\/span><\/p>\n<ul>\n<li><span style=\"color: #333333;\">H2\/H3 do 110 kg<\/span><\/li>\n<li><span style=\"color: #333333;\">H4 do 130 kg<\/span><\/li>\n<li><span style=\"color: #333333;\">H5 preko 130 kg<\/span><\/li>\n<\/ul>\n<p><span style=\"color: #333333;\"><strong>Savjet:<\/strong>&nbsp;Radi o\u010duvanja kvaliteta, madrac je potrebno okretati svakih 60 dana.<\/span><\/p>\n<p><span style=\"color: #333333;\"><u>Nadmadrac Basic Line HR pjena<\/u><\/span><\/p>\n<ul>\n<li><span style=\"color: #333333;\">Visokokvalitetna i prozra\u010dna HR hladna pjena<\/span><\/li>\n<li><span style=\"color: #333333;\">Visina jezgra 4 cm, ukupna visina 6 cm<\/span><\/li>\n<li><span style=\"color: #333333;\">Platno antialergijsko i antibakterijsko (navlaka periva na 60 C)<\/span><\/li>\n<li><span style=\"color: #333333;\">Ozra\u010dna traka<\/span><\/li>\n<\/ul>\n<h3><span style=\"color: #333333;\"><u>Uzglavlje<\/u><\/span><\/h3>\n<p><span style=\"color: #333333;\">Dimenzije:<\/span><\/p>\n<ul>\n<li><span style=\"color: #333333;\">Visina 120 cm (najmanja mogu\u0107a visina 94cm)<\/span><\/li>\n<li><span style=\"color: #333333;\">\u0160irina 200cm (mo\u017ee se suziti na \u0161irinu kreveta)<\/span><\/li>\n<li><span style=\"color: #333333;\">Debljina 12 cm (fiksna)<\/span><\/li>\n<\/ul>\n<h3><span style=\"color: #333333;\"><u>Uzno\u017eje<\/u><\/span><\/h3>\n<ul>\n<li><span style=\"color: #333333;\">Visina 72cm (mo\u017ee se smanjiti do madraca)<\/span><\/li>\n<li><span style=\"color: #333333;\">\u0160irina 180 cm<\/span><\/li>\n<li><span style=\"color: #333333;\">Debljina 12 cm (fiksna)<\/span><\/li>\n<\/ul>\n<h3><span style=\"color: #333333;\"><u>Nogari<\/u><\/span><\/h3>\n<p><span style=\"color: #333333;\">12 nogara 2 cm visine plasti\u010dni<\/span><\/p>\n<h3><span style=\"color: #333333;\"><u>Natkasnica Square<\/u><\/span><\/h3>\n<p><span style=\"color: #333333;\">Prepoznatljiva po:<\/span><\/p>\n<ul>\n<li><span style=\"color: #333333;\">1 latica (bez ru\u010dkice, otvara se pritiskom na laticu)<\/span><\/li>\n<li><span style=\"color: #333333;\">1 polica<\/span><\/li>\n<\/ul>\n<p><span style=\"color: #333333;\">Dimenzije:<\/span><\/p>\n<ul>\n<li><span style=\"color: #333333;\">Visina: 48 cm<\/span><\/li>\n<li><span style=\"color: #333333;\">\u0160irina: 40 cm<\/span><\/li>\n<li><span style=\"color: #333333;\">Du\u017ena: 39 cm<\/span><\/li>\n<\/ul>\n<p><span style=\"color: #333333;\"><\/div><\/div><\/span><\/p>\n<p><span style=\"color: #333333;\"><div id=\"accordion-629468979\" class=\"accordion-item\"><a id=\"accordion-629468979-label\" href=\"#\" class=\"accordion-title plain\" aria-expanded=\"false\" aria-controls=\"accordion-629468979-content\"><button class=\"toggle\" aria-label=\"Toggle\"><i class=\"icon-angle-down\"><\/i><\/button><span>Napomena<\/span><\/a><div id=\"accordion-629468979-content\" class=\"accordion-inner\" aria-labelledby=\"accordion-629468979-label\"><\/span><\/p>\n<p><span style=\"color: #333333;\"><strong>U cijenu proizvoda je uklju\u010deno:<\/strong><\/span><\/p>\n<ul>\n<li><span style=\"color: #333333;\">Uzglavlje<\/span><\/li>\n<li><span style=\"color: #333333;\">Baza (boxspring box)<\/span><\/li>\n<li><span style=\"color: #333333;\">Madraci Madraci (madrac Basic tvrdo\u0107e H2, H3 ili H4)<\/span><\/li>\n<li><span style=\"color: #333333;\">Nadmadrac (nadmadrac Basic Line HR pjena)<\/span><\/li>\n<li><span style=\"color: #333333;\">Nogari<\/span><\/li>\n<\/ul>\n<p><span style=\"color: #333333;\"><strong>U cijenu proizvoda nije uklju\u010deno:<\/strong><\/span><\/p>\n<ul>\n<li><span style=\"color: #333333;\">Uzno\u017eje<\/span><\/li>\n<li><span style=\"color: #333333;\">Natkasnica Square<\/span><\/li>\n<li><span style=\"color: #333333;\"><span style=\"color: #333333;\">Tvrdo\u0107a madraca H5 za koju slijedi doplata od:<\/span><\/span>&nbsp;<span style=\"color: #333333;\">\u2013 30 KM (na dimenzije 80\/90\/100-200\/210\/220)<\/span><br \/>\n<span style=\"color: #333333;\">\u2013 60 KM (na dimenzije 120\/140\/160\/180\/200-200\/210\/220)<\/span><\/li>\n<\/ul>\n<p><span style=\"color: #333333;\"><\/div><\/div><\/span><\/p>\n<\/div>\n","protected":false},"excerpt":{"rendered":"<p style=\"text-align: left;\"><span style=\"color: #333333;\">U nastavku imate mogu\u0107nost da sami sebi konfiguri\u0161ete krevet po svojim \u017eeljama i potrebama.<\/span><\/p>\n<p><img loading=\"lazy\" decoding=\"async\" class=\"size-full wp-image-3978 alignright\" src=\"https:\/\/fentissimoliving.ba\/wp-content\/uploads\/2022\/11\/made-in-bih.png\" alt=\"\" width=\"150\" height=\"94\"><\/p>\n","protected":false},"featured_media":5300,"template":"","meta":{"ngg_post_thumbnail":0},"product_cat":[15],"product_tag":[],"class_list":["post-3367","product","type-product","status-publish","has-post-thumbnail","hentry","product_cat-kreveti"],"composite_virtual":false,"composite_layout":"progressive","composite_add_to_cart_form_location":"after_summary","composite_editable_in_cart":true,"composite_sold_individually_context":"product","composite_shop_price_calc":"hidden","composite_components":[{"id":"1669131922","title":"Space","description":"","query_type":"product_ids","query_ids":[3342],"default_option_id":3342,"thumbnail_id":"","thumbnail_src":"","quantity_min":0,"quantity_max":10,"priced_individually":true,"shipped_individually":true,"optional":false,"discount":"","options_style":"dropdowns","pagination_style":"classic","display_prices":"absolute","show_sorting_options":false,"show_filtering_options":false,"attribute_filter_ids":[],"product_title_visible":false,"product_descr_visible":false,"product_price_visible":true,"product_thumb_visible":false,"subtotal_visible_product":true,"subtotal_visible_cart":true,"subtotal_visible_orders":true},{"id":"1669132182","title":"Natkasnica Square","description":"","query_type":"product_ids","query_ids":[3363],"default_option_id":3363,"thumbnail_id":"","thumbnail_src":"","quantity_min":0,"quantity_max":10,"priced_individually":true,"shipped_individually":true,"optional":false,"discount":"","options_style":"dropdowns","pagination_style":"classic","display_prices":"absolute","show_sorting_options":false,"show_filtering_options":false,"attribute_filter_ids":[],"product_title_visible":true,"product_descr_visible":true,"product_price_visible":true,"product_thumb_visible":false,"subtotal_visible_product":true,"subtotal_visible_cart":true,"subtotal_visible_orders":true},{"id":"1669132063","title":"\u0160tof","description":"","query_type":"product_ids","query_ids":[1257],"default_option_id":1257,"thumbnail_id":"","thumbnail_src":"","quantity_min":1,"quantity_max":1,"priced_individually":false,"shipped_individually":true,"optional":false,"discount":"","options_style":"dropdowns","pagination_style":"classic","display_prices":"absolute","show_sorting_options":false,"show_filtering_options":false,"attribute_filter_ids":[],"product_title_visible":false,"product_descr_visible":true,"product_price_visible":true,"product_thumb_visible":false,"subtotal_visible_product":true,"subtotal_visible_cart":true,"subtotal_visible_orders":true}],"composite_scenarios":[],"yoast_head":"<!-- This site is optimized with the Yoast SEO plugin v20.9 - https:\/\/yoast.com\/wordpress\/plugins\/seo\/ -->\n<title>Space - Fentissimo Living<\/title>\n<meta name=\"robots\" content=\"index, follow, max-snippet:-1, max-image-preview:large, max-video-preview:-1\" \/>\n<link rel=\"canonical\" href=\"https:\/\/fentissimoliving.ba\/proizvod\/space\/\" \/>\n<meta property=\"og:locale\" content=\"en_US\" \/>\n<meta property=\"og:type\" content=\"article\" \/>\n<meta property=\"og:title\" content=\"Space - Fentissimo Living\" \/>\n<meta property=\"og:description\" content=\"U nastavku imate mogu\u0107nost da sami sebi konfiguri\u0161ete krevet po svojim \u017eeljama i potrebama.\" \/>\n<meta property=\"og:url\" content=\"https:\/\/fentissimoliving.ba\/proizvod\/space\/\" \/>\n<meta property=\"og:site_name\" content=\"Fentissimo Living\" \/>\n<meta property=\"article:modified_time\" content=\"2024-11-11T07:54:14+00:00\" \/>\n<meta property=\"og:image\" content=\"https:\/\/fentissimoliving.ba\/wp-content\/uploads\/2022\/11\/Space-sa-sandukom-1-1.jpg\" \/>\n\t<meta property=\"og:image:width\" content=\"1200\" \/>\n\t<meta property=\"og:image:height\" content=\"800\" \/>\n\t<meta property=\"og:image:type\" content=\"image\/jpeg\" \/>\n<meta name=\"twitter:card\" content=\"summary_large_image\" \/>\n<meta name=\"twitter:label1\" content=\"Est. reading time\" \/>\n\t<meta name=\"twitter:data1\" content=\"2 minutes\" \/>\n<script type=\"application\/ld+json\" class=\"yoast-schema-graph\">{\"@context\":\"https:\/\/schema.org\",\"@graph\":[{\"@type\":\"WebPage\",\"@id\":\"https:\/\/fentissimoliving.ba\/proizvod\/space\/\",\"url\":\"https:\/\/fentissimoliving.ba\/proizvod\/space\/\",\"name\":\"Space - Fentissimo Living\",\"isPartOf\":{\"@id\":\"https:\/\/fentissimoliving.ba\/#website\"},\"datePublished\":\"2022-11-22T14:45:21+00:00\",\"dateModified\":\"2024-11-11T07:54:14+00:00\",\"breadcrumb\":{\"@id\":\"https:\/\/fentissimoliving.ba\/proizvod\/space\/#breadcrumb\"},\"inLanguage\":\"en-US\",\"potentialAction\":[{\"@type\":\"ReadAction\",\"target\":[\"https:\/\/fentissimoliving.ba\/proizvod\/space\/\"]}]},{\"@type\":\"BreadcrumbList\",\"@id\":\"https:\/\/fentissimoliving.ba\/proizvod\/space\/#breadcrumb\",\"itemListElement\":[{\"@type\":\"ListItem\",\"position\":1,\"name\":\"Home\",\"item\":\"https:\/\/fentissimoliving.ba\/\"},{\"@type\":\"ListItem\",\"position\":2,\"name\":\"Proizvodi\",\"item\":\"https:\/\/fentissimoliving.ba\/shop\/\"},{\"@type\":\"ListItem\",\"position\":3,\"name\":\"Space\"}]},{\"@type\":\"WebSite\",\"@id\":\"https:\/\/fentissimoliving.ba\/#website\",\"url\":\"https:\/\/fentissimoliving.ba\/\",\"name\":\"Fentissimo Living\",\"description\":\"Online trgovina\",\"potentialAction\":[{\"@type\":\"SearchAction\",\"target\":{\"@type\":\"EntryPoint\",\"urlTemplate\":\"https:\/\/fentissimoliving.ba\/?s={search_term_string}\"},\"query-input\":\"required name=search_term_string\"}],\"inLanguage\":\"en-US\"}]}<\/script>\n<!-- \/ Yoast SEO plugin. -->","yoast_head_json":{"title":"Space - Fentissimo Living","robots":{"index":"index","follow":"follow","max-snippet":"max-snippet:-1","max-image-preview":"max-image-preview:large","max-video-preview":"max-video-preview:-1"},"canonical":"https:\/\/fentissimoliving.ba\/proizvod\/space\/","og_locale":"en_US","og_type":"article","og_title":"Space - Fentissimo Living","og_description":"U nastavku imate mogu\u0107nost da sami sebi konfiguri\u0161ete krevet po svojim \u017eeljama i potrebama.","og_url":"https:\/\/fentissimoliving.ba\/proizvod\/space\/","og_site_name":"Fentissimo Living","article_modified_time":"2024-11-11T07:54:14+00:00","og_image":[{"width":1200,"height":800,"url":"https:\/\/fentissimoliving.ba\/wp-content\/uploads\/2022\/11\/Space-sa-sandukom-1-1.jpg","type":"image\/jpeg"}],"twitter_card":"summary_large_image","twitter_misc":{"Est. reading time":"2 minutes"},"schema":{"@context":"https:\/\/schema.org","@graph":[{"@type":"WebPage","@id":"https:\/\/fentissimoliving.ba\/proizvod\/space\/","url":"https:\/\/fentissimoliving.ba\/proizvod\/space\/","name":"Space - Fentissimo Living","isPartOf":{"@id":"https:\/\/fentissimoliving.ba\/#website"},"datePublished":"2022-11-22T14:45:21+00:00","dateModified":"2024-11-11T07:54:14+00:00","breadcrumb":{"@id":"https:\/\/fentissimoliving.ba\/proizvod\/space\/#breadcrumb"},"inLanguage":"en-US","potentialAction":[{"@type":"ReadAction","target":["https:\/\/fentissimoliving.ba\/proizvod\/space\/"]}]},{"@type":"BreadcrumbList","@id":"https:\/\/fentissimoliving.ba\/proizvod\/space\/#breadcrumb","itemListElement":[{"@type":"ListItem","position":1,"name":"Home","item":"https:\/\/fentissimoliving.ba\/"},{"@type":"ListItem","position":2,"name":"Proizvodi","item":"https:\/\/fentissimoliving.ba\/shop\/"},{"@type":"ListItem","position":3,"name":"Space"}]},{"@type":"WebSite","@id":"https:\/\/fentissimoliving.ba\/#website","url":"https:\/\/fentissimoliving.ba\/","name":"Fentissimo Living","description":"Online trgovina","potentialAction":[{"@type":"SearchAction","target":{"@type":"EntryPoint","urlTemplate":"https:\/\/fentissimoliving.ba\/?s={search_term_string}"},"query-input":"required name=search_term_string"}],"inLanguage":"en-US"}]}},"_links":{"self":[{"href":"https:\/\/fentissimoliving.ba\/en\/wp-json\/wp\/v2\/product\/3367","targetHints":{"allow":["GET"]}}],"collection":[{"href":"https:\/\/fentissimoliving.ba\/en\/wp-json\/wp\/v2\/product"}],"about":[{"href":"https:\/\/fentissimoliving.ba\/en\/wp-json\/wp\/v2\/types\/product"}],"wp:featuredmedia":[{"embeddable":true,"href":"https:\/\/fentissimoliving.ba\/en\/wp-json\/wp\/v2\/media\/5300"}],"wp:attachment":[{"href":"https:\/\/fentissimoliving.ba\/en\/wp-json\/wp\/v2\/media?parent=3367"}],"wp:term":[{"taxonomy":"product_cat","embeddable":true,"href":"https:\/\/fentissimoliving.ba\/en\/wp-json\/wp\/v2\/product_cat?post=3367"},{"taxonomy":"product_tag","embeddable":true,"href":"https:\/\/fentissimoliving.ba\/en\/wp-json\/wp\/v2\/product_tag?post=3367"}],"curies":[{"name":"wp","href":"https:\/\/api.w.org\/{rel}","templated":true}]}}