{"id":3806,"date":"2022-11-28T21:14:26","date_gmt":"2022-11-28T20:14:26","guid":{"rendered":"http:\/\/fentissimoliving.ba\/?post_type=product&#038;p=3806"},"modified":"2024-11-08T15:10:22","modified_gmt":"2024-11-08T14:10:22","slug":"top-motion","status":"publish","type":"product","link":"https:\/\/fentissimoliving.ba\/en\/proizvod\/top-motion\/","title":{"rendered":"Top motion"},"content":{"rendered":"<h3 class=\"accordion_title\"> <\/h3><div class=\"accordion\">\n<div id=\"accordion-505797701\" class=\"accordion-item\"><a id=\"accordion-505797701-label\" href=\"#\" class=\"accordion-title plain\" aria-expanded=\"false\" aria-controls=\"accordion-505797701-content\"><button class=\"toggle\" aria-label=\"Toggle\"><i class=\"icon-angle-down\"><\/i><\/button><span>Opis<\/span><\/a><div id=\"accordion-505797701-content\" class=\"accordion-inner\" aria-labelledby=\"accordion-505797701-label\">\n<p><span style=\"color: #333333;\">Boxspring Top Motion ima jednostavan i elegantan izgled. Top Motion uzglavlje daje spava\u0107oj sobi mir i jednostavnost. Mo\u017eete odabrati bazu sa ili bez motora. Odaberite tvrdo\u0107u madraca tako \u0161to \u0107ete je prilagoditi svojim \u017eeljama za spavanje. Madrac je iste boje kao i baza, tako da je krevet jedna prelijepa cjelina. Odredite materijal i boju po svom ukusu, odabirom \u0161tofa iz ponu\u0111ene kolekcije tkanina. Tako\u0111er mo\u017eete dodatno uljep\u0161ati sam izgled boxspring kreveta sa prakti\u010dnim detaljima kao \u0161to su Top Motion klupica ili Village no\u0107ni ormari\u0107.<\/span><br \/>\n<\/div><\/div>\n<div id=\"accordion-2909269709\" class=\"accordion-item\"><a id=\"accordion-2909269709-label\" href=\"#\" class=\"accordion-title plain\" aria-expanded=\"false\" aria-controls=\"accordion-2909269709-content\"><button class=\"toggle\" aria-label=\"Toggle\"><i class=\"icon-angle-down\"><\/i><\/button><span>Tehni\u010dke informacije<\/span><\/a><div id=\"accordion-2909269709-content\" class=\"accordion-inner\" aria-labelledby=\"accordion-2909269709-label\">\n<p><span style=\"color: #333333;\"><strong>Ukupna du\u017eina kreveta sa uzglavljem:<\/strong> 212 cm<\/span><\/p>\n<p><span style=\"color: #333333;\"><strong>Ukupna visina (sa nogar, baza, madrac, nadmadrac):<\/strong> 62 cm<\/span><\/p>\n<h3><span style=\"color: #333333;\"><u>Baza (boxspring box)<\/u><\/span><\/h3>\n<p><span style=\"color: #333333;\">Boxspring box je baza kreveta tj. postolje. Postolje se pravi od drvenih dijelova i od spu\u017eve. Njihova uskla\u0111enost pove\u0107ava udobnost spavanja.<\/span><\/p>\n<h3><span style=\"color: #333333;\"><u>Madrac<\/u><\/span><\/h3>\n<p><span style=\"color: #333333;\">Tvrdo\u0107e:<\/span><\/p>\n<ul>\n<li><span style=\"color: #333333;\">H2\/H3 do 110 kg<\/span><\/li>\n<li><span style=\"color: #333333;\">H4 do 130 kg<\/span><\/li>\n<li><span style=\"color: #333333;\">H5 preko 130 kg<\/span><\/li>\n<\/ul>\n<p><span style=\"color: #333333;\"><strong>Savjet:<\/strong>&nbsp;Radi o\u010duvanja kvaliteta, madrac je potrebno okretati svakih 60 dana.<\/span><\/p>\n<h3><span style=\"color: #333333;\"><u>Nadmadrac Basic Line HR Pjena<\/u><\/span><\/h3>\n<ul>\n<li><span style=\"color: #333333;\">Visokokvalitetna i prozra\u010dna HR hladna pjena<\/span><\/li>\n<li><span style=\"color: #333333;\">Visina jezgra 4 cm, ukupna visina 6 cm<\/span><\/li>\n<li><span style=\"color: #333333;\">Platno antialergijsko i antibakterijsko (navlaka periva na 60 C)<\/span><\/li>\n<li><span style=\"color: #333333;\">Ozra\u010dna traka<\/span><\/li>\n<\/ul>\n<h3><span style=\"color: #333333;\"><u>Uzglavlje<\/u><\/span><\/h3>\n<p><span style=\"color: #333333;\">Dimenzije:<\/span><\/p>\n<ul>\n<li><span style=\"color: #333333;\">Visina 120 cm (najmanja mogu\u0107a visina 96 cm)<\/span><\/li>\n<li><span style=\"color: #333333;\">\u0160irina 200 m (mo\u017ee se suziti na \u0161irinu kreveta)<\/span><\/li>\n<li><span style=\"color: #333333;\">Debljina 12 cm (je fiksna)<\/span><\/li>\n<\/ul>\n<h3><span style=\"color: #333333;\"><u>Nogari<\/u><\/span><\/h3>\n<ul>\n<li><span style=\"color: #333333;\">4 x Hoeck Poet 10 cm Crom<\/span><\/li>\n<li><span style=\"color: #333333;\">4 x Kockasti drveni 6x6x10 (bukva)<\/span><\/li>\n<\/ul>\n<h3><span style=\"color: #333333;\"><u>Natkasnica \u201eVilage\u201c<\/u><\/span><\/h3>\n<p><span style=\"color: #333333;\">Prepoznatljiva po:<\/span><\/p>\n<ul>\n<li><span style=\"color: #333333;\">1 latica (bez ru\u010dkice, otvara se povla\u010denjem)<\/span><\/li>\n<li><span style=\"color: #333333;\">1 polica<\/span><\/li>\n<\/ul>\n<p><span style=\"color: #333333;\">Dimenzije:<\/span><\/p>\n<ul>\n<li><span style=\"color: #333333;\">Visina: 61 cm<\/span><\/li>\n<li><span style=\"color: #333333;\">\u0160irina: 46 cm<\/span><\/li>\n<li><span style=\"color: #333333;\">Du\u017ena: 46 cm<\/span><\/li>\n<\/ul>\n<\/div><\/div>\n<div id=\"accordion-2316404827\" class=\"accordion-item\"><a id=\"accordion-2316404827-label\" href=\"#\" class=\"accordion-title plain\" aria-expanded=\"false\" aria-controls=\"accordion-2316404827-content\"><button class=\"toggle\" aria-label=\"Toggle\"><i class=\"icon-angle-down\"><\/i><\/button><span>Napomena<\/span><\/a><div id=\"accordion-2316404827-content\" class=\"accordion-inner\" aria-labelledby=\"accordion-2316404827-label\">\n<p><span style=\"color: #333333;\"><strong>U cijenu proizvoda je uklju\u010deno:<\/strong><\/span><\/p>\n<ul>\n<li><span style=\"color: #333333;\">Uzglavlje<\/span><\/li>\n<li><span style=\"color: #333333;\">Baza (boxspring box)<\/span><\/li>\n<li><span style=\"color: #333333;\">Madraci (madrac Basic tvrdo\u0107e H2, H3 ili H4)<\/span><\/li>\n<li><span style=\"color: #333333;\">Nadmadrac (nadmadrac Basic Line HR pjena)<\/span><\/li>\n<li><span style=\"color: #333333;\">Nogari<\/span><\/li>\n<\/ul>\n<p><span style=\"color: #333333;\"><strong>U cijenu proizvoda nije uklju\u010deno:<\/strong><\/span><\/p>\n<ul>\n<li><span style=\"color: #333333;\">Tvrdo\u0107a madraca H5 za koju slijedi doplata 30 KM po madracu<\/span><\/li>\n<li><span style=\"color: #333333;\">No\u0107ni ormari\u0107 \u201cVillage\u201d<\/span><\/li>\n<li><span style=\"color: #333333;\">Klupica \u201cTop Motion\u201d<\/span><\/li>\n<li>Tvrdo\u0107a madraca H5 za koju slijedi doplata od:\u2013 30 KM (na dimenzije 80\/90\/100-200\/210\/220)<br \/>\n\u2013 60 KM (na dimenzije 120\/140\/160\/180\/200-200\/210\/220)<\/li>\n<\/ul>\n<\/div><\/div>\n<\/div>\n","protected":false},"excerpt":{"rendered":"<p><span style=\"color: #333333;\">U nastavku imate mogu\u0107nost da sami sebi konfiguri\u0161ete krevet po svojim \u017eeljama i potrebama.<\/span><\/p>\n<p><img loading=\"lazy\" decoding=\"async\" class=\"alignnone size-full wp-image-3978 alignright\" src=\"https:\/\/fentissimoliving.ba\/wp-content\/uploads\/2022\/11\/made-in-bih.png\" alt=\"\" width=\"150\" height=\"94\"><\/p>\n","protected":false},"featured_media":3807,"template":"","meta":{"ngg_post_thumbnail":0},"product_cat":[15],"product_tag":[],"class_list":["post-3806","product","type-product","status-publish","has-post-thumbnail","hentry","product_cat-kreveti"],"composite_virtual":false,"composite_layout":"progressive","composite_add_to_cart_form_location":"after_summary","composite_editable_in_cart":true,"composite_sold_individually_context":"product","composite_shop_price_calc":"hidden","composite_components":[{"id":"1669671434","title":"Top motion","description":"","query_type":"product_ids","query_ids":[3811],"default_option_id":3811,"thumbnail_id":"","thumbnail_src":"","quantity_min":0,"quantity_max":10,"priced_individually":true,"shipped_individually":false,"optional":false,"discount":"","options_style":"dropdowns","pagination_style":"classic","display_prices":"absolute","show_sorting_options":false,"show_filtering_options":false,"attribute_filter_ids":[],"product_title_visible":false,"product_descr_visible":true,"product_price_visible":true,"product_thumb_visible":false,"subtotal_visible_product":true,"subtotal_visible_cart":true,"subtotal_visible_orders":true},{"id":"1671631681","title":"\u0160tof","description":"","query_type":"product_ids","query_ids":[1257],"default_option_id":1257,"thumbnail_id":"","thumbnail_src":"","quantity_min":1,"quantity_max":1,"priced_individually":false,"shipped_individually":false,"optional":false,"discount":"","options_style":"dropdowns","pagination_style":"classic","display_prices":"absolute","show_sorting_options":false,"show_filtering_options":false,"attribute_filter_ids":[],"product_title_visible":false,"product_descr_visible":true,"product_price_visible":true,"product_thumb_visible":false,"subtotal_visible_product":true,"subtotal_visible_cart":true,"subtotal_visible_orders":true}],"composite_scenarios":[],"yoast_head":"<!-- This site is optimized with the Yoast SEO plugin v20.9 - https:\/\/yoast.com\/wordpress\/plugins\/seo\/ -->\n<title>Top motion - Fentissimo Living<\/title>\n<meta name=\"robots\" content=\"index, follow, max-snippet:-1, max-image-preview:large, max-video-preview:-1\" \/>\n<link rel=\"canonical\" href=\"https:\/\/fentissimoliving.ba\/proizvod\/top-motion\/\" \/>\n<meta property=\"og:locale\" content=\"en_US\" \/>\n<meta property=\"og:type\" content=\"article\" \/>\n<meta property=\"og:title\" content=\"Top motion - Fentissimo Living\" \/>\n<meta property=\"og:description\" content=\"U nastavku imate mogu\u0107nost da sami sebi konfiguri\u0161ete krevet po svojim \u017eeljama i potrebama.\" \/>\n<meta property=\"og:url\" content=\"https:\/\/fentissimoliving.ba\/proizvod\/top-motion\/\" \/>\n<meta property=\"og:site_name\" content=\"Fentissimo Living\" \/>\n<meta property=\"article:modified_time\" content=\"2024-11-08T14:10:22+00:00\" \/>\n<meta property=\"og:image\" content=\"https:\/\/fentissimoliving.ba\/wp-content\/uploads\/2022\/11\/Top-Motion-NV-Orion-135-background-2.jpg\" \/>\n\t<meta property=\"og:image:width\" content=\"1500\" \/>\n\t<meta property=\"og:image:height\" content=\"1000\" \/>\n\t<meta property=\"og:image:type\" content=\"image\/jpeg\" \/>\n<meta name=\"twitter:card\" content=\"summary_large_image\" \/>\n<meta name=\"twitter:label1\" content=\"Est. reading time\" \/>\n\t<meta name=\"twitter:data1\" content=\"2 minutes\" \/>\n<script type=\"application\/ld+json\" class=\"yoast-schema-graph\">{\"@context\":\"https:\/\/schema.org\",\"@graph\":[{\"@type\":\"WebPage\",\"@id\":\"https:\/\/fentissimoliving.ba\/proizvod\/top-motion\/\",\"url\":\"https:\/\/fentissimoliving.ba\/proizvod\/top-motion\/\",\"name\":\"Top motion - Fentissimo Living\",\"isPartOf\":{\"@id\":\"https:\/\/fentissimoliving.ba\/#website\"},\"datePublished\":\"2022-11-28T20:14:26+00:00\",\"dateModified\":\"2024-11-08T14:10:22+00:00\",\"breadcrumb\":{\"@id\":\"https:\/\/fentissimoliving.ba\/proizvod\/top-motion\/#breadcrumb\"},\"inLanguage\":\"en-US\",\"potentialAction\":[{\"@type\":\"ReadAction\",\"target\":[\"https:\/\/fentissimoliving.ba\/proizvod\/top-motion\/\"]}]},{\"@type\":\"BreadcrumbList\",\"@id\":\"https:\/\/fentissimoliving.ba\/proizvod\/top-motion\/#breadcrumb\",\"itemListElement\":[{\"@type\":\"ListItem\",\"position\":1,\"name\":\"Home\",\"item\":\"https:\/\/fentissimoliving.ba\/\"},{\"@type\":\"ListItem\",\"position\":2,\"name\":\"Proizvodi\",\"item\":\"https:\/\/fentissimoliving.ba\/shop\/\"},{\"@type\":\"ListItem\",\"position\":3,\"name\":\"Top motion\"}]},{\"@type\":\"WebSite\",\"@id\":\"https:\/\/fentissimoliving.ba\/#website\",\"url\":\"https:\/\/fentissimoliving.ba\/\",\"name\":\"Fentissimo Living\",\"description\":\"Online trgovina\",\"potentialAction\":[{\"@type\":\"SearchAction\",\"target\":{\"@type\":\"EntryPoint\",\"urlTemplate\":\"https:\/\/fentissimoliving.ba\/?s={search_term_string}\"},\"query-input\":\"required name=search_term_string\"}],\"inLanguage\":\"en-US\"}]}<\/script>\n<!-- \/ Yoast SEO plugin. -->","yoast_head_json":{"title":"Top motion - Fentissimo Living","robots":{"index":"index","follow":"follow","max-snippet":"max-snippet:-1","max-image-preview":"max-image-preview:large","max-video-preview":"max-video-preview:-1"},"canonical":"https:\/\/fentissimoliving.ba\/proizvod\/top-motion\/","og_locale":"en_US","og_type":"article","og_title":"Top motion - Fentissimo Living","og_description":"U nastavku imate mogu\u0107nost da sami sebi konfiguri\u0161ete krevet po svojim \u017eeljama i potrebama.","og_url":"https:\/\/fentissimoliving.ba\/proizvod\/top-motion\/","og_site_name":"Fentissimo Living","article_modified_time":"2024-11-08T14:10:22+00:00","og_image":[{"width":1500,"height":1000,"url":"https:\/\/fentissimoliving.ba\/wp-content\/uploads\/2022\/11\/Top-Motion-NV-Orion-135-background-2.jpg","type":"image\/jpeg"}],"twitter_card":"summary_large_image","twitter_misc":{"Est. reading time":"2 minutes"},"schema":{"@context":"https:\/\/schema.org","@graph":[{"@type":"WebPage","@id":"https:\/\/fentissimoliving.ba\/proizvod\/top-motion\/","url":"https:\/\/fentissimoliving.ba\/proizvod\/top-motion\/","name":"Top motion - Fentissimo Living","isPartOf":{"@id":"https:\/\/fentissimoliving.ba\/#website"},"datePublished":"2022-11-28T20:14:26+00:00","dateModified":"2024-11-08T14:10:22+00:00","breadcrumb":{"@id":"https:\/\/fentissimoliving.ba\/proizvod\/top-motion\/#breadcrumb"},"inLanguage":"en-US","potentialAction":[{"@type":"ReadAction","target":["https:\/\/fentissimoliving.ba\/proizvod\/top-motion\/"]}]},{"@type":"BreadcrumbList","@id":"https:\/\/fentissimoliving.ba\/proizvod\/top-motion\/#breadcrumb","itemListElement":[{"@type":"ListItem","position":1,"name":"Home","item":"https:\/\/fentissimoliving.ba\/"},{"@type":"ListItem","position":2,"name":"Proizvodi","item":"https:\/\/fentissimoliving.ba\/shop\/"},{"@type":"ListItem","position":3,"name":"Top motion"}]},{"@type":"WebSite","@id":"https:\/\/fentissimoliving.ba\/#website","url":"https:\/\/fentissimoliving.ba\/","name":"Fentissimo Living","description":"Online trgovina","potentialAction":[{"@type":"SearchAction","target":{"@type":"EntryPoint","urlTemplate":"https:\/\/fentissimoliving.ba\/?s={search_term_string}"},"query-input":"required name=search_term_string"}],"inLanguage":"en-US"}]}},"_links":{"self":[{"href":"https:\/\/fentissimoliving.ba\/en\/wp-json\/wp\/v2\/product\/3806","targetHints":{"allow":["GET"]}}],"collection":[{"href":"https:\/\/fentissimoliving.ba\/en\/wp-json\/wp\/v2\/product"}],"about":[{"href":"https:\/\/fentissimoliving.ba\/en\/wp-json\/wp\/v2\/types\/product"}],"wp:featuredmedia":[{"embeddable":true,"href":"https:\/\/fentissimoliving.ba\/en\/wp-json\/wp\/v2\/media\/3807"}],"wp:attachment":[{"href":"https:\/\/fentissimoliving.ba\/en\/wp-json\/wp\/v2\/media?parent=3806"}],"wp:term":[{"taxonomy":"product_cat","embeddable":true,"href":"https:\/\/fentissimoliving.ba\/en\/wp-json\/wp\/v2\/product_cat?post=3806"},{"taxonomy":"product_tag","embeddable":true,"href":"https:\/\/fentissimoliving.ba\/en\/wp-json\/wp\/v2\/product_tag?post=3806"}],"curies":[{"name":"wp","href":"https:\/\/api.w.org\/{rel}","templated":true}]}}