{"id":391,"date":"2022-10-21T11:47:04","date_gmt":"2022-10-21T09:47:04","guid":{"rendered":"http:\/\/fentissimoliving.ba\/?post_type=product&#038;p=391"},"modified":"2024-11-08T11:29:46","modified_gmt":"2024-11-08T10:29:46","slug":"diane","status":"publish","type":"product","link":"https:\/\/fentissimoliving.ba\/en\/proizvod\/diane\/","title":{"rendered":"Diane"},"content":{"rendered":"<h3 class=\"accordion_title\"> <\/h3><div class=\"accordion\">\n<div id=\"accordion-3072456546\" class=\"accordion-item\"><a id=\"accordion-3072456546-label\" href=\"#\" class=\"accordion-title plain\" aria-expanded=\"false\" aria-controls=\"accordion-3072456546-content\"><button class=\"toggle\" aria-label=\"Toggle\"><i class=\"icon-angle-down\"><\/i><\/button><span>Opis<\/span><\/a><div id=\"accordion-3072456546-content\" class=\"accordion-inner\" aria-labelledby=\"accordion-3072456546-label\">\n<p><span style=\"color: #282828;\">Model Diane ima jedinstven izgled zahvaljuju\u0107i kombinaciji robusnog dizajna i luksuznih nogara. Diane ima debela sjedala i duple jastuke za le\u0111a, dizajnirana je ba\u0161 za opu\u0161tanje. Diane se savr\u0161eno uklapa u industrijski i savremeni enterijer.<\/span><\/p>\n<p><span style=\"color: #282828;\">Diane je dostupna u gotovo svim zamislivim varijacijama u rasporedu, materijalu i boji. Mo\u017eete birati izme\u0111u raznih vrsta tkanina. Ovaj model mo\u017ee biti dizajniran kao fotelja, dvosjed, trosjed, ugaona sofa sa mogu\u0107nosti kombinovanja dijelova i dimenzija. Uvijek postoji verzija koja odgovara va\u0161em enterijeru!<\/span><\/p>\n<\/div><\/div>\n<div id=\"accordion-4119911000\" class=\"accordion-item\"><a id=\"accordion-4119911000-label\" href=\"#\" class=\"accordion-title plain\" aria-expanded=\"false\" aria-controls=\"accordion-4119911000-content\"><button class=\"toggle\" aria-label=\"Toggle\"><i class=\"icon-angle-down\"><\/i><\/button><span>Tehni\u010dke informacije<\/span><\/a><div id=\"accordion-4119911000-content\" class=\"accordion-inner\" aria-labelledby=\"accordion-4119911000-label\">\n<p><span style=\"color: #282828;\"><strong>Standardne dimenzije:<\/strong><\/span><\/p>\n<p><span style=\"color: #333333;\">Visina sa jastucima: 90 cm<\/span><br \/>\n<span style=\"color: #333333;\">Visina sjedi\u0161ta: 45 cm<\/span><br \/>\n<span style=\"color: #333333;\">Dubina sjedi\u0161ta sa jastucima: 57 cm<\/span><br \/>\n<span style=\"color: #333333;\">Dubina sjedi\u0161ta bez jastuka: 92 cm<\/span><\/p>\n<\/div><\/div>\n<\/div>\n","protected":false},"excerpt":{"rendered":"<p style=\"text-align: left;\"><span style=\"color: #333333;\">U nastavku imate mogu\u0107nost da sami sebi konfiguri\u0161ete sofu po svojim \u017eeljama i potrebama.<\/span><\/p>\n<p style=\"text-align: right;\"><span style=\"color: #333333;\"><img loading=\"lazy\" decoding=\"async\" class=\"size-full wp-image-3978 aligncenter\" src=\"https:\/\/fentissimoliving.ba\/wp-content\/uploads\/2022\/11\/made-in-bih.png\" alt=\"\" width=\"150\" height=\"94\"><\/span><\/p>\n","protected":false},"featured_media":5331,"template":"","meta":{"ngg_post_thumbnail":0},"product_cat":[119],"product_tag":[],"class_list":["post-391","product","type-product","status-publish","has-post-thumbnail","hentry","product_cat-sofe"],"composite_virtual":false,"composite_layout":"progressive","composite_add_to_cart_form_location":"after_summary","composite_editable_in_cart":true,"composite_sold_individually_context":"product","composite_shop_price_calc":"hidden","composite_components":[{"id":"1668155661","title":"Sjedi\u0161te bez stranica 1AL","description":"","query_type":"product_ids","query_ids":[1244],"default_option_id":1244,"thumbnail_id":458,"thumbnail_src":"https:\/\/fentissimoliving.ba\/wp-content\/uploads\/2022\/10\/65x108-1.png","quantity_min":0,"quantity_max":10,"priced_individually":true,"shipped_individually":false,"optional":false,"discount":"","options_style":"dropdowns","pagination_style":"classic","display_prices":"absolute","show_sorting_options":false,"show_filtering_options":false,"attribute_filter_ids":[],"product_title_visible":false,"product_descr_visible":true,"product_price_visible":true,"product_thumb_visible":true,"subtotal_visible_product":true,"subtotal_visible_cart":true,"subtotal_visible_orders":true},{"id":"1668165368","title":"Sjedi\u0161te bez stranica 1,5AL","description":"","query_type":"product_ids","query_ids":[1282],"default_option_id":1282,"thumbnail_id":"","thumbnail_src":"","quantity_min":0,"quantity_max":10,"priced_individually":true,"shipped_individually":false,"optional":false,"discount":"","options_style":"dropdowns","pagination_style":"classic","display_prices":"absolute","show_sorting_options":false,"show_filtering_options":false,"attribute_filter_ids":[],"product_title_visible":false,"product_descr_visible":true,"product_price_visible":true,"product_thumb_visible":true,"subtotal_visible_product":true,"subtotal_visible_cart":true,"subtotal_visible_orders":true},{"id":"1668167093","title":"Sjedi\u0161te bez stranica 2,5AL","description":"","query_type":"product_ids","query_ids":[1286],"default_option_id":1286,"thumbnail_id":"","thumbnail_src":"","quantity_min":0,"quantity_max":10,"priced_individually":true,"shipped_individually":false,"optional":false,"discount":"","options_style":"dropdowns","pagination_style":"classic","display_prices":"absolute","show_sorting_options":false,"show_filtering_options":false,"attribute_filter_ids":[],"product_title_visible":false,"product_descr_visible":true,"product_price_visible":true,"product_thumb_visible":true,"subtotal_visible_product":true,"subtotal_visible_cart":true,"subtotal_visible_orders":true},{"id":"1668166325","title":"Sjedi\u0161te bez stranica 3AL","description":"","query_type":"product_ids","query_ids":[1290],"default_option_id":1290,"thumbnail_id":"","thumbnail_src":"","quantity_min":0,"quantity_max":10,"priced_individually":true,"shipped_individually":false,"optional":false,"discount":"","options_style":"dropdowns","pagination_style":"classic","display_prices":"absolute","show_sorting_options":false,"show_filtering_options":false,"attribute_filter_ids":[],"product_title_visible":false,"product_descr_visible":true,"product_price_visible":true,"product_thumb_visible":true,"subtotal_visible_product":true,"subtotal_visible_cart":true,"subtotal_visible_orders":true},{"id":"1668170505","title":"Sjedi\u0161te bez stranica 4AL","description":"","query_type":"product_ids","query_ids":[1294],"default_option_id":1294,"thumbnail_id":"","thumbnail_src":"","quantity_min":0,"quantity_max":10,"priced_individually":true,"shipped_individually":false,"optional":false,"discount":"","options_style":"dropdowns","pagination_style":"classic","display_prices":"absolute","show_sorting_options":false,"show_filtering_options":false,"attribute_filter_ids":[],"product_title_visible":false,"product_descr_visible":true,"product_price_visible":true,"product_thumb_visible":true,"subtotal_visible_product":true,"subtotal_visible_cart":true,"subtotal_visible_orders":true},{"id":"1668172637","title":"Divan - lijevi","description":"","query_type":"product_ids","query_ids":[1250],"default_option_id":1250,"thumbnail_id":"","thumbnail_src":"","quantity_min":0,"quantity_max":10,"priced_individually":true,"shipped_individually":false,"optional":false,"discount":"","options_style":"dropdowns","pagination_style":"classic","display_prices":"absolute","show_sorting_options":false,"show_filtering_options":false,"attribute_filter_ids":[],"product_title_visible":false,"product_descr_visible":true,"product_price_visible":true,"product_thumb_visible":true,"subtotal_visible_product":true,"subtotal_visible_cart":true,"subtotal_visible_orders":true},{"id":"1669672258","title":"Divan - desni","description":"","query_type":"product_ids","query_ids":[3860],"default_option_id":3860,"thumbnail_id":"","thumbnail_src":"","quantity_min":0,"quantity_max":10,"priced_individually":true,"shipped_individually":false,"optional":false,"discount":"","options_style":"dropdowns","pagination_style":"classic","display_prices":"absolute","show_sorting_options":false,"show_filtering_options":false,"attribute_filter_ids":[],"product_title_visible":false,"product_descr_visible":true,"product_price_visible":true,"product_thumb_visible":true,"subtotal_visible_product":true,"subtotal_visible_cart":true,"subtotal_visible_orders":true},{"id":"1669672486","title":"Otoman - lijevi","description":"","query_type":"product_ids","query_ids":[3896],"default_option_id":3896,"thumbnail_id":"","thumbnail_src":"","quantity_min":0,"quantity_max":10,"priced_individually":true,"shipped_individually":false,"optional":false,"discount":"","options_style":"dropdowns","pagination_style":"classic","display_prices":"absolute","show_sorting_options":false,"show_filtering_options":false,"attribute_filter_ids":[],"product_title_visible":false,"product_descr_visible":true,"product_price_visible":true,"product_thumb_visible":true,"subtotal_visible_product":true,"subtotal_visible_cart":true,"subtotal_visible_orders":true},{"id":"1668172728","title":"Otoman - desni","description":"","query_type":"product_ids","query_ids":[1241],"default_option_id":1241,"thumbnail_id":"","thumbnail_src":"","quantity_min":0,"quantity_max":10,"priced_individually":true,"shipped_individually":false,"optional":false,"discount":"","options_style":"dropdowns","pagination_style":"classic","display_prices":"absolute","show_sorting_options":false,"show_filtering_options":false,"attribute_filter_ids":[],"product_title_visible":false,"product_descr_visible":true,"product_price_visible":true,"product_thumb_visible":true,"subtotal_visible_product":true,"subtotal_visible_cart":true,"subtotal_visible_orders":true},{"id":"1668171245","title":"Ugao","description":"","query_type":"product_ids","query_ids":[1255],"default_option_id":1255,"thumbnail_id":"","thumbnail_src":"","quantity_min":0,"quantity_max":10,"priced_individually":true,"shipped_individually":false,"optional":false,"discount":"","options_style":"dropdowns","pagination_style":"classic","display_prices":"absolute","show_sorting_options":false,"show_filtering_options":false,"attribute_filter_ids":[],"product_title_visible":false,"product_descr_visible":true,"product_price_visible":true,"product_thumb_visible":true,"subtotal_visible_product":true,"subtotal_visible_cart":true,"subtotal_visible_orders":true},{"id":"1668171677","title":"Tabure","description":"","query_type":"product_ids","query_ids":[1253],"default_option_id":1253,"thumbnail_id":"","thumbnail_src":"","quantity_min":0,"quantity_max":10,"priced_individually":true,"shipped_individually":false,"optional":false,"discount":"","options_style":"dropdowns","pagination_style":"classic","display_prices":"absolute","show_sorting_options":false,"show_filtering_options":false,"attribute_filter_ids":[],"product_title_visible":false,"product_descr_visible":true,"product_price_visible":true,"product_thumb_visible":true,"subtotal_visible_product":true,"subtotal_visible_cart":true,"subtotal_visible_orders":true},{"id":"1668511872","title":"Stranica - ARM","description":"","query_type":"product_ids","query_ids":[2267],"default_option_id":2267,"thumbnail_id":"","thumbnail_src":"","quantity_min":0,"quantity_max":10,"priced_individually":true,"shipped_individually":false,"optional":false,"discount":"","options_style":"dropdowns","pagination_style":"classic","display_prices":"absolute","show_sorting_options":false,"show_filtering_options":false,"attribute_filter_ids":[],"product_title_visible":false,"product_descr_visible":true,"product_price_visible":true,"product_thumb_visible":true,"subtotal_visible_product":true,"subtotal_visible_cart":true,"subtotal_visible_orders":true},{"id":"1668174933","title":"\u0160ifra \u0161tofa","description":"","query_type":"product_ids","query_ids":[1257],"default_option_id":1257,"thumbnail_id":"","thumbnail_src":"","quantity_min":1,"quantity_max":1,"priced_individually":false,"shipped_individually":false,"optional":false,"discount":"","options_style":"dropdowns","pagination_style":"classic","display_prices":"absolute","show_sorting_options":false,"show_filtering_options":false,"attribute_filter_ids":[],"product_title_visible":true,"product_descr_visible":true,"product_price_visible":true,"product_thumb_visible":false,"subtotal_visible_product":true,"subtotal_visible_cart":true,"subtotal_visible_orders":true}],"composite_scenarios":[],"yoast_head":"<!-- This site is optimized with the Yoast SEO plugin v20.9 - https:\/\/yoast.com\/wordpress\/plugins\/seo\/ -->\n<title>Diane - Fentissimo Living<\/title>\n<meta name=\"robots\" content=\"index, follow, max-snippet:-1, max-image-preview:large, max-video-preview:-1\" \/>\n<link rel=\"canonical\" href=\"https:\/\/fentissimoliving.ba\/proizvod\/diane\/\" \/>\n<meta property=\"og:locale\" content=\"en_US\" \/>\n<meta property=\"og:type\" content=\"article\" \/>\n<meta property=\"og:title\" content=\"Diane - Fentissimo Living\" \/>\n<meta property=\"og:description\" content=\"U nastavku imate mogu\u0107nost da sami sebi konfiguri\u0161ete sofu po svojim \u017eeljama i potrebama.\" \/>\n<meta property=\"og:url\" content=\"https:\/\/fentissimoliving.ba\/proizvod\/diane\/\" \/>\n<meta property=\"og:site_name\" content=\"Fentissimo Living\" \/>\n<meta property=\"article:modified_time\" content=\"2024-11-08T10:29:46+00:00\" \/>\n<meta property=\"og:image\" content=\"https:\/\/fentissimoliving.ba\/wp-content\/uploads\/2022\/10\/Diane1.jpg\" \/>\n\t<meta property=\"og:image:width\" content=\"1200\" \/>\n\t<meta property=\"og:image:height\" content=\"800\" \/>\n\t<meta property=\"og:image:type\" content=\"image\/jpeg\" \/>\n<meta name=\"twitter:card\" content=\"summary_large_image\" \/>\n<meta name=\"twitter:label1\" content=\"Est. reading time\" \/>\n\t<meta name=\"twitter:data1\" content=\"1 minute\" \/>\n<script type=\"application\/ld+json\" class=\"yoast-schema-graph\">{\"@context\":\"https:\/\/schema.org\",\"@graph\":[{\"@type\":\"WebPage\",\"@id\":\"https:\/\/fentissimoliving.ba\/proizvod\/diane\/\",\"url\":\"https:\/\/fentissimoliving.ba\/proizvod\/diane\/\",\"name\":\"Diane - Fentissimo Living\",\"isPartOf\":{\"@id\":\"https:\/\/fentissimoliving.ba\/#website\"},\"datePublished\":\"2022-10-21T09:47:04+00:00\",\"dateModified\":\"2024-11-08T10:29:46+00:00\",\"breadcrumb\":{\"@id\":\"https:\/\/fentissimoliving.ba\/proizvod\/diane\/#breadcrumb\"},\"inLanguage\":\"en-US\",\"potentialAction\":[{\"@type\":\"ReadAction\",\"target\":[\"https:\/\/fentissimoliving.ba\/proizvod\/diane\/\"]}]},{\"@type\":\"BreadcrumbList\",\"@id\":\"https:\/\/fentissimoliving.ba\/proizvod\/diane\/#breadcrumb\",\"itemListElement\":[{\"@type\":\"ListItem\",\"position\":1,\"name\":\"Home\",\"item\":\"https:\/\/fentissimoliving.ba\/\"},{\"@type\":\"ListItem\",\"position\":2,\"name\":\"Proizvodi\",\"item\":\"https:\/\/fentissimoliving.ba\/shop\/\"},{\"@type\":\"ListItem\",\"position\":3,\"name\":\"Diane\"}]},{\"@type\":\"WebSite\",\"@id\":\"https:\/\/fentissimoliving.ba\/#website\",\"url\":\"https:\/\/fentissimoliving.ba\/\",\"name\":\"Fentissimo Living\",\"description\":\"Online trgovina\",\"potentialAction\":[{\"@type\":\"SearchAction\",\"target\":{\"@type\":\"EntryPoint\",\"urlTemplate\":\"https:\/\/fentissimoliving.ba\/?s={search_term_string}\"},\"query-input\":\"required name=search_term_string\"}],\"inLanguage\":\"en-US\"}]}<\/script>\n<!-- \/ Yoast SEO plugin. -->","yoast_head_json":{"title":"Diane - Fentissimo Living","robots":{"index":"index","follow":"follow","max-snippet":"max-snippet:-1","max-image-preview":"max-image-preview:large","max-video-preview":"max-video-preview:-1"},"canonical":"https:\/\/fentissimoliving.ba\/proizvod\/diane\/","og_locale":"en_US","og_type":"article","og_title":"Diane - Fentissimo Living","og_description":"U nastavku imate mogu\u0107nost da sami sebi konfiguri\u0161ete sofu po svojim \u017eeljama i potrebama.","og_url":"https:\/\/fentissimoliving.ba\/proizvod\/diane\/","og_site_name":"Fentissimo Living","article_modified_time":"2024-11-08T10:29:46+00:00","og_image":[{"width":1200,"height":800,"url":"https:\/\/fentissimoliving.ba\/wp-content\/uploads\/2022\/10\/Diane1.jpg","type":"image\/jpeg"}],"twitter_card":"summary_large_image","twitter_misc":{"Est. reading time":"1 minute"},"schema":{"@context":"https:\/\/schema.org","@graph":[{"@type":"WebPage","@id":"https:\/\/fentissimoliving.ba\/proizvod\/diane\/","url":"https:\/\/fentissimoliving.ba\/proizvod\/diane\/","name":"Diane - Fentissimo Living","isPartOf":{"@id":"https:\/\/fentissimoliving.ba\/#website"},"datePublished":"2022-10-21T09:47:04+00:00","dateModified":"2024-11-08T10:29:46+00:00","breadcrumb":{"@id":"https:\/\/fentissimoliving.ba\/proizvod\/diane\/#breadcrumb"},"inLanguage":"en-US","potentialAction":[{"@type":"ReadAction","target":["https:\/\/fentissimoliving.ba\/proizvod\/diane\/"]}]},{"@type":"BreadcrumbList","@id":"https:\/\/fentissimoliving.ba\/proizvod\/diane\/#breadcrumb","itemListElement":[{"@type":"ListItem","position":1,"name":"Home","item":"https:\/\/fentissimoliving.ba\/"},{"@type":"ListItem","position":2,"name":"Proizvodi","item":"https:\/\/fentissimoliving.ba\/shop\/"},{"@type":"ListItem","position":3,"name":"Diane"}]},{"@type":"WebSite","@id":"https:\/\/fentissimoliving.ba\/#website","url":"https:\/\/fentissimoliving.ba\/","name":"Fentissimo Living","description":"Online trgovina","potentialAction":[{"@type":"SearchAction","target":{"@type":"EntryPoint","urlTemplate":"https:\/\/fentissimoliving.ba\/?s={search_term_string}"},"query-input":"required name=search_term_string"}],"inLanguage":"en-US"}]}},"_links":{"self":[{"href":"https:\/\/fentissimoliving.ba\/en\/wp-json\/wp\/v2\/product\/391","targetHints":{"allow":["GET"]}}],"collection":[{"href":"https:\/\/fentissimoliving.ba\/en\/wp-json\/wp\/v2\/product"}],"about":[{"href":"https:\/\/fentissimoliving.ba\/en\/wp-json\/wp\/v2\/types\/product"}],"wp:featuredmedia":[{"embeddable":true,"href":"https:\/\/fentissimoliving.ba\/en\/wp-json\/wp\/v2\/media\/5331"}],"wp:attachment":[{"href":"https:\/\/fentissimoliving.ba\/en\/wp-json\/wp\/v2\/media?parent=391"}],"wp:term":[{"taxonomy":"product_cat","embeddable":true,"href":"https:\/\/fentissimoliving.ba\/en\/wp-json\/wp\/v2\/product_cat?post=391"},{"taxonomy":"product_tag","embeddable":true,"href":"https:\/\/fentissimoliving.ba\/en\/wp-json\/wp\/v2\/product_tag?post=391"}],"curies":[{"name":"wp","href":"https:\/\/api.w.org\/{rel}","templated":true}]}}