{"id":6274,"date":"2024-11-19T12:52:44","date_gmt":"2024-11-19T11:52:44","guid":{"rendered":"https:\/\/fentissimoliving.ba\/?post_type=product&#038;p=6274"},"modified":"2024-11-20T08:10:57","modified_gmt":"2024-11-20T07:10:57","slug":"safir","status":"publish","type":"product","link":"https:\/\/fentissimoliving.ba\/en\/proizvod\/safir\/","title":{"rendered":"Safir"},"content":{"rendered":"<p><span style=\"color: #333333;\"><div class=\"accordion\"><\/span><\/p>\n<p><span style=\"color: #333333;\"><div id=\"accordion-3482932110\" class=\"accordion-item\"><a id=\"accordion-3482932110-label\" href=\"#\" class=\"accordion-title plain\" aria-expanded=\"false\" aria-controls=\"accordion-3482932110-content\"><button class=\"toggle\" aria-label=\"Toggle\"><i class=\"icon-angle-down\"><\/i><\/button><span>Opis<\/span><\/a><div id=\"accordion-3482932110-content\" class=\"accordion-inner\" aria-labelledby=\"accordion-3482932110-label\"><\/span><\/p>\n<p>Krevet Safir ima elegantan izgled. Posebna pa\u017enja je posve\u0107ena uzglavlju koje odi\u0161e elegancijom i daje spava\u0107oj sobi poseban osje\u0107aj opu\u0161tenosti. Odaberite tvrdo\u0107u madraca tako \u0161to \u0107ete je prilagoditi svojim \u017eeljama za spavanje. Odredite materijal i boju po svom ukusu, odabirom \u0161tofa iz ponu\u0111ene kolekcije tkanina. Tako\u0111er mo\u017eete dodatno uljep\u0161ati sam izgled kreveta sa prakti\u010dnim detaljem kao \u0161to je no\u0107ni stoli\u0107 Living.<\/p>\n<p><span style=\"color: #333333;\"><\/div><\/div><\/span><\/p>\n<p><span style=\"color: #333333;\"><div id=\"accordion-2057187965\" class=\"accordion-item\"><a id=\"accordion-2057187965-label\" href=\"#\" class=\"accordion-title plain\" aria-expanded=\"false\" aria-controls=\"accordion-2057187965-content\"><button class=\"toggle\" aria-label=\"Toggle\"><i class=\"icon-angle-down\"><\/i><\/button><span>Tehni\u010dke informacije<\/span><\/a><div id=\"accordion-2057187965-content\" class=\"accordion-inner\" aria-labelledby=\"accordion-2057187965-label\"><\/span><\/p>\n<p>U nastavku slijede tehni\u010dke informacije za tapacirani krevet Safir dimenzije 180-200<\/p>\n<p><strong>Ukupna du\u017eina kreveta sa uzglavljem:<\/strong>&nbsp;218 cm<\/p>\n<p><strong>Ukupna visina kreveta (sa nogar, baza, madrac, nadmadrac):<\/strong>&nbsp;53 cm<\/p>\n<p><strong><u>Baza (box)<\/u><\/strong><\/p>\n<p>Boxspring box je baza kreveta tj. postolje. Postolje se pravi od drvenih dijelova i od spu\u017eve. Njihova uskla\u0111enost pove\u0107ava udobnost spavanja.<\/p>\n<p><strong><u>Madrac:<\/u><\/strong><\/p>\n<p>Madrac potone 11 cm u okvir kreveta.<\/p>\n<p><strong>Tvrdo\u0107e:<\/strong><\/p>\n<p>&nbsp;Tvrdo\u0107e:<\/p>\n<p>H2\/H3 do 110 kg<\/p>\n<p>H4 do 130 kg<\/p>\n<p>H5 preko 130 kg<\/p>\n<p><strong>Savjet:<\/strong>&nbsp;Radi o\u010duvanja kvaliteta, madrac je potrebno okretati svakih 60 dana.<\/p>\n<p><strong><u>Nadmadrac<\/u><\/strong><\/p>\n<p><u>Nadmadrac Basic Line HR Pjena<\/u><\/p>\n<ul>\n<li>Visokokvalitetna i prozra\u010dna HR hladna pjena<\/li>\n<li>Visina jezgra 4 cm, ukupna visina 6 cm<\/li>\n<li>Platno antialergijsko i antibakterijsko (navlaka periva na 60 C)<\/li>\n<li>Ozra\u010dna traka<\/li>\n<\/ul>\n<p><strong><u>Uzglavlje:<\/u><\/strong><\/p>\n<p>Dimenzije:<\/p>\n<ul>\n<li>Visina 116cm<\/li>\n<li>\u0160irina 210cm (mo\u017ee se suziti \u0161irinu kreveta)<\/li>\n<li>Debljina 11cm (ona je fiksna)<\/li>\n<\/ul>\n<p><strong><u>Nogari:<\/u><\/strong><\/p>\n<p>Wing Gold 18 cm 4 komada<\/p>\n<p><strong><u>Latoflexi<\/u><\/strong><\/p>\n<p>Latoflexi 28 i Natur<\/p>\n<p>&nbsp;<\/p>\n<p><span style=\"color: #333333;\"><\/div><\/div><\/span><\/p>\n<p><span style=\"color: #333333;\"><div id=\"accordion-1039510339\" class=\"accordion-item\"><a id=\"accordion-1039510339-label\" href=\"#\" class=\"accordion-title plain\" aria-expanded=\"false\" aria-controls=\"accordion-1039510339-content\"><button class=\"toggle\" aria-label=\"Toggle\"><i class=\"icon-angle-down\"><\/i><\/button><span>Napomena<\/span><\/a><div id=\"accordion-1039510339-content\" class=\"accordion-inner\" aria-labelledby=\"accordion-1039510339-label\"><\/span><\/p>\n<p><span style=\"color: #333333;\"><strong>U cijenu proizvoda je uklju\u010deno:<\/strong><\/span><\/p>\n<ul>\n<li><span style=\"color: #333333;\">Uzglavlje<\/span><\/li>\n<li><span style=\"color: #333333;\">Baza<\/span><\/li>\n<li><span style=\"color: #333333;\">Nogari<\/span><\/li>\n<\/ul>\n<p><span style=\"color: #333333;\"><strong>U cijenu proizvoda nije uklju\u010deno:<\/strong><\/span><\/p>\n<ul>\n<li><span style=\"color: #333333;\">Madraci<\/span><\/li>\n<li><span style=\"color: #333333;\">Latoflexi<\/span><\/li>\n<li><span style=\"color: #333333;\">Tvrdo\u0107a madraca H5 za koju slijedi doplata od:<\/span>&nbsp;<span style=\"color: #333333;\">&#8211; 30 KM (na dimenzije 80\/90\/100-200\/210\/220)<\/span><br \/>\n<span style=\"color: #333333;\">&#8211; 60 KM (na dimenzije 120\/140\/160\/180\/200-200\/210\/220)<\/span><\/li>\n<\/ul>\n<p><span style=\"color: #333333;\"><\/div><\/div><\/span><\/p>\n<\/div>\n","protected":false},"excerpt":{"rendered":"<p><span style=\"color: #333333;\">U nastavku imate mogu\u0107nost da sami sebi konfiguri\u0161ete krevet po svojim \u017eeljama i potrebama.<\/span><\/p>\n<p><img loading=\"lazy\" decoding=\"async\" class=\"alignnone size-full wp-image-3978 alignright\" src=\"https:\/\/fentissimoliving.ba\/wp-content\/uploads\/2022\/11\/made-in-bih.png\" alt=\"\" width=\"150\" height=\"94\"><\/p>\n","protected":false},"featured_media":6275,"template":"","meta":{"ngg_post_thumbnail":0},"product_cat":[15],"product_tag":[],"class_list":["post-6274","product","type-product","status-publish","has-post-thumbnail","hentry","product_cat-kreveti"],"composite_virtual":false,"composite_layout":"progressive","composite_add_to_cart_form_location":"after_summary","composite_editable_in_cart":true,"composite_sold_individually_context":"product","composite_shop_price_calc":"hidden","composite_components":[{"id":"1732088583","title":"Safir","description":"","query_type":"product_ids","query_ids":[6278],"default_option_id":6278,"thumbnail_id":"","thumbnail_src":"","quantity_min":0,"quantity_max":10,"priced_individually":true,"shipped_individually":false,"optional":false,"discount":"","options_style":"dropdowns","pagination_style":"classic","display_prices":"absolute","show_sorting_options":false,"show_filtering_options":false,"attribute_filter_ids":[],"product_title_visible":false,"product_descr_visible":true,"product_price_visible":true,"product_thumb_visible":false,"subtotal_visible_product":true,"subtotal_visible_cart":true,"subtotal_visible_orders":true},{"id":"1732088584","title":"\u0160tof","description":"","query_type":"product_ids","query_ids":[1257],"default_option_id":1257,"thumbnail_id":"","thumbnail_src":"","quantity_min":0,"quantity_max":1,"priced_individually":false,"shipped_individually":false,"optional":false,"discount":"","options_style":"dropdowns","pagination_style":"classic","display_prices":"absolute","show_sorting_options":false,"show_filtering_options":false,"attribute_filter_ids":[],"product_title_visible":false,"product_descr_visible":true,"product_price_visible":true,"product_thumb_visible":false,"subtotal_visible_product":true,"subtotal_visible_cart":true,"subtotal_visible_orders":true}],"composite_scenarios":[],"yoast_head":"<!-- This site is optimized with the Yoast SEO plugin v20.9 - https:\/\/yoast.com\/wordpress\/plugins\/seo\/ -->\n<title>Safir - Fentissimo Living<\/title>\n<meta name=\"robots\" content=\"index, follow, max-snippet:-1, max-image-preview:large, max-video-preview:-1\" \/>\n<link rel=\"canonical\" href=\"https:\/\/fentissimoliving.ba\/proizvod\/safir\/\" \/>\n<meta property=\"og:locale\" content=\"en_US\" \/>\n<meta property=\"og:type\" content=\"article\" \/>\n<meta property=\"og:title\" content=\"Safir - Fentissimo Living\" \/>\n<meta property=\"og:description\" content=\"U nastavku imate mogu\u0107nost da sami sebi konfiguri\u0161ete krevet po svojim \u017eeljama i potrebama.\" \/>\n<meta property=\"og:url\" content=\"https:\/\/fentissimoliving.ba\/proizvod\/safir\/\" \/>\n<meta property=\"og:site_name\" content=\"Fentissimo Living\" \/>\n<meta property=\"article:modified_time\" content=\"2024-11-20T07:10:57+00:00\" \/>\n<meta property=\"og:image\" content=\"https:\/\/fentissimoliving.ba\/wp-content\/uploads\/2024\/11\/Safir-Grun-scaled.jpg\" \/>\n\t<meta property=\"og:image:width\" content=\"2560\" \/>\n\t<meta property=\"og:image:height\" content=\"1617\" \/>\n\t<meta property=\"og:image:type\" content=\"image\/jpeg\" \/>\n<meta name=\"twitter:card\" content=\"summary_large_image\" \/>\n<meta name=\"twitter:label1\" content=\"Est. reading time\" \/>\n\t<meta name=\"twitter:data1\" content=\"2 minutes\" \/>\n<script type=\"application\/ld+json\" class=\"yoast-schema-graph\">{\"@context\":\"https:\/\/schema.org\",\"@graph\":[{\"@type\":\"WebPage\",\"@id\":\"https:\/\/fentissimoliving.ba\/proizvod\/safir\/\",\"url\":\"https:\/\/fentissimoliving.ba\/proizvod\/safir\/\",\"name\":\"Safir - Fentissimo Living\",\"isPartOf\":{\"@id\":\"https:\/\/fentissimoliving.ba\/#website\"},\"datePublished\":\"2024-11-19T11:52:44+00:00\",\"dateModified\":\"2024-11-20T07:10:57+00:00\",\"breadcrumb\":{\"@id\":\"https:\/\/fentissimoliving.ba\/proizvod\/safir\/#breadcrumb\"},\"inLanguage\":\"en-US\",\"potentialAction\":[{\"@type\":\"ReadAction\",\"target\":[\"https:\/\/fentissimoliving.ba\/proizvod\/safir\/\"]}]},{\"@type\":\"BreadcrumbList\",\"@id\":\"https:\/\/fentissimoliving.ba\/proizvod\/safir\/#breadcrumb\",\"itemListElement\":[{\"@type\":\"ListItem\",\"position\":1,\"name\":\"Home\",\"item\":\"https:\/\/fentissimoliving.ba\/\"},{\"@type\":\"ListItem\",\"position\":2,\"name\":\"Proizvodi\",\"item\":\"https:\/\/fentissimoliving.ba\/shop\/\"},{\"@type\":\"ListItem\",\"position\":3,\"name\":\"Safir\"}]},{\"@type\":\"WebSite\",\"@id\":\"https:\/\/fentissimoliving.ba\/#website\",\"url\":\"https:\/\/fentissimoliving.ba\/\",\"name\":\"Fentissimo Living\",\"description\":\"Online trgovina\",\"potentialAction\":[{\"@type\":\"SearchAction\",\"target\":{\"@type\":\"EntryPoint\",\"urlTemplate\":\"https:\/\/fentissimoliving.ba\/?s={search_term_string}\"},\"query-input\":\"required name=search_term_string\"}],\"inLanguage\":\"en-US\"}]}<\/script>\n<!-- \/ Yoast SEO plugin. -->","yoast_head_json":{"title":"Safir - Fentissimo Living","robots":{"index":"index","follow":"follow","max-snippet":"max-snippet:-1","max-image-preview":"max-image-preview:large","max-video-preview":"max-video-preview:-1"},"canonical":"https:\/\/fentissimoliving.ba\/proizvod\/safir\/","og_locale":"en_US","og_type":"article","og_title":"Safir - Fentissimo Living","og_description":"U nastavku imate mogu\u0107nost da sami sebi konfiguri\u0161ete krevet po svojim \u017eeljama i potrebama.","og_url":"https:\/\/fentissimoliving.ba\/proizvod\/safir\/","og_site_name":"Fentissimo Living","article_modified_time":"2024-11-20T07:10:57+00:00","og_image":[{"width":2560,"height":1617,"url":"https:\/\/fentissimoliving.ba\/wp-content\/uploads\/2024\/11\/Safir-Grun-scaled.jpg","type":"image\/jpeg"}],"twitter_card":"summary_large_image","twitter_misc":{"Est. reading time":"2 minutes"},"schema":{"@context":"https:\/\/schema.org","@graph":[{"@type":"WebPage","@id":"https:\/\/fentissimoliving.ba\/proizvod\/safir\/","url":"https:\/\/fentissimoliving.ba\/proizvod\/safir\/","name":"Safir - Fentissimo Living","isPartOf":{"@id":"https:\/\/fentissimoliving.ba\/#website"},"datePublished":"2024-11-19T11:52:44+00:00","dateModified":"2024-11-20T07:10:57+00:00","breadcrumb":{"@id":"https:\/\/fentissimoliving.ba\/proizvod\/safir\/#breadcrumb"},"inLanguage":"en-US","potentialAction":[{"@type":"ReadAction","target":["https:\/\/fentissimoliving.ba\/proizvod\/safir\/"]}]},{"@type":"BreadcrumbList","@id":"https:\/\/fentissimoliving.ba\/proizvod\/safir\/#breadcrumb","itemListElement":[{"@type":"ListItem","position":1,"name":"Home","item":"https:\/\/fentissimoliving.ba\/"},{"@type":"ListItem","position":2,"name":"Proizvodi","item":"https:\/\/fentissimoliving.ba\/shop\/"},{"@type":"ListItem","position":3,"name":"Safir"}]},{"@type":"WebSite","@id":"https:\/\/fentissimoliving.ba\/#website","url":"https:\/\/fentissimoliving.ba\/","name":"Fentissimo Living","description":"Online trgovina","potentialAction":[{"@type":"SearchAction","target":{"@type":"EntryPoint","urlTemplate":"https:\/\/fentissimoliving.ba\/?s={search_term_string}"},"query-input":"required name=search_term_string"}],"inLanguage":"en-US"}]}},"_links":{"self":[{"href":"https:\/\/fentissimoliving.ba\/en\/wp-json\/wp\/v2\/product\/6274","targetHints":{"allow":["GET"]}}],"collection":[{"href":"https:\/\/fentissimoliving.ba\/en\/wp-json\/wp\/v2\/product"}],"about":[{"href":"https:\/\/fentissimoliving.ba\/en\/wp-json\/wp\/v2\/types\/product"}],"wp:featuredmedia":[{"embeddable":true,"href":"https:\/\/fentissimoliving.ba\/en\/wp-json\/wp\/v2\/media\/6275"}],"wp:attachment":[{"href":"https:\/\/fentissimoliving.ba\/en\/wp-json\/wp\/v2\/media?parent=6274"}],"wp:term":[{"taxonomy":"product_cat","embeddable":true,"href":"https:\/\/fentissimoliving.ba\/en\/wp-json\/wp\/v2\/product_cat?post=6274"},{"taxonomy":"product_tag","embeddable":true,"href":"https:\/\/fentissimoliving.ba\/en\/wp-json\/wp\/v2\/product_tag?post=6274"}],"curies":[{"name":"wp","href":"https:\/\/api.w.org\/{rel}","templated":true}]}}