{"id":6406,"date":"2024-11-21T11:03:50","date_gmt":"2024-11-21T10:03:50","guid":{"rendered":"https:\/\/fentissimoliving.ba\/?post_type=product&#038;p=6406"},"modified":"2024-11-21T11:34:43","modified_gmt":"2024-11-21T10:34:43","slug":"living-203","status":"publish","type":"product","link":"https:\/\/fentissimoliving.ba\/en\/proizvod\/living-203\/","title":{"rendered":"Living 203"},"content":{"rendered":"<div class=\"accordion\">\n<div id=\"accordion-404591267\" class=\"accordion-item\"><a id=\"accordion-404591267-label\" href=\"#\" class=\"accordion-title plain\" aria-expanded=\"false\" aria-controls=\"accordion-404591267-content\"><button class=\"toggle\" aria-label=\"Toggle\"><i class=\"icon-angle-down\"><\/i><\/button><span>Opis<\/span><\/a><div id=\"accordion-404591267-content\" class=\"accordion-inner\" aria-labelledby=\"accordion-404591267-label\">\n<p>Pored svog luksuznog izgleda, pru\u017ea i prakti\u010dnost. Dvije latice\/sanduka omogu\u0107avaju dodatni prostor u spava\u0107oj sobi za odlaganje jastuka i jorgana. Odaberite vrstu\/tvrdo\u0107u madraca, latoflex le\u017eaj tako \u0161to \u0107ete ih prilagoditi svojim \u017eeljama za spavanje. Odredite materijal i boju po svom ukusu, odabirom \u0161tofa iz ponu\u0111ene kolekcije tkanina.<\/p>\n<\/div><\/div>\n<div id=\"accordion-1880665159\" class=\"accordion-item\"><a id=\"accordion-1880665159-label\" href=\"#\" class=\"accordion-title plain\" aria-expanded=\"false\" aria-controls=\"accordion-1880665159-content\"><button class=\"toggle\" aria-label=\"Toggle\"><i class=\"icon-angle-down\"><\/i><\/button><span>Tehni\u010dke informacije<\/span><\/a><div id=\"accordion-1880665159-content\" class=\"accordion-inner\" aria-labelledby=\"accordion-1880665159-label\">\n<p>U nastavku slijede tehni\u010dke informacije za tapacirani krevet Living 203 dimenzije 180-200<\/p>\n<p><strong>Ukupna du\u017eina kreveta sa uzglavljem:<\/strong>&nbsp;207 cm<\/p>\n<p><strong>Ukupna visina kreveta (sa nogar, baza, madrac):<\/strong>&nbsp; 70 &nbsp;cm<\/p>\n<p><strong><u>Baza (box)<br \/>\n<\/u><\/strong>Baza se sastoji od:<\/p>\n<ul>\n<li>Masivno drvo jelovina<\/li>\n<li>Spu\u017eva T25\/42 (okolica kreveta je&nbsp; 2 cm debljine)<\/li>\n<\/ul>\n<p><strong><u>Madrac:<\/u><\/strong><\/p>\n<p>Madrac potone 13 cm u okvir kreveta.<\/p>\n<p><strong>Tvrdo\u0107e:<\/strong><\/p>\n<p>&nbsp;Tvrdo\u0107e:<\/p>\n<p>H2\/H3 do 110 kg<\/p>\n<p>H4 do 130 kg<\/p>\n<p>H5 preko 130 kg<\/p>\n<p><strong>Savjet:<\/strong>&nbsp;Radi o\u010duvanja kvaliteta, madrac je potrebno okretati svakih 60 dana.<\/p>\n<p><strong><u>Uzglavlje:<br \/>\n<\/u><\/strong>Dimenzije:<\/p>\n<ul>\n<li>Visina 120 cm (najmanja mogu\u0107a visina 96 cm)<\/li>\n<li>\u0160irina 201cm (mo\u017ee se suziti na \u0161irinu kreveta)<\/li>\n<li>Debljina 8 cm (je fiksna)<\/li>\n<\/ul>\n<p>&nbsp;<\/p>\n<p><strong><u>Nogari:<\/u><\/strong><\/p>\n<ul>\n<li>2 x Kleo (12 cm)<\/li>\n<li>2 x Kockasta drvena (bukva)<\/li>\n<li>2x plasti\u010dna<\/li>\n<\/ul>\n<p>&nbsp;<\/p>\n<p><strong><u>Latoflexi<br \/>\n<\/u><\/strong>Vito Orion 28 I EL<\/p>\n<p>Vito Orion 28 U KF<\/p>\n<p><strong><u><\/p>\n<p><\/u><\/strong><\/p>\n<p><strong>U cijenu proizvoda je uklju\u010deno:<\/strong><\/p>\n<ul>\n<li>Uzglavlje<\/li>\n<li>Baza<\/li>\n<li>Nogari<\/li>\n<\/ul>\n<p><strong>U cijenu proizvoda nije uklju\u010deno:<\/strong><\/p>\n<ul>\n<li>Madraci<\/li>\n<li>Latoflexi<\/li>\n<li>Tvrdo\u0107a madraca H5 za koju slijedi doplata od:&nbsp;&#8211; 30 KM (na dimenzije 80\/90\/100-200\/210\/220)<br \/>\n&#8211; 60 KM (na dimenzije 120\/140\/160\/180\/200-200\/210\/220)<\/li>\n<\/ul>\n<\/div><\/div>\n<\/div>\n","protected":false},"excerpt":{"rendered":"<p><span style=\"color: #333333;\">U nastavku imate mogu\u0107nost da sami sebi konfiguri\u0161ete krevet po svojim \u017eeljama i potrebama.<\/span><\/p>\n<p style=\"text-align: right;\"><img loading=\"lazy\" decoding=\"async\" class=\"alignnone size-full wp-image-3978\" src=\"https:\/\/fentissimoliving.ba\/wp-content\/uploads\/2022\/11\/made-in-bih.png\" alt=\"\" width=\"150\" height=\"94\"><\/p>\n","protected":false},"featured_media":6407,"template":"","meta":{"ngg_post_thumbnail":0},"product_cat":[15],"product_tag":[],"class_list":["post-6406","product","type-product","status-publish","has-post-thumbnail","hentry","product_cat-kreveti"],"composite_virtual":false,"composite_layout":"progressive","composite_add_to_cart_form_location":"after_summary","composite_editable_in_cart":true,"composite_sold_individually_context":"product","composite_shop_price_calc":"hidden","composite_components":[{"id":"1732187363","title":"Living 203","description":"","query_type":"product_ids","query_ids":[6409],"default_option_id":6409,"thumbnail_id":"","thumbnail_src":"","quantity_min":0,"quantity_max":10,"priced_individually":true,"shipped_individually":true,"optional":false,"discount":"","options_style":"dropdowns","pagination_style":"classic","display_prices":"absolute","show_sorting_options":false,"show_filtering_options":false,"attribute_filter_ids":[],"product_title_visible":false,"product_descr_visible":true,"product_price_visible":true,"product_thumb_visible":false,"subtotal_visible_product":true,"subtotal_visible_cart":true,"subtotal_visible_orders":true},{"id":"1732185441","title":"\u0160tof","description":"","query_type":"product_ids","query_ids":[1257],"default_option_id":1257,"thumbnail_id":"","thumbnail_src":"","quantity_min":0,"quantity_max":1,"priced_individually":false,"shipped_individually":true,"optional":false,"discount":"","options_style":"dropdowns","pagination_style":"classic","display_prices":"absolute","show_sorting_options":false,"show_filtering_options":false,"attribute_filter_ids":[],"product_title_visible":false,"product_descr_visible":true,"product_price_visible":true,"product_thumb_visible":false,"subtotal_visible_product":true,"subtotal_visible_cart":true,"subtotal_visible_orders":true}],"composite_scenarios":[],"yoast_head":"<!-- This site is optimized with the Yoast SEO plugin v20.9 - https:\/\/yoast.com\/wordpress\/plugins\/seo\/ -->\n<title>Living 203 - Fentissimo Living<\/title>\n<meta name=\"robots\" content=\"index, follow, max-snippet:-1, max-image-preview:large, max-video-preview:-1\" \/>\n<link rel=\"canonical\" href=\"https:\/\/fentissimoliving.ba\/proizvod\/living-203\/\" \/>\n<meta property=\"og:locale\" content=\"en_US\" \/>\n<meta property=\"og:type\" content=\"article\" \/>\n<meta property=\"og:title\" content=\"Living 203 - Fentissimo Living\" \/>\n<meta property=\"og:description\" content=\"U nastavku imate mogu\u0107nost da sami sebi konfiguri\u0161ete krevet po svojim \u017eeljama i potrebama.\" \/>\n<meta property=\"og:url\" content=\"https:\/\/fentissimoliving.ba\/proizvod\/living-203\/\" \/>\n<meta property=\"og:site_name\" content=\"Fentissimo Living\" \/>\n<meta property=\"article:modified_time\" content=\"2024-11-21T10:34:43+00:00\" \/>\n<meta property=\"og:image\" content=\"https:\/\/fentissimoliving.ba\/wp-content\/uploads\/2024\/11\/Living-203-Schwarz-1-scaled.jpg\" \/>\n\t<meta property=\"og:image:width\" content=\"2560\" \/>\n\t<meta property=\"og:image:height\" content=\"1920\" \/>\n\t<meta property=\"og:image:type\" content=\"image\/jpeg\" \/>\n<meta name=\"twitter:card\" content=\"summary_large_image\" \/>\n<meta name=\"twitter:label1\" content=\"Est. reading time\" \/>\n\t<meta name=\"twitter:data1\" content=\"2 minutes\" \/>\n<script type=\"application\/ld+json\" class=\"yoast-schema-graph\">{\"@context\":\"https:\/\/schema.org\",\"@graph\":[{\"@type\":\"WebPage\",\"@id\":\"https:\/\/fentissimoliving.ba\/proizvod\/living-203\/\",\"url\":\"https:\/\/fentissimoliving.ba\/proizvod\/living-203\/\",\"name\":\"Living 203 - Fentissimo Living\",\"isPartOf\":{\"@id\":\"https:\/\/fentissimoliving.ba\/#website\"},\"datePublished\":\"2024-11-21T10:03:50+00:00\",\"dateModified\":\"2024-11-21T10:34:43+00:00\",\"breadcrumb\":{\"@id\":\"https:\/\/fentissimoliving.ba\/proizvod\/living-203\/#breadcrumb\"},\"inLanguage\":\"en-US\",\"potentialAction\":[{\"@type\":\"ReadAction\",\"target\":[\"https:\/\/fentissimoliving.ba\/proizvod\/living-203\/\"]}]},{\"@type\":\"BreadcrumbList\",\"@id\":\"https:\/\/fentissimoliving.ba\/proizvod\/living-203\/#breadcrumb\",\"itemListElement\":[{\"@type\":\"ListItem\",\"position\":1,\"name\":\"Home\",\"item\":\"https:\/\/fentissimoliving.ba\/\"},{\"@type\":\"ListItem\",\"position\":2,\"name\":\"Proizvodi\",\"item\":\"https:\/\/fentissimoliving.ba\/shop\/\"},{\"@type\":\"ListItem\",\"position\":3,\"name\":\"Living 203\"}]},{\"@type\":\"WebSite\",\"@id\":\"https:\/\/fentissimoliving.ba\/#website\",\"url\":\"https:\/\/fentissimoliving.ba\/\",\"name\":\"Fentissimo Living\",\"description\":\"Online trgovina\",\"potentialAction\":[{\"@type\":\"SearchAction\",\"target\":{\"@type\":\"EntryPoint\",\"urlTemplate\":\"https:\/\/fentissimoliving.ba\/?s={search_term_string}\"},\"query-input\":\"required name=search_term_string\"}],\"inLanguage\":\"en-US\"}]}<\/script>\n<!-- \/ Yoast SEO plugin. -->","yoast_head_json":{"title":"Living 203 - Fentissimo Living","robots":{"index":"index","follow":"follow","max-snippet":"max-snippet:-1","max-image-preview":"max-image-preview:large","max-video-preview":"max-video-preview:-1"},"canonical":"https:\/\/fentissimoliving.ba\/proizvod\/living-203\/","og_locale":"en_US","og_type":"article","og_title":"Living 203 - Fentissimo Living","og_description":"U nastavku imate mogu\u0107nost da sami sebi konfiguri\u0161ete krevet po svojim \u017eeljama i potrebama.","og_url":"https:\/\/fentissimoliving.ba\/proizvod\/living-203\/","og_site_name":"Fentissimo Living","article_modified_time":"2024-11-21T10:34:43+00:00","og_image":[{"width":2560,"height":1920,"url":"https:\/\/fentissimoliving.ba\/wp-content\/uploads\/2024\/11\/Living-203-Schwarz-1-scaled.jpg","type":"image\/jpeg"}],"twitter_card":"summary_large_image","twitter_misc":{"Est. reading time":"2 minutes"},"schema":{"@context":"https:\/\/schema.org","@graph":[{"@type":"WebPage","@id":"https:\/\/fentissimoliving.ba\/proizvod\/living-203\/","url":"https:\/\/fentissimoliving.ba\/proizvod\/living-203\/","name":"Living 203 - Fentissimo Living","isPartOf":{"@id":"https:\/\/fentissimoliving.ba\/#website"},"datePublished":"2024-11-21T10:03:50+00:00","dateModified":"2024-11-21T10:34:43+00:00","breadcrumb":{"@id":"https:\/\/fentissimoliving.ba\/proizvod\/living-203\/#breadcrumb"},"inLanguage":"en-US","potentialAction":[{"@type":"ReadAction","target":["https:\/\/fentissimoliving.ba\/proizvod\/living-203\/"]}]},{"@type":"BreadcrumbList","@id":"https:\/\/fentissimoliving.ba\/proizvod\/living-203\/#breadcrumb","itemListElement":[{"@type":"ListItem","position":1,"name":"Home","item":"https:\/\/fentissimoliving.ba\/"},{"@type":"ListItem","position":2,"name":"Proizvodi","item":"https:\/\/fentissimoliving.ba\/shop\/"},{"@type":"ListItem","position":3,"name":"Living 203"}]},{"@type":"WebSite","@id":"https:\/\/fentissimoliving.ba\/#website","url":"https:\/\/fentissimoliving.ba\/","name":"Fentissimo Living","description":"Online trgovina","potentialAction":[{"@type":"SearchAction","target":{"@type":"EntryPoint","urlTemplate":"https:\/\/fentissimoliving.ba\/?s={search_term_string}"},"query-input":"required name=search_term_string"}],"inLanguage":"en-US"}]}},"_links":{"self":[{"href":"https:\/\/fentissimoliving.ba\/en\/wp-json\/wp\/v2\/product\/6406","targetHints":{"allow":["GET"]}}],"collection":[{"href":"https:\/\/fentissimoliving.ba\/en\/wp-json\/wp\/v2\/product"}],"about":[{"href":"https:\/\/fentissimoliving.ba\/en\/wp-json\/wp\/v2\/types\/product"}],"wp:featuredmedia":[{"embeddable":true,"href":"https:\/\/fentissimoliving.ba\/en\/wp-json\/wp\/v2\/media\/6407"}],"wp:attachment":[{"href":"https:\/\/fentissimoliving.ba\/en\/wp-json\/wp\/v2\/media?parent=6406"}],"wp:term":[{"taxonomy":"product_cat","embeddable":true,"href":"https:\/\/fentissimoliving.ba\/en\/wp-json\/wp\/v2\/product_cat?post=6406"},{"taxonomy":"product_tag","embeddable":true,"href":"https:\/\/fentissimoliving.ba\/en\/wp-json\/wp\/v2\/product_tag?post=6406"}],"curies":[{"name":"wp","href":"https:\/\/api.w.org\/{rel}","templated":true}]}}