{"id":6442,"date":"2024-11-21T13:26:08","date_gmt":"2024-11-21T12:26:08","guid":{"rendered":"https:\/\/fentissimoliving.ba\/?post_type=product&#038;p=6442"},"modified":"2024-11-21T13:51:18","modified_gmt":"2024-11-21T12:51:18","slug":"big-pillow","status":"publish","type":"product","link":"https:\/\/fentissimoliving.ba\/en\/proizvod\/big-pillow\/","title":{"rendered":"Big Pillow"},"content":{"rendered":"<div class=\"accordion\">\n<div id=\"accordion-359207615\" class=\"accordion-item\"><a id=\"accordion-359207615-label\" href=\"#\" class=\"accordion-title plain\" aria-expanded=\"false\" aria-controls=\"accordion-359207615-content\"><button class=\"toggle\" aria-label=\"Toggle\"><i class=\"icon-angle-down\"><\/i><\/button><span>Opis<\/span><\/a><div id=\"accordion-359207615-content\" class=\"accordion-inner\" aria-labelledby=\"accordion-359207615-label\">\n<p>Boxspring Big Pillow pored udobnosti i prakti\u010dnosti u va\u0161u sobu unosi i moderan izgled. Mo\u017eete odabrati bazu sa ili bez motora. Odaberite tvrdo\u0107u madraca tako \u0161to \u0107ete je prilagoditi svojim \u017eeljama za spavanje. Madrac je iste boje kao i baza, tako da je krevet jedna prelepa cjelina.<\/p>\n<p>Odredite materijal i boju po svom ukusu odabirom iz ponu\u0111ene kolekcije tkanina. Tako\u0111er mo\u017eete dodatno uljep\u0161ati sam izgled boxspring kreveta sa prakti\u010dnim detaljem kao \u0161to je Rund no\u0107ni ormari\u0107.<\/p>\n<\/div><\/div>\n<div id=\"accordion-3764457776\" class=\"accordion-item\"><a id=\"accordion-3764457776-label\" href=\"#\" class=\"accordion-title plain\" aria-expanded=\"false\" aria-controls=\"accordion-3764457776-content\"><button class=\"toggle\" aria-label=\"Toggle\"><i class=\"icon-angle-down\"><\/i><\/button><span>Tehni\u010dke informacije<\/span><\/a><div id=\"accordion-3764457776-content\" class=\"accordion-inner\" aria-labelledby=\"accordion-3764457776-label\">\n<p>U nastavku slijede tehni\u010dke informacije za boxspring Big Pillow dimenzije 180-200<\/p>\n<p><strong>Ukupna du\u017eina kreveta sa uzglavljem:<\/strong>&nbsp;220 cm<\/p>\n<p><strong>Ukupna visina <\/strong>(sa nogar, baza, madrac, nadmadrac)<strong>:<\/strong>&nbsp;66 cm<\/p>\n<p><strong><u>Baza (boxspring box)<\/u><\/strong><\/p>\n<p>Boxspring box je baza kreveta tj. postolje. Postolje se pravi od drvenih dijelova i od spu\u017eve. Njihova uskla\u0111enost pove\u0107ava udobnost spavanja.<\/p>\n<p><strong><u>Madrac<\/u><\/strong><\/p>\n<p>Tvrdo\u0107e:<\/p>\n<ul>\n<li>H2\/H3 do 110 kg<\/li>\n<li>H4 do 130 kg<\/li>\n<li>H5 preko 130 kg<\/li>\n<\/ul>\n<p><strong>Savjet:<\/strong>&nbsp;Radi o\u010duvanja kvaliteta, madrac je potrebno okretati svakih 60 dana.<\/p>\n<p><strong>&nbsp;<\/strong><strong>Nadmadrac<\/strong><\/p>\n<p><u>Nadmadrac Basic Line HR Pjena<\/u><\/p>\n<ul>\n<li>Visokokvalitetna i prozra\u010dna HR hladna pjena<\/li>\n<li>Visina jezgra 4 cm, ukupna visina 6 cm<\/li>\n<li>Platno antialergijsko i antibakterijsko (navlaka periva na 60 C)<\/li>\n<li>Ozra\u010dna traka<\/li>\n<\/ul>\n<p><strong><u>Uzglavlje<\/u><\/strong><\/p>\n<p>Dimenzije:<\/p>\n<ul>\n<li>Visina 117cm<\/li>\n<li>\u0160irina 230cm<\/li>\n<li>Debljina 20cm (ona je fiksna)<\/li>\n<\/ul>\n<p><strong><u>Nogari<\/u><\/strong><\/p>\n<p>12 cm 4 komada (2 komada su inox, a 2 uz uzglavlje drveni kockasti)<\/p>\n<p>Drveni i inox nogari 6x6x12 4 komada<\/p>\n<p>&nbsp;<strong><u>Natkasnica<\/u><\/strong><\/p>\n<p>Prepoznatljiva po:<\/p>\n<ul>\n<li>1 latica drvo ( bez ru\u010dke , otvara se na dodir)<\/li>\n<li>1 polica<\/li>\n<\/ul>\n<p>Dimenzije:<\/p>\n<ul>\n<li>Visina: 60 cm<\/li>\n<li>\u0160irina: 40,5 cm<\/li>\n<li>Du\u017ena: 39 cm<\/li>\n<\/ul>\n<p><strong>U cijenu proizvoda je uklju\u010deno:<\/strong><\/p>\n<ul>\n<li>Uzglavlje<\/li>\n<li>Baza (boxspring baza)<\/li>\n<li>Madraci (madraci Basic tvrdo\u0107e H2, H3 ili H4)<\/li>\n<li>Nadmadrac (nadmadrac Basic Line HR Pjena)<\/li>\n<li>Nogari<\/li>\n<\/ul>\n<p><strong>U cijenu proizvoda nije uklju\u010deno:<\/strong><\/p>\n<p>&nbsp;<\/p>\n<ul>\n<li>Tvrdo\u0107a madraca H5 za koju slijedi doplata od:\u2013 30 KM (na dimenzije 80\/90\/100-200\/210\/220)<br \/>\n\u2013 60 KM (na dimenzije 120\/140\/160\/180\/200-200\/210\/220)<\/li>\n<\/ul>\n<\/div><\/div>\n<\/div>\n","protected":false},"excerpt":{"rendered":"<p><span style=\"color: #333333;\">U nastavku imate mogu\u0107nost da sami sebi konfiguri\u0161ete krevet po svojim \u017eeljama i potrebama.<\/span><\/p>\n<p style=\"text-align: right;\"><img loading=\"lazy\" decoding=\"async\" class=\"alignnone size-full wp-image-3978\" src=\"https:\/\/fentissimoliving.ba\/wp-content\/uploads\/2022\/11\/made-in-bih.png\" alt=\"\" width=\"150\" height=\"94\"><\/p>\n","protected":false},"featured_media":6443,"template":"","meta":{"ngg_post_thumbnail":0},"product_cat":[15],"product_tag":[],"class_list":["post-6442","product","type-product","status-publish","has-post-thumbnail","hentry","product_cat-kreveti"],"composite_virtual":false,"composite_layout":"progressive","composite_add_to_cart_form_location":"after_summary","composite_editable_in_cart":true,"composite_sold_individually_context":"product","composite_shop_price_calc":"hidden","composite_components":[{"id":"1732196503","title":"Big Pillow","description":"","query_type":"product_ids","query_ids":[6447],"default_option_id":6447,"thumbnail_id":"","thumbnail_src":"","quantity_min":0,"quantity_max":10,"priced_individually":true,"shipped_individually":true,"optional":false,"discount":"","options_style":"dropdowns","pagination_style":"classic","display_prices":"absolute","show_sorting_options":false,"show_filtering_options":false,"attribute_filter_ids":[],"product_title_visible":false,"product_descr_visible":true,"product_price_visible":true,"product_thumb_visible":false,"subtotal_visible_product":true,"subtotal_visible_cart":true,"subtotal_visible_orders":true},{"id":"1732185441","title":"\u0160tof","description":"","query_type":"product_ids","query_ids":[1257],"default_option_id":1257,"thumbnail_id":"","thumbnail_src":"","quantity_min":0,"quantity_max":1,"priced_individually":false,"shipped_individually":true,"optional":false,"discount":"","options_style":"dropdowns","pagination_style":"classic","display_prices":"absolute","show_sorting_options":false,"show_filtering_options":false,"attribute_filter_ids":[],"product_title_visible":false,"product_descr_visible":true,"product_price_visible":true,"product_thumb_visible":false,"subtotal_visible_product":true,"subtotal_visible_cart":true,"subtotal_visible_orders":true}],"composite_scenarios":[],"yoast_head":"<!-- This site is optimized with the Yoast SEO plugin v20.9 - https:\/\/yoast.com\/wordpress\/plugins\/seo\/ -->\n<title>Big Pillow - Fentissimo Living<\/title>\n<meta name=\"robots\" content=\"index, follow, max-snippet:-1, max-image-preview:large, max-video-preview:-1\" \/>\n<link rel=\"canonical\" href=\"https:\/\/fentissimoliving.ba\/proizvod\/big-pillow\/\" \/>\n<meta property=\"og:locale\" content=\"en_US\" \/>\n<meta property=\"og:type\" content=\"article\" \/>\n<meta property=\"og:title\" content=\"Big Pillow - Fentissimo Living\" \/>\n<meta property=\"og:description\" content=\"U nastavku imate mogu\u0107nost da sami sebi konfiguri\u0161ete krevet po svojim \u017eeljama i potrebama.\" \/>\n<meta property=\"og:url\" content=\"https:\/\/fentissimoliving.ba\/proizvod\/big-pillow\/\" \/>\n<meta property=\"og:site_name\" content=\"Fentissimo Living\" \/>\n<meta property=\"article:modified_time\" content=\"2024-11-21T12:51:18+00:00\" \/>\n<meta property=\"og:image\" content=\"https:\/\/fentissimoliving.ba\/wp-content\/uploads\/2024\/11\/01b-22.07.2022.-Slika-scaled.jpg\" \/>\n\t<meta property=\"og:image:width\" content=\"2560\" \/>\n\t<meta property=\"og:image:height\" content=\"1708\" \/>\n\t<meta property=\"og:image:type\" content=\"image\/jpeg\" \/>\n<meta name=\"twitter:card\" content=\"summary_large_image\" \/>\n<meta name=\"twitter:label1\" content=\"Est. reading time\" \/>\n\t<meta name=\"twitter:data1\" content=\"2 minutes\" \/>\n<script type=\"application\/ld+json\" class=\"yoast-schema-graph\">{\"@context\":\"https:\/\/schema.org\",\"@graph\":[{\"@type\":\"WebPage\",\"@id\":\"https:\/\/fentissimoliving.ba\/proizvod\/big-pillow\/\",\"url\":\"https:\/\/fentissimoliving.ba\/proizvod\/big-pillow\/\",\"name\":\"Big Pillow - Fentissimo Living\",\"isPartOf\":{\"@id\":\"https:\/\/fentissimoliving.ba\/#website\"},\"datePublished\":\"2024-11-21T12:26:08+00:00\",\"dateModified\":\"2024-11-21T12:51:18+00:00\",\"breadcrumb\":{\"@id\":\"https:\/\/fentissimoliving.ba\/proizvod\/big-pillow\/#breadcrumb\"},\"inLanguage\":\"en-US\",\"potentialAction\":[{\"@type\":\"ReadAction\",\"target\":[\"https:\/\/fentissimoliving.ba\/proizvod\/big-pillow\/\"]}]},{\"@type\":\"BreadcrumbList\",\"@id\":\"https:\/\/fentissimoliving.ba\/proizvod\/big-pillow\/#breadcrumb\",\"itemListElement\":[{\"@type\":\"ListItem\",\"position\":1,\"name\":\"Home\",\"item\":\"https:\/\/fentissimoliving.ba\/\"},{\"@type\":\"ListItem\",\"position\":2,\"name\":\"Proizvodi\",\"item\":\"https:\/\/fentissimoliving.ba\/shop\/\"},{\"@type\":\"ListItem\",\"position\":3,\"name\":\"Big Pillow\"}]},{\"@type\":\"WebSite\",\"@id\":\"https:\/\/fentissimoliving.ba\/#website\",\"url\":\"https:\/\/fentissimoliving.ba\/\",\"name\":\"Fentissimo Living\",\"description\":\"Online trgovina\",\"potentialAction\":[{\"@type\":\"SearchAction\",\"target\":{\"@type\":\"EntryPoint\",\"urlTemplate\":\"https:\/\/fentissimoliving.ba\/?s={search_term_string}\"},\"query-input\":\"required name=search_term_string\"}],\"inLanguage\":\"en-US\"}]}<\/script>\n<!-- \/ Yoast SEO plugin. -->","yoast_head_json":{"title":"Big Pillow - Fentissimo Living","robots":{"index":"index","follow":"follow","max-snippet":"max-snippet:-1","max-image-preview":"max-image-preview:large","max-video-preview":"max-video-preview:-1"},"canonical":"https:\/\/fentissimoliving.ba\/proizvod\/big-pillow\/","og_locale":"en_US","og_type":"article","og_title":"Big Pillow - Fentissimo Living","og_description":"U nastavku imate mogu\u0107nost da sami sebi konfiguri\u0161ete krevet po svojim \u017eeljama i potrebama.","og_url":"https:\/\/fentissimoliving.ba\/proizvod\/big-pillow\/","og_site_name":"Fentissimo Living","article_modified_time":"2024-11-21T12:51:18+00:00","og_image":[{"width":2560,"height":1708,"url":"https:\/\/fentissimoliving.ba\/wp-content\/uploads\/2024\/11\/01b-22.07.2022.-Slika-scaled.jpg","type":"image\/jpeg"}],"twitter_card":"summary_large_image","twitter_misc":{"Est. reading time":"2 minutes"},"schema":{"@context":"https:\/\/schema.org","@graph":[{"@type":"WebPage","@id":"https:\/\/fentissimoliving.ba\/proizvod\/big-pillow\/","url":"https:\/\/fentissimoliving.ba\/proizvod\/big-pillow\/","name":"Big Pillow - Fentissimo Living","isPartOf":{"@id":"https:\/\/fentissimoliving.ba\/#website"},"datePublished":"2024-11-21T12:26:08+00:00","dateModified":"2024-11-21T12:51:18+00:00","breadcrumb":{"@id":"https:\/\/fentissimoliving.ba\/proizvod\/big-pillow\/#breadcrumb"},"inLanguage":"en-US","potentialAction":[{"@type":"ReadAction","target":["https:\/\/fentissimoliving.ba\/proizvod\/big-pillow\/"]}]},{"@type":"BreadcrumbList","@id":"https:\/\/fentissimoliving.ba\/proizvod\/big-pillow\/#breadcrumb","itemListElement":[{"@type":"ListItem","position":1,"name":"Home","item":"https:\/\/fentissimoliving.ba\/"},{"@type":"ListItem","position":2,"name":"Proizvodi","item":"https:\/\/fentissimoliving.ba\/shop\/"},{"@type":"ListItem","position":3,"name":"Big Pillow"}]},{"@type":"WebSite","@id":"https:\/\/fentissimoliving.ba\/#website","url":"https:\/\/fentissimoliving.ba\/","name":"Fentissimo Living","description":"Online trgovina","potentialAction":[{"@type":"SearchAction","target":{"@type":"EntryPoint","urlTemplate":"https:\/\/fentissimoliving.ba\/?s={search_term_string}"},"query-input":"required name=search_term_string"}],"inLanguage":"en-US"}]}},"_links":{"self":[{"href":"https:\/\/fentissimoliving.ba\/en\/wp-json\/wp\/v2\/product\/6442","targetHints":{"allow":["GET"]}}],"collection":[{"href":"https:\/\/fentissimoliving.ba\/en\/wp-json\/wp\/v2\/product"}],"about":[{"href":"https:\/\/fentissimoliving.ba\/en\/wp-json\/wp\/v2\/types\/product"}],"wp:featuredmedia":[{"embeddable":true,"href":"https:\/\/fentissimoliving.ba\/en\/wp-json\/wp\/v2\/media\/6443"}],"wp:attachment":[{"href":"https:\/\/fentissimoliving.ba\/en\/wp-json\/wp\/v2\/media?parent=6442"}],"wp:term":[{"taxonomy":"product_cat","embeddable":true,"href":"https:\/\/fentissimoliving.ba\/en\/wp-json\/wp\/v2\/product_cat?post=6442"},{"taxonomy":"product_tag","embeddable":true,"href":"https:\/\/fentissimoliving.ba\/en\/wp-json\/wp\/v2\/product_tag?post=6442"}],"curies":[{"name":"wp","href":"https:\/\/api.w.org\/{rel}","templated":true}]}}