{"id":6538,"date":"2024-12-17T13:36:19","date_gmt":"2024-12-17T12:36:19","guid":{"rendered":"https:\/\/fentissimoliving.ba\/?post_type=product&#038;p=6538"},"modified":"2024-12-18T09:35:44","modified_gmt":"2024-12-18T08:35:44","slug":"rosalie","status":"publish","type":"product","link":"https:\/\/fentissimoliving.ba\/en\/proizvod\/rosalie\/","title":{"rendered":"Rosalie"},"content":{"rendered":"<h3 class=\"accordion_title\"> <\/h3><div class=\"accordion\">\n<div id=\"accordion-1453313486\" class=\"accordion-item\"><a id=\"accordion-1453313486-label\" href=\"#\" class=\"accordion-title plain\" aria-expanded=\"false\" aria-controls=\"accordion-1453313486-content\"><button class=\"toggle\" aria-label=\"Toggle\"><i class=\"icon-angle-down\"><\/i><\/button><span>Opis<\/span><\/a><div id=\"accordion-1453313486-content\" class=\"accordion-inner\" aria-labelledby=\"accordion-1453313486-label\">\n<p>Rosalie je predivna sofa, komforna za sjedenje i idealna za opu\u0161tanje. Tanki oblici ove sofe nagla\u0161eni su visokim nogarima i u kombinaciji sa \u0161irokim naslonima za ruke, ova sofa privla\u010di poglede. Ovu&nbsp; sofu mo\u017eete sami sastaviti, tako da postoji mnogo opcija u pogledu dimenzija, tkanina i boja.<\/p>\n<\/div><\/div>\n<div id=\"accordion-991885889\" class=\"accordion-item\"><a id=\"accordion-991885889-label\" href=\"#\" class=\"accordion-title plain\" aria-expanded=\"false\" aria-controls=\"accordion-991885889-content\"><button class=\"toggle\" aria-label=\"Toggle\"><i class=\"icon-angle-down\"><\/i><\/button><span>Tehni\u010dke informacije<\/span><\/a><div id=\"accordion-991885889-content\" class=\"accordion-inner\" aria-labelledby=\"accordion-991885889-label\">\n<p><span style=\"color: #333333;\"><strong>Standardne dimenzije:<\/strong><\/span><\/p>\n<p><span style=\"color: #333333;\">Visina: 90 cm<\/span><br \/>\n<span style=\"color: #333333;\">Visina sjedi\u0161ta: 50 cm<\/span><br \/>\n<span style=\"color: #333333;\">Dubina sjedi\u0161ta: 80 cm<\/span><\/p>\n<\/div><\/div>\n<\/div>\n","protected":false},"excerpt":{"rendered":"<p style=\"text-align: left;\"><span style=\"color: #333333;\">U nastavku imate mogu\u0107nost da sami sebi konfiguri\u0161ete sofu po svojim \u017eeljama i potrebama.<\/span><\/p>\n<p><img loading=\"lazy\" decoding=\"async\" class=\"alignnone size-full wp-image-3978 alignright\" src=\"https:\/\/fentissimoliving.ba\/wp-content\/uploads\/2022\/11\/made-in-bih.png\" alt=\"\" width=\"150\" height=\"94\"><\/p>\n","protected":false},"featured_media":6539,"template":"","meta":{"ngg_post_thumbnail":0},"product_cat":[119],"product_tag":[],"class_list":["post-6538","product","type-product","status-publish","has-post-thumbnail","hentry","product_cat-sofe"],"composite_virtual":false,"composite_layout":"progressive","composite_add_to_cart_form_location":"after_summary","composite_editable_in_cart":true,"composite_sold_individually_context":"product","composite_shop_price_calc":"hidden","composite_components":[{"id":"1734448814","title":"Duplo sjedi\u0161te bez stranica","description":"","query_type":"product_ids","query_ids":[6541],"default_option_id":6541,"thumbnail_id":6621,"thumbnail_src":"https:\/\/fentissimoliving.ba\/wp-content\/uploads\/2024\/12\/Rosalie-ZA-160-180-200-1.jpg","quantity_min":0,"quantity_max":10,"priced_individually":true,"shipped_individually":false,"optional":false,"discount":"","options_style":"dropdowns","pagination_style":"classic","display_prices":"absolute","show_sorting_options":false,"show_filtering_options":false,"attribute_filter_ids":[],"product_title_visible":false,"product_descr_visible":true,"product_price_visible":true,"product_thumb_visible":true,"subtotal_visible_product":true,"subtotal_visible_cart":true,"subtotal_visible_orders":true},{"id":"1734448815","title":"Duplo sjedi\u0161te sa lijevom stranicom","description":"","query_type":"product_ids","query_ids":[6553],"default_option_id":6553,"thumbnail_id":6623,"thumbnail_src":"https:\/\/fentissimoliving.ba\/wp-content\/uploads\/2024\/12\/Rosalie-AL-160-180-200.jpg","quantity_min":0,"quantity_max":10,"priced_individually":true,"shipped_individually":false,"optional":false,"discount":"","options_style":"dropdowns","pagination_style":"classic","display_prices":"absolute","show_sorting_options":false,"show_filtering_options":false,"attribute_filter_ids":[],"product_title_visible":false,"product_descr_visible":true,"product_price_visible":true,"product_thumb_visible":true,"subtotal_visible_product":true,"subtotal_visible_cart":true,"subtotal_visible_orders":true},{"id":"1734448816","title":"Duplo sjedi\u0161te sa desnom stranicom","description":"","query_type":"product_ids","query_ids":[6611],"default_option_id":6611,"thumbnail_id":6639,"thumbnail_src":"https:\/\/fentissimoliving.ba\/wp-content\/uploads\/2024\/12\/Rosalie-AR-160-180-200.jpg","quantity_min":0,"quantity_max":10,"priced_individually":true,"shipped_individually":false,"optional":false,"discount":"","options_style":"dropdowns","pagination_style":"classic","display_prices":"absolute","show_sorting_options":false,"show_filtering_options":false,"attribute_filter_ids":[],"product_title_visible":false,"product_descr_visible":true,"product_price_visible":true,"product_thumb_visible":true,"subtotal_visible_product":true,"subtotal_visible_cart":true,"subtotal_visible_orders":true},{"id":"1734448817","title":"Dvosjed","description":"","query_type":"product_ids","query_ids":[6565],"default_option_id":6565,"thumbnail_id":6627,"thumbnail_src":"https:\/\/fentissimoliving.ba\/wp-content\/uploads\/2024\/12\/Rosalie-AL160AR-AL180AR-AL200AR-1.jpg","quantity_min":0,"quantity_max":10,"priced_individually":true,"shipped_individually":false,"optional":false,"discount":"","options_style":"dropdowns","pagination_style":"classic","display_prices":"absolute","show_sorting_options":false,"show_filtering_options":false,"attribute_filter_ids":[],"product_title_visible":false,"product_descr_visible":true,"product_price_visible":true,"product_thumb_visible":true,"subtotal_visible_product":true,"subtotal_visible_cart":true,"subtotal_visible_orders":true},{"id":"1734448818","title":"Ugao C 100","description":"","query_type":"product_ids","query_ids":[6577],"default_option_id":6577,"thumbnail_id":6629,"thumbnail_src":"https:\/\/fentissimoliving.ba\/wp-content\/uploads\/2024\/12\/Rosalie-C-100-1.jpg","quantity_min":0,"quantity_max":1,"priced_individually":true,"shipped_individually":false,"optional":false,"discount":"","options_style":"dropdowns","pagination_style":"classic","display_prices":"absolute","show_sorting_options":false,"show_filtering_options":false,"attribute_filter_ids":[],"product_title_visible":false,"product_descr_visible":true,"product_price_visible":true,"product_thumb_visible":true,"subtotal_visible_product":true,"subtotal_visible_cart":true,"subtotal_visible_orders":true},{"id":"1734512183","title":"Divan lijevi","description":"","query_type":"product_ids","query_ids":[6583],"default_option_id":6583,"thumbnail_id":6631,"thumbnail_src":"https:\/\/fentissimoliving.ba\/wp-content\/uploads\/2024\/12\/Rosalie-LCH-L.jpg","quantity_min":0,"quantity_max":10,"priced_individually":true,"shipped_individually":false,"optional":false,"discount":"","options_style":"dropdowns","pagination_style":"classic","display_prices":"absolute","show_sorting_options":false,"show_filtering_options":false,"attribute_filter_ids":[],"product_title_visible":false,"product_descr_visible":true,"product_price_visible":true,"product_thumb_visible":true,"subtotal_visible_product":true,"subtotal_visible_cart":true,"subtotal_visible_orders":true},{"id":"1734511930","title":"Divan desni","description":"","query_type":"product_ids","query_ids":[6607],"default_option_id":6607,"thumbnail_id":6633,"thumbnail_src":"https:\/\/fentissimoliving.ba\/wp-content\/uploads\/2024\/12\/Rosalie-LCH-R.jpg","quantity_min":0,"quantity_max":10,"priced_individually":true,"shipped_individually":false,"optional":false,"discount":"","options_style":"dropdowns","pagination_style":"classic","display_prices":"absolute","show_sorting_options":false,"show_filtering_options":false,"attribute_filter_ids":[],"product_title_visible":false,"product_descr_visible":true,"product_price_visible":true,"product_thumb_visible":true,"subtotal_visible_product":true,"subtotal_visible_cart":true,"subtotal_visible_orders":true},{"id":"1734511931","title":"Tabure","description":"","query_type":"product_ids","query_ids":[6589],"default_option_id":6589,"thumbnail_id":6635,"thumbnail_src":"https:\/\/fentissimoliving.ba\/wp-content\/uploads\/2024\/12\/Rosalie-Hocker-65x100-2.jpg","quantity_min":0,"quantity_max":10,"priced_individually":true,"shipped_individually":false,"optional":false,"discount":"","options_style":"dropdowns","pagination_style":"classic","display_prices":"absolute","show_sorting_options":false,"show_filtering_options":false,"attribute_filter_ids":[],"product_title_visible":false,"product_descr_visible":true,"product_price_visible":true,"product_thumb_visible":true,"subtotal_visible_product":true,"subtotal_visible_cart":true,"subtotal_visible_orders":true}],"composite_scenarios":[],"yoast_head":"<!-- This site is optimized with the Yoast SEO plugin v20.9 - https:\/\/yoast.com\/wordpress\/plugins\/seo\/ -->\n<title>Rosalie - Fentissimo Living<\/title>\n<meta name=\"robots\" content=\"index, follow, max-snippet:-1, max-image-preview:large, max-video-preview:-1\" \/>\n<link rel=\"canonical\" href=\"https:\/\/fentissimoliving.ba\/proizvod\/rosalie\/\" \/>\n<meta property=\"og:locale\" content=\"en_US\" \/>\n<meta property=\"og:type\" content=\"article\" \/>\n<meta property=\"og:title\" content=\"Rosalie - Fentissimo Living\" \/>\n<meta property=\"og:description\" content=\"U nastavku imate mogu\u0107nost da sami sebi konfiguri\u0161ete sofu po svojim \u017eeljama i potrebama.\" \/>\n<meta property=\"og:url\" content=\"https:\/\/fentissimoliving.ba\/proizvod\/rosalie\/\" \/>\n<meta property=\"og:site_name\" content=\"Fentissimo Living\" \/>\n<meta property=\"article:modified_time\" content=\"2024-12-18T08:35:44+00:00\" \/>\n<meta property=\"og:image\" content=\"https:\/\/fentissimoliving.ba\/wp-content\/uploads\/2024\/12\/Sofa-Rosalie-L-forma-Backgraund-2-with-decoration-scaled.jpg\" \/>\n\t<meta property=\"og:image:width\" content=\"2560\" \/>\n\t<meta property=\"og:image:height\" content=\"1761\" \/>\n\t<meta property=\"og:image:type\" content=\"image\/jpeg\" \/>\n<meta name=\"twitter:card\" content=\"summary_large_image\" \/>\n<meta name=\"twitter:label1\" content=\"Est. reading time\" \/>\n\t<meta name=\"twitter:data1\" content=\"1 minute\" \/>\n<script type=\"application\/ld+json\" class=\"yoast-schema-graph\">{\"@context\":\"https:\/\/schema.org\",\"@graph\":[{\"@type\":\"WebPage\",\"@id\":\"https:\/\/fentissimoliving.ba\/proizvod\/rosalie\/\",\"url\":\"https:\/\/fentissimoliving.ba\/proizvod\/rosalie\/\",\"name\":\"Rosalie - Fentissimo Living\",\"isPartOf\":{\"@id\":\"https:\/\/fentissimoliving.ba\/#website\"},\"datePublished\":\"2024-12-17T12:36:19+00:00\",\"dateModified\":\"2024-12-18T08:35:44+00:00\",\"breadcrumb\":{\"@id\":\"https:\/\/fentissimoliving.ba\/proizvod\/rosalie\/#breadcrumb\"},\"inLanguage\":\"en-US\",\"potentialAction\":[{\"@type\":\"ReadAction\",\"target\":[\"https:\/\/fentissimoliving.ba\/proizvod\/rosalie\/\"]}]},{\"@type\":\"BreadcrumbList\",\"@id\":\"https:\/\/fentissimoliving.ba\/proizvod\/rosalie\/#breadcrumb\",\"itemListElement\":[{\"@type\":\"ListItem\",\"position\":1,\"name\":\"Home\",\"item\":\"https:\/\/fentissimoliving.ba\/\"},{\"@type\":\"ListItem\",\"position\":2,\"name\":\"Proizvodi\",\"item\":\"https:\/\/fentissimoliving.ba\/shop\/\"},{\"@type\":\"ListItem\",\"position\":3,\"name\":\"Rosalie\"}]},{\"@type\":\"WebSite\",\"@id\":\"https:\/\/fentissimoliving.ba\/#website\",\"url\":\"https:\/\/fentissimoliving.ba\/\",\"name\":\"Fentissimo Living\",\"description\":\"Online trgovina\",\"potentialAction\":[{\"@type\":\"SearchAction\",\"target\":{\"@type\":\"EntryPoint\",\"urlTemplate\":\"https:\/\/fentissimoliving.ba\/?s={search_term_string}\"},\"query-input\":\"required name=search_term_string\"}],\"inLanguage\":\"en-US\"}]}<\/script>\n<!-- \/ Yoast SEO plugin. -->","yoast_head_json":{"title":"Rosalie - Fentissimo Living","robots":{"index":"index","follow":"follow","max-snippet":"max-snippet:-1","max-image-preview":"max-image-preview:large","max-video-preview":"max-video-preview:-1"},"canonical":"https:\/\/fentissimoliving.ba\/proizvod\/rosalie\/","og_locale":"en_US","og_type":"article","og_title":"Rosalie - Fentissimo Living","og_description":"U nastavku imate mogu\u0107nost da sami sebi konfiguri\u0161ete sofu po svojim \u017eeljama i potrebama.","og_url":"https:\/\/fentissimoliving.ba\/proizvod\/rosalie\/","og_site_name":"Fentissimo Living","article_modified_time":"2024-12-18T08:35:44+00:00","og_image":[{"width":2560,"height":1761,"url":"https:\/\/fentissimoliving.ba\/wp-content\/uploads\/2024\/12\/Sofa-Rosalie-L-forma-Backgraund-2-with-decoration-scaled.jpg","type":"image\/jpeg"}],"twitter_card":"summary_large_image","twitter_misc":{"Est. reading time":"1 minute"},"schema":{"@context":"https:\/\/schema.org","@graph":[{"@type":"WebPage","@id":"https:\/\/fentissimoliving.ba\/proizvod\/rosalie\/","url":"https:\/\/fentissimoliving.ba\/proizvod\/rosalie\/","name":"Rosalie - Fentissimo Living","isPartOf":{"@id":"https:\/\/fentissimoliving.ba\/#website"},"datePublished":"2024-12-17T12:36:19+00:00","dateModified":"2024-12-18T08:35:44+00:00","breadcrumb":{"@id":"https:\/\/fentissimoliving.ba\/proizvod\/rosalie\/#breadcrumb"},"inLanguage":"en-US","potentialAction":[{"@type":"ReadAction","target":["https:\/\/fentissimoliving.ba\/proizvod\/rosalie\/"]}]},{"@type":"BreadcrumbList","@id":"https:\/\/fentissimoliving.ba\/proizvod\/rosalie\/#breadcrumb","itemListElement":[{"@type":"ListItem","position":1,"name":"Home","item":"https:\/\/fentissimoliving.ba\/"},{"@type":"ListItem","position":2,"name":"Proizvodi","item":"https:\/\/fentissimoliving.ba\/shop\/"},{"@type":"ListItem","position":3,"name":"Rosalie"}]},{"@type":"WebSite","@id":"https:\/\/fentissimoliving.ba\/#website","url":"https:\/\/fentissimoliving.ba\/","name":"Fentissimo Living","description":"Online trgovina","potentialAction":[{"@type":"SearchAction","target":{"@type":"EntryPoint","urlTemplate":"https:\/\/fentissimoliving.ba\/?s={search_term_string}"},"query-input":"required name=search_term_string"}],"inLanguage":"en-US"}]}},"_links":{"self":[{"href":"https:\/\/fentissimoliving.ba\/en\/wp-json\/wp\/v2\/product\/6538","targetHints":{"allow":["GET"]}}],"collection":[{"href":"https:\/\/fentissimoliving.ba\/en\/wp-json\/wp\/v2\/product"}],"about":[{"href":"https:\/\/fentissimoliving.ba\/en\/wp-json\/wp\/v2\/types\/product"}],"wp:featuredmedia":[{"embeddable":true,"href":"https:\/\/fentissimoliving.ba\/en\/wp-json\/wp\/v2\/media\/6539"}],"wp:attachment":[{"href":"https:\/\/fentissimoliving.ba\/en\/wp-json\/wp\/v2\/media?parent=6538"}],"wp:term":[{"taxonomy":"product_cat","embeddable":true,"href":"https:\/\/fentissimoliving.ba\/en\/wp-json\/wp\/v2\/product_cat?post=6538"},{"taxonomy":"product_tag","embeddable":true,"href":"https:\/\/fentissimoliving.ba\/en\/wp-json\/wp\/v2\/product_tag?post=6538"}],"curies":[{"name":"wp","href":"https:\/\/api.w.org\/{rel}","templated":true}]}}