{"id":6680,"date":"2025-01-09T09:03:25","date_gmt":"2025-01-09T08:03:25","guid":{"rendered":"https:\/\/fentissimoliving.ba\/?post_type=product&#038;p=6680"},"modified":"2025-06-10T13:28:39","modified_gmt":"2025-06-10T11:28:39","slug":"trpezarijska-stolica-cloe-sa-naslonom-za-ruke","status":"publish","type":"product","link":"https:\/\/fentissimoliving.ba\/en\/proizvod\/trpezarijska-stolica-cloe-sa-naslonom-za-ruke\/","title":{"rendered":"Trpezarijska stolica Cloe (sa naslonom za ruke)"},"content":{"rendered":"<p>Trpezarijska stolica Cloe ima elegantan izgled i dobro se uklapa u moderan enterijer.<\/p>\n<p>Ima sjedala koja osiguravaju nevjerovatnu udobnost. Mo\u017eete birati izme\u0111u raznih vrsta tkanina.<\/p>\n<p>&nbsp;<\/p>\n<p>Za model Cloe u ponudi imamo slede\u0107e nogare:<\/p>\n<p>Chassis 1A Auto Return 360\u00b0<\/p>\n<p>Chassis 1A Fix<\/p>\n<p>Chassis 4 A Auto Return 360\u00b0<\/p>\n<p>Chassis 4 A Fix<\/p>\n<p>Chassis 5 Auto Return 360\u00b0 drveni (hrast)<\/p>\n<p>Chassis 5 Fix drveni (hrast)<\/p>\n<p>Chassis 6 Auto Return 360\u00b0<\/p>\n<p>Chassis 6 Fix<\/p>\n<p>&nbsp;<\/p>\n<p>Dimenzije ove trpezarijske stolice su:<br \/>\n\u0160irina: 44 cm<br \/>\nVisina: 91 cm<br \/>\nDubina: 52 cm<\/p>\n","protected":false},"excerpt":{"rendered":"<p>Trpezarijska stolica Cloe ima elegantan izgled i dobro se uklapa u moderan enterijer. Ima sjedala koja osiguravaju nevjerovatnu udobnost. Mo\u017eete birati izme\u0111u raznih vrsta tkanina. &nbsp; Za model Cloe u ponudi imamo slede\u0107e nogare: Chassis 1A Auto Return 360\u00b0 Chassis 1A Fix Chassis 4 A Auto Return 360\u00b0 Chassis 4 A Fix Chassis 5 Auto [&#8230;]\n","protected":false},"featured_media":6901,"template":"","meta":{"ngg_post_thumbnail":0},"product_cat":[451],"product_tag":[],"class_list":["post-6680","product","type-product","status-publish","has-post-thumbnail","hentry","product_cat-stolice"],"composite_virtual":false,"composite_layout":"","composite_add_to_cart_form_location":"","composite_editable_in_cart":false,"composite_sold_individually_context":"","composite_shop_price_calc":"","composite_components":[],"composite_scenarios":[],"yoast_head":"<!-- This site is optimized with the Yoast SEO plugin v20.9 - https:\/\/yoast.com\/wordpress\/plugins\/seo\/ -->\n<title>Trpezarijska stolica Cloe (sa naslonom za ruke) - Fentissimo Living<\/title>\n<meta name=\"robots\" content=\"index, follow, max-snippet:-1, max-image-preview:large, max-video-preview:-1\" \/>\n<link rel=\"canonical\" href=\"https:\/\/fentissimoliving.ba\/proizvod\/trpezarijska-stolica-cloe-sa-naslonom-za-ruke\/\" \/>\n<meta property=\"og:locale\" content=\"en_US\" \/>\n<meta property=\"og:type\" content=\"article\" \/>\n<meta property=\"og:title\" content=\"Trpezarijska stolica Cloe (sa naslonom za ruke) - Fentissimo Living\" \/>\n<meta property=\"og:description\" content=\"Trpezarijska stolica Cloe ima elegantan izgled i dobro se uklapa u moderan enterijer. Ima sjedala koja osiguravaju nevjerovatnu udobnost. Mo\u017eete birati izme\u0111u raznih vrsta tkanina. &nbsp; Za model Cloe u ponudi imamo slede\u0107e nogare: Chassis 1A Auto Return 360\u00b0 Chassis 1A Fix Chassis 4 A Auto Return 360\u00b0 Chassis 4 A Fix Chassis 5 Auto [...]\" \/>\n<meta property=\"og:url\" content=\"https:\/\/fentissimoliving.ba\/proizvod\/trpezarijska-stolica-cloe-sa-naslonom-za-ruke\/\" \/>\n<meta property=\"og:site_name\" content=\"Fentissimo Living\" \/>\n<meta property=\"article:modified_time\" content=\"2025-06-10T11:28:39+00:00\" \/>\n<meta property=\"og:image\" content=\"https:\/\/fentissimoliving.ba\/wp-content\/uploads\/2025\/01\/Dazio-01-scaled.jpg\" \/>\n\t<meta property=\"og:image:width\" content=\"2360\" \/>\n\t<meta property=\"og:image:height\" content=\"2560\" \/>\n\t<meta property=\"og:image:type\" content=\"image\/jpeg\" \/>\n<meta name=\"twitter:card\" content=\"summary_large_image\" \/>\n<meta name=\"twitter:label1\" content=\"Est. reading time\" \/>\n\t<meta name=\"twitter:data1\" content=\"1 minute\" \/>\n<script type=\"application\/ld+json\" class=\"yoast-schema-graph\">{\"@context\":\"https:\/\/schema.org\",\"@graph\":[{\"@type\":\"WebPage\",\"@id\":\"https:\/\/fentissimoliving.ba\/proizvod\/trpezarijska-stolica-cloe-sa-naslonom-za-ruke\/\",\"url\":\"https:\/\/fentissimoliving.ba\/proizvod\/trpezarijska-stolica-cloe-sa-naslonom-za-ruke\/\",\"name\":\"Trpezarijska stolica Cloe (sa naslonom za ruke) - Fentissimo Living\",\"isPartOf\":{\"@id\":\"https:\/\/fentissimoliving.ba\/#website\"},\"datePublished\":\"2025-01-09T08:03:25+00:00\",\"dateModified\":\"2025-06-10T11:28:39+00:00\",\"breadcrumb\":{\"@id\":\"https:\/\/fentissimoliving.ba\/proizvod\/trpezarijska-stolica-cloe-sa-naslonom-za-ruke\/#breadcrumb\"},\"inLanguage\":\"en-US\",\"potentialAction\":[{\"@type\":\"ReadAction\",\"target\":[\"https:\/\/fentissimoliving.ba\/proizvod\/trpezarijska-stolica-cloe-sa-naslonom-za-ruke\/\"]}]},{\"@type\":\"BreadcrumbList\",\"@id\":\"https:\/\/fentissimoliving.ba\/proizvod\/trpezarijska-stolica-cloe-sa-naslonom-za-ruke\/#breadcrumb\",\"itemListElement\":[{\"@type\":\"ListItem\",\"position\":1,\"name\":\"Home\",\"item\":\"https:\/\/fentissimoliving.ba\/\"},{\"@type\":\"ListItem\",\"position\":2,\"name\":\"Proizvodi\",\"item\":\"https:\/\/fentissimoliving.ba\/shop\/\"},{\"@type\":\"ListItem\",\"position\":3,\"name\":\"Trpezarijska stolica Cloe (sa naslonom za ruke)\"}]},{\"@type\":\"WebSite\",\"@id\":\"https:\/\/fentissimoliving.ba\/#website\",\"url\":\"https:\/\/fentissimoliving.ba\/\",\"name\":\"Fentissimo Living\",\"description\":\"Online trgovina\",\"potentialAction\":[{\"@type\":\"SearchAction\",\"target\":{\"@type\":\"EntryPoint\",\"urlTemplate\":\"https:\/\/fentissimoliving.ba\/?s={search_term_string}\"},\"query-input\":\"required name=search_term_string\"}],\"inLanguage\":\"en-US\"}]}<\/script>\n<!-- \/ Yoast SEO plugin. -->","yoast_head_json":{"title":"Trpezarijska stolica Cloe (sa naslonom za ruke) - Fentissimo Living","robots":{"index":"index","follow":"follow","max-snippet":"max-snippet:-1","max-image-preview":"max-image-preview:large","max-video-preview":"max-video-preview:-1"},"canonical":"https:\/\/fentissimoliving.ba\/proizvod\/trpezarijska-stolica-cloe-sa-naslonom-za-ruke\/","og_locale":"en_US","og_type":"article","og_title":"Trpezarijska stolica Cloe (sa naslonom za ruke) - Fentissimo Living","og_description":"Trpezarijska stolica Cloe ima elegantan izgled i dobro se uklapa u moderan enterijer. Ima sjedala koja osiguravaju nevjerovatnu udobnost. Mo\u017eete birati izme\u0111u raznih vrsta tkanina. &nbsp; Za model Cloe u ponudi imamo slede\u0107e nogare: Chassis 1A Auto Return 360\u00b0 Chassis 1A Fix Chassis 4 A Auto Return 360\u00b0 Chassis 4 A Fix Chassis 5 Auto [...]","og_url":"https:\/\/fentissimoliving.ba\/proizvod\/trpezarijska-stolica-cloe-sa-naslonom-za-ruke\/","og_site_name":"Fentissimo Living","article_modified_time":"2025-06-10T11:28:39+00:00","og_image":[{"width":2360,"height":2560,"url":"https:\/\/fentissimoliving.ba\/wp-content\/uploads\/2025\/01\/Dazio-01-scaled.jpg","type":"image\/jpeg"}],"twitter_card":"summary_large_image","twitter_misc":{"Est. reading time":"1 minute"},"schema":{"@context":"https:\/\/schema.org","@graph":[{"@type":"WebPage","@id":"https:\/\/fentissimoliving.ba\/proizvod\/trpezarijska-stolica-cloe-sa-naslonom-za-ruke\/","url":"https:\/\/fentissimoliving.ba\/proizvod\/trpezarijska-stolica-cloe-sa-naslonom-za-ruke\/","name":"Trpezarijska stolica Cloe (sa naslonom za ruke) - Fentissimo Living","isPartOf":{"@id":"https:\/\/fentissimoliving.ba\/#website"},"datePublished":"2025-01-09T08:03:25+00:00","dateModified":"2025-06-10T11:28:39+00:00","breadcrumb":{"@id":"https:\/\/fentissimoliving.ba\/proizvod\/trpezarijska-stolica-cloe-sa-naslonom-za-ruke\/#breadcrumb"},"inLanguage":"en-US","potentialAction":[{"@type":"ReadAction","target":["https:\/\/fentissimoliving.ba\/proizvod\/trpezarijska-stolica-cloe-sa-naslonom-za-ruke\/"]}]},{"@type":"BreadcrumbList","@id":"https:\/\/fentissimoliving.ba\/proizvod\/trpezarijska-stolica-cloe-sa-naslonom-za-ruke\/#breadcrumb","itemListElement":[{"@type":"ListItem","position":1,"name":"Home","item":"https:\/\/fentissimoliving.ba\/"},{"@type":"ListItem","position":2,"name":"Proizvodi","item":"https:\/\/fentissimoliving.ba\/shop\/"},{"@type":"ListItem","position":3,"name":"Trpezarijska stolica Cloe (sa naslonom za ruke)"}]},{"@type":"WebSite","@id":"https:\/\/fentissimoliving.ba\/#website","url":"https:\/\/fentissimoliving.ba\/","name":"Fentissimo Living","description":"Online trgovina","potentialAction":[{"@type":"SearchAction","target":{"@type":"EntryPoint","urlTemplate":"https:\/\/fentissimoliving.ba\/?s={search_term_string}"},"query-input":"required name=search_term_string"}],"inLanguage":"en-US"}]}},"_links":{"self":[{"href":"https:\/\/fentissimoliving.ba\/en\/wp-json\/wp\/v2\/product\/6680","targetHints":{"allow":["GET"]}}],"collection":[{"href":"https:\/\/fentissimoliving.ba\/en\/wp-json\/wp\/v2\/product"}],"about":[{"href":"https:\/\/fentissimoliving.ba\/en\/wp-json\/wp\/v2\/types\/product"}],"wp:featuredmedia":[{"embeddable":true,"href":"https:\/\/fentissimoliving.ba\/en\/wp-json\/wp\/v2\/media\/6901"}],"wp:attachment":[{"href":"https:\/\/fentissimoliving.ba\/en\/wp-json\/wp\/v2\/media?parent=6680"}],"wp:term":[{"taxonomy":"product_cat","embeddable":true,"href":"https:\/\/fentissimoliving.ba\/en\/wp-json\/wp\/v2\/product_cat?post=6680"},{"taxonomy":"product_tag","embeddable":true,"href":"https:\/\/fentissimoliving.ba\/en\/wp-json\/wp\/v2\/product_tag?post=6680"}],"curies":[{"name":"wp","href":"https:\/\/api.w.org\/{rel}","templated":true}]}}